{"id":1053,"date":"2024-07-17T09:36:03","date_gmt":"2024-07-17T07:36:03","guid":{"rendered":"https:\/\/www.palmex.fr\/tejados-exoticos\/"},"modified":"2025-01-29T14:07:08","modified_gmt":"2025-01-29T13:07:08","slug":"tejados-exoticos","status":"publish","type":"page","link":"https:\/\/www.palmex.fr\/es\/tejados-exoticos\/","title":{"rendered":"Productos"},"content":{"rendered":"<div class=\"fc-cover sec-00 is-fixed align-full\" style=\"\" data-bgimage=\"https:\/\/www.palmex.fr\/wp-content\/uploads\/2024\/07\/IMG_0017-1024x683.webp\" data-bgimagexs=\"https:\/\/www.palmex.fr\/wp-content\/uploads\/2024\/07\/IMG_0017-768x512.webp\"><span style=\"filter: opacity(50%);background-color:var(--vert-fonce);\"><\/span><div class=\"fc-cover__inner\" style=\"\"><h1 style=\"text-align: center;\">Techos ex\u00f3ticos fabricados con l\u00e1minas sint\u00e9ticas <span class=\"fc-span\">de alta gama<\/span><br\/><\/h1><\/div><\/div><div class=\"colonnes sec-05\" style=\"align-items:center;\"><div class=\"colonnes__item parallax-up\" style=\"align-self:center;\"><figure class=\"\" style=\"position:relative;\"><picture><source srcset=\"https:\/\/www.palmex.fr\/wp-content\/uploads\/2024\/07\/IMG_0025-210x210.webp\" media=\"(max-width: 210px)\"><source srcset=\"https:\/\/www.palmex.fr\/wp-content\/uploads\/2024\/07\/IMG_0025-420x420.webp\" media=\"(max-width: 421px)\"><source srcset=\"https:\/\/www.palmex.fr\/wp-content\/uploads\/2024\/07\/IMG_0025-768x768.webp\" media=\"(max-width: 1025px)\"><source srcset=\"https:\/\/www.palmex.fr\/wp-content\/uploads\/2024\/07\/IMG_0025-1024x1024.webp\" media=\"(max-width: 1537px)\"><source srcset=\"https:\/\/www.palmex.fr\/wp-content\/uploads\/2024\/07\/IMG_0025.webp\" media=\"(max-width: 1921px)\"><img decoding=\"async\" width=\"420\" height=\"210\" src=\"https:\/\/www.palmex.fr\/wp-content\/uploads\/2024\/07\/IMG_0025-210x210.webp\" alt=\"Palmex \" loading=\"lazy\" title=\"\"><\/picture><figcaption>Desde 1998&#8230;<\/figcaption><\/figure><\/div><div class=\"colonnes__item parallax-down hide-mob\" style=\"align-self:center;\"><figure class=\"\"><picture><source srcset=\"https:\/\/www.palmex.fr\/wp-content\/uploads\/2024\/07\/IMG_0017-210x210.webp\" media=\"(max-width: 210px)\"><source srcset=\"https:\/\/www.palmex.fr\/wp-content\/uploads\/2024\/07\/IMG_0017-420x280.webp\" media=\"(max-width: 421px)\"><source srcset=\"https:\/\/www.palmex.fr\/wp-content\/uploads\/2024\/07\/IMG_0017-768x512.webp\" media=\"(max-width: 1025px)\"><source srcset=\"https:\/\/www.palmex.fr\/wp-content\/uploads\/2024\/07\/IMG_0017-1024x683.webp\" media=\"(max-width: 1537px)\"><source srcset=\"https:\/\/www.palmex.fr\/wp-content\/uploads\/2024\/07\/IMG_0017.webp\" media=\"(max-width: 1921px)\"><img decoding=\"async\" width=\"420\" height=\"210\" src=\"https:\/\/www.palmex.fr\/wp-content\/uploads\/2024\/07\/IMG_0017-210x210.webp\" alt=\"Palmex \" loading=\"lazy\" title=\"\"><\/picture><\/figure><\/div><div class=\"colonnes__item texte\" style=\"align-self:center;\"><p class=\"h3\" style=\"\"  >Palmex est\u00e1 especializada en la fabricaci\u00f3n de <strong>hojas de palma<\/strong> <strong>sint\u00e9ticas<\/strong> utilizadas en la construcci\u00f3n de <strong>tejados ex\u00f3ticos<\/strong>.<\/p><\/div><\/div><div class=\"fc-group sec-30\"><p  style=\"text-align: center;\"  >Al elegir nuestros materiales, est\u00e1s optando por productos <strong>duraderos<\/strong>, <strong>resistentes<\/strong> y <strong>100% reciclables<\/strong>.<\/p><h2 style=\"text-align: center;\">Respetamos el medio ambiente: <span class=\"fc-span\">hojas 100% reciclables<\/span><\/h2><p  style=\"text-align: center;\"  ><strong>Los productos Palmex<\/strong> est\u00e1n dise\u00f1ados para ofrecer una <strong>soluci\u00f3n permanente<\/strong> al problema de la recolecci\u00f3n masiva y creciente de recursos naturales utilizados para cubrir tejados ex\u00f3ticos. Ayudan a minimizar el impacto global de nuestro desarrollo econ\u00f3mico e inmobiliario sobre los recursos naturales y sostenibles de nuestro entorno vital.<\/p><p  style=\"text-align: center;\"  >Nuestros productos no contienen sustancias t\u00f3xicas, se fabrican conforme a las normas ISO 9001-2015 y se elaboran en parte con <strong>materiales reciclados<\/strong>.<\/p><p  style=\"text-align: center;\" id=\"270\" >Palmex se enorgullece de ofrecer una gama de <a href=\"https:\/\/www.palmex.fr\/es\/compromisos\/\" data-type=\"page\" data-id=\"270\">productos ecorresponsables<\/a> que satisfacen las necesidades del presente sin comprometer la capacidad de las generaciones futuras para satisfacer sus propias necesidades.<\/p><div class=\"fc-lireplus fc-desk\"style=\"\"><p  style=\"text-align: center;\"  >Leer m\u00e1s  <span class=\"fc-icon\"><svg xmlns=\"http:\/\/www.w3.org\/2000\/svg\"  viewBox=\"0 0 512 512\" width=\"16px\" height=\"16px\"><!--! Font Awesome Pro 6.4.2 by @fontawesome - https:\/\/fontawesome.com License - https:\/\/fontawesome.com\/license (Commercial License) Copyright 2023 Fonticons, Inc.--><path d=\"M233.4 406.6c12.5 12.5 32.8 12.5 45.3 0l192-192c12.5-12.5 12.5-32.8 0-45.3s-32.8-12.5-45.3 0L256 338.7 86.6 169.4c-12.5-12.5-32.8-12.5-45.3 0s-12.5 32.8 0 45.3l192 192z\"\/><\/svg><\/span><\/p><div class=\"fc-group\"><h2 style=\"text-align: center;\">Calidad excepcional <span class=\"fc-span\">para un producto duradero y resistente.<\/span><\/h2><p  style=\"text-align: center;\"  >Nuestros materiales de calidad industrial son lo suficientemente <strong>resistentes<\/strong> como para soportar todo tipo de climas. La <strong>durabilidad<\/strong> de los productos Palmex est\u00e1 <strong>garantizada durante 20 a\u00f1os<\/strong>, con una <strong>vida \u00fatil estimada de 50 a\u00f1os o m\u00e1s<\/strong>.<\/p><p  style=\"text-align: center;\"  >Durante la producci\u00f3n, nuestras hojas de palma sint\u00e9tica se someten a un <strong>tratamiento especial anti-UV<\/strong> que ahorra valiosa energ\u00eda en aire acondicionado y ventilaci\u00f3n.<\/p><p  style=\"text-align: center;\"  >Desde nuestra creaci\u00f3n, m\u00e1s de 42 pa\u00edses de todo el mundo han optado por tejados ex\u00f3ticos fabricados con hojas de palma sint\u00e9ticas. Al ofrecerte el mismo atractivo est\u00e9tico que las hojas de palma naturales, estos materiales te proporcionan una valiosa tranquilidad en lo que respecta al mantenimiento a largo plazo.<\/p><p  style=\"text-align: center;\" id=\"1473\" >Estas hojas de palmera sint\u00e9tica, <a href=\"https:\/\/www.palmex.fr\/es\/tejados-exoticos\/hojas-rio-con-rail\/\" data-type=\"page\" data-id=\"1473\">Rioha<\/a> o <a href=\"https:\/\/www.palmex.fr\/es\/tejados-exoticos\/hojas-sinteticos-rio\/\" data-type=\"page\" data-id=\"257\">Rio<\/a>, son muy <strong>f\u00e1ciles de instalar<\/strong>. Con una inclinaci\u00f3n m\u00ednima de 30\u00b0, proporcionan un <strong>sellado perfecto<\/strong>. Se pueden encargar versiones ign\u00edfugas de ambos tipos de planchas.<\/p><p  style=\"text-align: center;\"  >Las <strong>planchas Rio<\/strong> est\u00e1n dise\u00f1adas para fijarse <strong>directamente a una cubierta existente<\/strong>, como paneles de madera, tejas o chapas met\u00e1licas, mientras que las planchas Rioha se fijan a la <strong>estructura mediante<\/strong> un sistema de ra\u00edles patentado. Ofrecen un bajo techo visible, con una est\u00e9tica tradicional muy apreciada en muchos pa\u00edses.<\/p><\/div><\/div><\/div><div class=\"fc-group sec-20\"><h2 style=\"text-align: center;\">Descubre nuestras diferentes gamas:<\/h2><div class=\"colonnes cards\"><div class=\"colonnes__item\"><figure class=\"\"><picture><source srcset=\"https:\/\/www.palmex.fr\/wp-content\/uploads\/2024\/08\/tahiti-palm-210x210.jpg\" media=\"(max-width: 210px)\"><source srcset=\"https:\/\/www.palmex.fr\/wp-content\/uploads\/2024\/08\/tahiti-palm-252x420.jpg\" media=\"(max-width: 421px)\"><source srcset=\"https:\/\/www.palmex.fr\/wp-content\/uploads\/2024\/08\/tahiti-palm.jpg\" media=\"(max-width: 1025px)\"><source srcset=\"https:\/\/www.palmex.fr\/wp-content\/uploads\/2024\/08\/tahiti-palm.jpg\" media=\"(max-width: 1537px)\"><source srcset=\"https:\/\/www.palmex.fr\/wp-content\/uploads\/2024\/08\/tahiti-palm.jpg\" media=\"(max-width: 1921px)\"><img decoding=\"async\" width=\"420\" height=\"210\" src=\"https:\/\/www.palmex.fr\/wp-content\/uploads\/2024\/08\/tahiti-palm-210x210.jpg\" alt=\"Palmex \" loading=\"lazy\" title=\"\"><\/picture><\/figure><p class=\"h3\" style=\"\"  >Hojas de palmera de Tahit\u00ed y coco<\/p><p  style=\"\"  >Dise\u00f1ado para fijarse a paneles de madera o a cualquier otro revestimiento acabado. 50 a\u00f1os de vida \u00fatil \/ 20 a\u00f1os de garant\u00eda.<\/p><div class=\"fc-boutons display-flex \" style=\"justify-content:center;\"><a href=\"https:\/\/www.palmex.fr\/es\/tejados-exoticos\/medias-hojas-de-palma-decoracion-sintetica-palma-de-coco\/\" rel=\"noreferrer noopener\" rel=\"noreferrer noopener\" class=\"fc-boutons__btn\">Ver m\u00e1s<\/a><\/div><\/div><div class=\"colonnes__item\"><figure class=\"\"><picture><source srcset=\"https:\/\/www.palmex.fr\/wp-content\/uploads\/2024\/07\/IMG_0009-210x210.webp\" media=\"(max-width: 210px)\"><source srcset=\"https:\/\/www.palmex.fr\/wp-content\/uploads\/2024\/07\/IMG_0009-420x420.webp\" media=\"(max-width: 421px)\"><source srcset=\"https:\/\/www.palmex.fr\/wp-content\/uploads\/2024\/07\/IMG_0009.webp\" media=\"(max-width: 1025px)\"><source srcset=\"https:\/\/www.palmex.fr\/wp-content\/uploads\/2024\/07\/IMG_0009.webp\" media=\"(max-width: 1537px)\"><source srcset=\"https:\/\/www.palmex.fr\/wp-content\/uploads\/2024\/07\/IMG_0009.webp\" media=\"(max-width: 1921px)\"><img decoding=\"async\" width=\"420\" height=\"210\" src=\"https:\/\/www.palmex.fr\/wp-content\/uploads\/2024\/07\/IMG_0009-210x210.webp\" alt=\"Palmex \" loading=\"lazy\" title=\"\"><\/picture><\/figure><p class=\"h3\" style=\"\"  >Hojas R\u00edo, Coco y Verde<\/p><p  style=\"\"  >Dise\u00f1ado para fijarse a paneles de madera o a cualquier otro revestimiento acabado. 50 a\u00f1os de vida \u00fatil \/ 20 a\u00f1os de garant\u00eda.<\/p><div class=\"fc-boutons display-flex \" style=\"justify-content:center;\"><a href=\"https:\/\/www.palmex.fr\/es\/tejados-exoticos\/hojas-sinteticos-rio\/\" rel=\"noreferrer noopener\" rel=\"noreferrer noopener\" class=\"fc-boutons__btn\">Ver m\u00e1s<\/a><\/div><\/div><div class=\"colonnes__item\"><figure class=\"\"><picture><source srcset=\"https:\/\/www.palmex.fr\/wp-content\/uploads\/2024\/08\/ae5c6c00-1-210x210.jpg\" media=\"(max-width: 210px)\"><source srcset=\"https:\/\/www.palmex.fr\/wp-content\/uploads\/2024\/08\/ae5c6c00-1-315x420.jpg\" media=\"(max-width: 421px)\"><source srcset=\"https:\/\/www.palmex.fr\/wp-content\/uploads\/2024\/08\/ae5c6c00-1.jpg\" media=\"(max-width: 1025px)\"><source srcset=\"https:\/\/www.palmex.fr\/wp-content\/uploads\/2024\/08\/ae5c6c00-1.jpg\" media=\"(max-width: 1537px)\"><source srcset=\"https:\/\/www.palmex.fr\/wp-content\/uploads\/2024\/08\/ae5c6c00-1.jpg\" media=\"(max-width: 1921px)\"><img decoding=\"async\" width=\"420\" height=\"210\" src=\"https:\/\/www.palmex.fr\/wp-content\/uploads\/2024\/08\/ae5c6c00-1-210x210.jpg\" alt=\"Palmex \" loading=\"lazy\" title=\"\"><\/picture><\/figure><p class=\"h3\" style=\"\"  >Rioha, Coco &amp; Verde hojas (con carril)<\/p><p  style=\"\"  >Dise\u00f1ado para fijarse a paneles de madera o a cualquier otro revestimiento acabado. 50 a\u00f1os de vida \u00fatil \/ 20 a\u00f1os de garant\u00eda.<\/p><div class=\"fc-boutons display-flex \" style=\"justify-content:center;\"><a href=\"https:\/\/www.palmex.fr\/es\/tejados-exoticos\/hojas-rio-con-rail\/\" rel=\"noreferrer noopener\" rel=\"noreferrer noopener\" class=\"fc-boutons__btn\">Ver m\u00e1s<\/a><\/div><\/div><div class=\"colonnes__item\"><figure class=\"\"><picture><source srcset=\"https:\/\/www.palmex.fr\/wp-content\/uploads\/2024\/08\/toiture-exotique-synthetique-africa-kontiki-10-210x210.jpg\" media=\"(max-width: 210px)\"><source srcset=\"https:\/\/www.palmex.fr\/wp-content\/uploads\/2024\/08\/toiture-exotique-synthetique-africa-kontiki-10-420x252.jpg\" media=\"(max-width: 421px)\"><source srcset=\"https:\/\/www.palmex.fr\/wp-content\/uploads\/2024\/08\/toiture-exotique-synthetique-africa-kontiki-10.jpg\" media=\"(max-width: 1025px)\"><source srcset=\"https:\/\/www.palmex.fr\/wp-content\/uploads\/2024\/08\/toiture-exotique-synthetique-africa-kontiki-10.jpg\" media=\"(max-width: 1537px)\"><source srcset=\"https:\/\/www.palmex.fr\/wp-content\/uploads\/2024\/08\/toiture-exotique-synthetique-africa-kontiki-10.jpg\" media=\"(max-width: 1921px)\"><img decoding=\"async\" width=\"420\" height=\"210\" src=\"https:\/\/www.palmex.fr\/wp-content\/uploads\/2024\/08\/toiture-exotique-synthetique-africa-kontiki-10-210x210.jpg\" alt=\"Palmex \" loading=\"lazy\" title=\"\"><\/picture><\/figure><p class=\"h3\" style=\"\"  >\u00c1frica se va<\/p><p  style=\"\"  >Dise\u00f1ado para fijarse a paneles de madera o a cualquier otro revestimiento acabado. 50 a\u00f1os de vida \u00fatil \/ 20 a\u00f1os de garant\u00eda.<\/p><div class=\"fc-boutons display-flex \" style=\"justify-content:center;\"><a href=\"https:\/\/www.palmex.fr\/es\/tejados-exoticos\/hojas-de-palma-sinteticos-africa\/\" rel=\"noreferrer noopener\" rel=\"noreferrer noopener\" class=\"fc-boutons__btn\">Ver m\u00e1s<\/a><\/div><\/div><div class=\"colonnes__item\"><figure class=\"\"><picture><source srcset=\"https:\/\/www.palmex.fr\/wp-content\/uploads\/2024\/07\/20240624_153221-210x210.webp\" media=\"(max-width: 210px)\"><source srcset=\"https:\/\/www.palmex.fr\/wp-content\/uploads\/2024\/07\/20240624_153221-420x420.webp\" media=\"(max-width: 421px)\"><source srcset=\"https:\/\/www.palmex.fr\/wp-content\/uploads\/2024\/07\/20240624_153221-768x766.webp\" media=\"(max-width: 1025px)\"><source srcset=\"https:\/\/www.palmex.fr\/wp-content\/uploads\/2024\/07\/20240624_153221-1024x1021.webp\" media=\"(max-width: 1537px)\"><source srcset=\"https:\/\/www.palmex.fr\/wp-content\/uploads\/2024\/07\/20240624_153221.webp\" media=\"(max-width: 1921px)\"><img decoding=\"async\" width=\"420\" height=\"210\" src=\"https:\/\/www.palmex.fr\/wp-content\/uploads\/2024\/07\/20240624_153221-210x210.webp\" alt=\"Palmex \" loading=\"lazy\" title=\"\"><\/picture><\/figure><p class=\"h3\" style=\"\"  >Sombrillas ex\u00f3ticas<\/p><p  style=\"\"  >Dise\u00f1ado para fijarse a paneles de madera o a cualquier otro revestimiento acabado. 50 a\u00f1os de vida \u00fatil \/ 10 a\u00f1os de garant\u00eda.<\/p><div class=\"fc-boutons display-flex \" style=\"justify-content:center;\"><a href=\"https:\/\/www.palmex.fr\/es\/tejados-exoticos\/parasol-exotico-en-hojas-de-palma\/\" rel=\"noreferrer noopener\" rel=\"noreferrer noopener\" class=\"fc-boutons__btn\">Ver m\u00e1s<\/a><\/div><\/div><div class=\"colonnes__item\"><figure class=\"\"><picture><source srcset=\"https:\/\/www.palmex.fr\/wp-content\/uploads\/2025\/01\/IMG_0087-210x210.jpeg\" media=\"(max-width: 210px)\"><source srcset=\"https:\/\/www.palmex.fr\/wp-content\/uploads\/2025\/01\/IMG_0087-410x420.jpeg\" media=\"(max-width: 421px)\"><source srcset=\"https:\/\/www.palmex.fr\/wp-content\/uploads\/2025\/01\/IMG_0087-768x787.jpeg\" media=\"(max-width: 1025px)\"><source srcset=\"https:\/\/www.palmex.fr\/wp-content\/uploads\/2025\/01\/IMG_0087-999x1024.jpeg\" media=\"(max-width: 1537px)\"><source srcset=\"https:\/\/www.palmex.fr\/wp-content\/uploads\/2025\/01\/IMG_0087.jpeg\" media=\"(max-width: 1921px)\"><img decoding=\"async\" width=\"420\" height=\"210\" src=\"https:\/\/www.palmex.fr\/wp-content\/uploads\/2025\/01\/IMG_0087-210x210.jpeg\" alt=\"Palmex Screenshot\" loading=\"lazy\" title=\"\"><\/picture><\/figure><p class=\"h3\" style=\"\"  >Bambou<\/p><div class=\"fc-boutons display-flex \" style=\"justify-content:center;\"><a href=\"https:\/\/www.palmex.fr\/es\/tejados-exoticos\/le-bambou\/\" rel=\"noreferrer noopener\" rel=\"noreferrer noopener\" class=\"fc-boutons__btn\">Ver m\u00e1s<\/a><\/div><\/div><div class=\"colonnes__item\"><figure class=\"\"><picture><source srcset=\"https:\/\/www.palmex.fr\/wp-content\/uploads\/2025\/01\/asian_reed_01-210x210.jpg\" media=\"(max-width: 210px)\"><source srcset=\"https:\/\/www.palmex.fr\/wp-content\/uploads\/2025\/01\/asian_reed_01-420x277.jpg\" media=\"(max-width: 421px)\"><source srcset=\"https:\/\/www.palmex.fr\/wp-content\/uploads\/2025\/01\/asian_reed_01.jpg\" media=\"(max-width: 1025px)\"><source srcset=\"https:\/\/www.palmex.fr\/wp-content\/uploads\/2025\/01\/asian_reed_01.jpg\" media=\"(max-width: 1537px)\"><source srcset=\"https:\/\/www.palmex.fr\/wp-content\/uploads\/2025\/01\/asian_reed_01.jpg\" media=\"(max-width: 1921px)\"><img decoding=\"async\" width=\"420\" height=\"210\" src=\"https:\/\/www.palmex.fr\/wp-content\/uploads\/2025\/01\/asian_reed_01-210x210.jpg\" alt=\"Palmex \" loading=\"lazy\" title=\"\"><\/picture><\/figure><p class=\"h3\" style=\"\"  >Asian Reed<\/p><div class=\"fc-boutons display-flex \" style=\"justify-content:center;\"><a href=\"https:\/\/www.palmex.fr\/es\/tejados-exoticos\/asian-reed\/\" rel=\"noreferrer noopener\" rel=\"noreferrer noopener\" class=\"fc-boutons__btn\">Ver m\u00e1s<\/a><\/div><\/div><\/div><\/div>","protected":false},"excerpt":{"rendered":"<p>Palmex est\u00e1 especializada en la fabricaci\u00f3n de hojas de palma sint\u00e9ticas utilizadas en la construcci\u00f3n de tejados ex\u00f3ticos. Al elegir nuestros materiales, est\u00e1s optando por productos duraderos, resistentes y 100% reciclables. Respetamos el medio ambiente: hojas 100% reciclables Los productos Palmex est\u00e1n dise\u00f1ados para ofrecer una soluci\u00f3n permanente al problema de la recolecci\u00f3n masiva y [&hellip;]<\/p>\n","protected":false},"author":1,"featured_media":0,"parent":0,"menu_order":0,"comment_status":"closed","ping_status":"closed","template":"","meta":{"_acf_changed":false,"footnotes":""},"acf":[],"_links":{"self":[{"href":"https:\/\/www.palmex.fr\/es\/wp-json\/wp\/v2\/pages\/1053"}],"collection":[{"href":"https:\/\/www.palmex.fr\/es\/wp-json\/wp\/v2\/pages"}],"about":[{"href":"https:\/\/www.palmex.fr\/es\/wp-json\/wp\/v2\/types\/page"}],"author":[{"embeddable":true,"href":"https:\/\/www.palmex.fr\/es\/wp-json\/wp\/v2\/users\/1"}],"replies":[{"embeddable":true,"href":"https:\/\/www.palmex.fr\/es\/wp-json\/wp\/v2\/comments?post=1053"}],"version-history":[{"count":8,"href":"https:\/\/www.palmex.fr\/es\/wp-json\/wp\/v2\/pages\/1053\/revisions"}],"predecessor-version":[{"id":1698,"href":"https:\/\/www.palmex.fr\/es\/wp-json\/wp\/v2\/pages\/1053\/revisions\/1698"}],"wp:attachment":[{"href":"https:\/\/www.palmex.fr\/es\/wp-json\/wp\/v2\/media?parent=1053"}],"curies":[{"name":"wp","href":"https:\/\/api.w.org\/{rel}","templated":true}]}}