{"id":1061,"date":"2024-07-15T14:45:06","date_gmt":"2024-07-15T12:45:06","guid":{"rendered":"https:\/\/www.palmex.fr\/revendedores\/"},"modified":"2024-08-14T12:28:14","modified_gmt":"2024-08-14T10:28:14","slug":"revendedores","status":"publish","type":"page","link":"https:\/\/www.palmex.fr\/es\/revendedores\/","title":{"rendered":"Revendedores"},"content":{"rendered":"<div class=\"fc-cover sec-00 is-fixed align-full\" style=\"min-height:430px;\" data-bgimage=\"https:\/\/www.palmex.fr\/wp-content\/uploads\/2024\/07\/IMG_0014-1024x683.webp\" data-bgimagexs=\"https:\/\/www.palmex.fr\/wp-content\/uploads\/2024\/07\/IMG_0014-768x512.webp\"><span style=\"filter: opacity(50%);background-color:var(--vert-fonce);\"><\/span><div class=\"fc-cover__inner\" style=\"\"><h1 style=\"text-align: center;\">Elige nuestros distribuidores <span class=\"fc-span\">por regi\u00f3n<\/span><\/h1><\/div><\/div>\r\n<section id=\"fc-alentours\" class=\"wp-block-columns\">\r\n\r\n  <div id=\"listing-alentours\" class=\"wp-block-column\">\r\n    \r\n    <div class=\"filtres\">\r\n      <div>\r\n        <input id=\"all\" name=\"filter\" type=\"radio\" class=\"all-input\" checked=\"checked\" \/>\r\n        <label for=\"all\" class=\"all-label\">Todos los lugares<\/label>\r\n      <\/div>\r\n      <div><input id=\"france-es\" name=\"filter\" type=\"radio\" \/><label for=\"france-es\">Francia<\/label><\/div><div><input id=\"international-es\" name=\"filter\" type=\"radio\" \/><label for=\"international-es\">Internacional<\/label><\/div>      <input type='hidden' id='current_page'\/>\r\n      <input type='hidden' id='show_per_page'\/>\r\n    <\/div>\r\n\r\n    <div id=\"listing\">\r\n              <article class=\"lieu-alentour currentCat\" data-cat=\"international-es\" data-slug=\"palmex-es\" data-icone=\"\" data-couleur=\"\" data-latitude=\"43.5768522\" data-longitude=\"6.9549893\">\r\n\r\n            <p class=\"titre-lieu\">Palmex.fr<\/p>\r\n            <div class=\"description-lieu\">\r\n              <p>1630 chemin des combes<br \/>\n06600 Antibes<br \/>\nTel : + 336 34 48 64 94<br \/>\nMail : contact@palmex.fr<br \/>\nSite : www.palmex.fr<\/p>\n            <\/div>\r\n\r\n        <\/article>\r\n              <article class=\"lieu-alentour currentCat\" data-cat=\"international-es\" data-slug=\"palmiye-peyzaj\" data-icone=\"\" data-couleur=\"\" data-latitude=\"36.8825995\" data-longitude=\"30.7085666\">\r\n\r\n            <p class=\"titre-lieu\">Palmiye Peyzaj<\/p>\r\n            <div class=\"description-lieu\">\r\n              <p>Barbaros Mah.<br \/>\nKandiller \u00c7\u0131kmaz\u0131 Sokak No:14\/1 ANTALYA<br \/>\nTel : 0 242 247 35 49<br \/>\nMail : contact@palmex.fr<br \/>\nSite : www.palmiye-peyzaj.com.tr<\/p>\n            <\/div>\r\n\r\n        <\/article>\r\n              <article class=\"lieu-alentour currentCat\" data-cat=\"international-es\" data-slug=\"giostemar\" data-icone=\"\" data-couleur=\"\" data-latitude=\"45.7726183\" data-longitude=\"11.806425\">\r\n\r\n            <p class=\"titre-lieu\">Giostemar<\/p>\r\n            <div class=\"description-lieu\">\r\n              <p>via Giovanni Pascoli,<br \/>\n3b 36065 Mussolente VI Italia<br \/>\nTel : + 39 0424382821<br \/>\nMail : contact@palmex.fr<\/p>\n            <\/div>\r\n\r\n        <\/article>\r\n              <article class=\"lieu-alentour currentCat\" data-cat=\"france-es\" data-slug=\"menuiserie-bourgeois-sas\" data-icone=\"\" data-couleur=\"\" data-latitude=\"48.4888156\" data-longitude=\"3.043905\">\r\n\r\n            <p class=\"titre-lieu\">Menuiserie Bourgeois SAS<\/p>\r\n            <div class=\"description-lieu\">\r\n              <p>Rue de La Grande Maison<br \/>\n77154 Villeneuve les Bordes<br \/>\nTel : 01 64 08 52 34<br \/>\nMail : bourgeois.denis.sa@wanadoo.fr<\/p>\n            <\/div>\r\n\r\n        <\/article>\r\n              <article class=\"lieu-alentour currentCat\" data-cat=\"france-es\" data-slug=\"sylev\" data-icone=\"\" data-couleur=\"\" data-latitude=\"48.6388394\" data-longitude=\"2.2056489\">\r\n\r\n            <p class=\"titre-lieu\">Sylev<\/p>\r\n            <div class=\"description-lieu\">\r\n              <p>ZI du fond des Pr\u00e9s BP 5<br \/>\n91460 Marcoussis<br \/>\nTel : 06.69.01.34.14<br \/>\nMail : sylev@sylev.fr<\/p>\n            <\/div>\r\n\r\n        <\/article>\r\n              <article class=\"lieu-alentour currentCat\" data-cat=\"france-es\" data-slug=\"direct-materiaux\" data-icone=\"\" data-couleur=\"\" data-latitude=\"41.9435509\" data-longitude=\"8.7542766\">\r\n\r\n            <p class=\"titre-lieu\">Direct mat\u00e9riaux<\/p>\r\n            <div class=\"description-lieu\">\r\n              <p>Boulevard Louis Campi<br \/>\n20090 Ajaccio<br \/>\nTel : 04 95 20 20 21<br \/>\nMail : directmateriauxjfp@orange.fr<\/p>\n            <\/div>\r\n\r\n        <\/article>\r\n              <article class=\"lieu-alentour currentCat\" data-cat=\"france-es\" data-slug=\"hydile\" data-icone=\"\" data-couleur=\"\" data-latitude=\"45.0185239\" data-longitude=\"5.0327192\">\r\n\r\n            <p class=\"titre-lieu\">Hyd\u2019\u00eele<\/p>\r\n            <div class=\"description-lieu\">\r\n              <p>85 All\u00e9e du Verdon<br \/>\n26300 Bourg de P\u00e9age<br \/>\nTel: 04 12 04 11 44<br \/>\nMail: dh@hydile.com<br \/>\nP\u00e1gina web: www.hydile.com<\/p>\n            <\/div>\r\n\r\n        <\/article>\r\n              <article class=\"lieu-alentour currentCat\" data-cat=\"france-es\" data-slug=\"db-compromisos-2\" data-icone=\"\" data-couleur=\"\" data-latitude=\"45.382924\" data-longitude=\"5.735388\">\r\n\r\n            <p class=\"titre-lieu\">D&#038;B Am\u00e9nagements<\/p>\r\n            <div class=\"description-lieu\">\r\n              <p>303 Route de Fourvoirie<br \/>\n38380 St Laurent Du Pont<br \/>\nTel : 06 76 12 05 49<br \/>\nMail : contact@dbamenagements.com<\/p>\n            <\/div>\r\n\r\n        <\/article>\r\n              <article class=\"lieu-alentour currentCat\" data-cat=\"france-es\" data-slug=\"eco-duck-menuiseries\" data-icone=\"\" data-couleur=\"\" data-latitude=\"43.594556\" data-longitude=\"1.284851\">\r\n\r\n            <p class=\"titre-lieu\">Eco Duck Menuiseries<\/p>\r\n            <div class=\"description-lieu\">\r\n              <p>16 Rue Isaac Newton<br \/>\n31830 Plaisance du Touch<br \/>\nTel : 05 62 20 62 85<br \/>\nMail : contact@duck-isolation.com<\/p>\n            <\/div>\r\n\r\n        <\/article>\r\n              <article class=\"lieu-alentour currentCat\" data-cat=\"france-es\" data-slug=\"solubois-concept\" data-icone=\"\" data-couleur=\"\" data-latitude=\"43.3127529\" data-longitude=\"3.3398687\">\r\n\r\n            <p class=\"titre-lieu\">Solubois Concept<\/p>\r\n            <div class=\"description-lieu\">\r\n              <p>ZI Le Puech<br \/>\n34420 Portiragnes<br \/>\nTel : 04 67 21 47 40<br \/>\nMail : info@solubois-concept.fr<\/p>\n            <\/div>\r\n\r\n        <\/article>\r\n              <article class=\"lieu-alentour currentCat\" data-cat=\"france-es\" data-slug=\"sud-loisirs-services\" data-icone=\"\" data-couleur=\"\" data-latitude=\"42.556089\" data-longitude=\"3.011072\">\r\n\r\n            <p class=\"titre-lieu\">Sud Loisirs Services<\/p>\r\n            <div class=\"description-lieu\">\r\n              <p>28 chemin de Palau<br \/>\n66700 Argel\u00e8s sur mer<br \/>\nTel : 04 68 81 42 00<br \/>\nMail : sudloisirsservices@wanadoo.fr<\/p>\n            <\/div>\r\n\r\n        <\/article>\r\n              <article class=\"lieu-alentour currentCat\" data-cat=\"france-es\" data-slug=\"biscabois\" data-icone=\"\" data-couleur=\"\" data-latitude=\"44.4312785\" data-longitude=\"-1.1347685\">\r\n\r\n            <p class=\"titre-lieu\">Biscabois<\/p>\r\n            <div class=\"description-lieu\">\r\n              <p>3337, Route de Bordeaux<br \/>\n40600 Biscarrosse<br \/>\nTel : 05 58 82 80 91<br \/>\nMail : chloe@biscabois.fr<\/p>\n            <\/div>\r\n\r\n        <\/article>\r\n              <article class=\"lieu-alentour currentCat\" data-cat=\"france-es\" data-slug=\"idea-bois\" data-icone=\"\" data-couleur=\"\" data-latitude=\"43.6258527\" data-longitude=\"-1.3616603\">\r\n\r\n            <p class=\"titre-lieu\">Id\u00e9a Bois<\/p>\r\n            <div class=\"description-lieu\">\r\n              <p>213 Chemin de Sablaret<br \/>\n40230 Benesse Maremne<br \/>\nTel : 05 58 42 86 00<br \/>\nMail : contact@idea-bois.com<\/p>\n            <\/div>\r\n\r\n        <\/article>\r\n              <article class=\"lieu-alentour currentCat\" data-cat=\"france-es\" data-slug=\"maisons-bois-autran\" data-icone=\"\" data-couleur=\"\" data-latitude=\"43.1606855\" data-longitude=\"6.1256089\">\r\n\r\n            <p class=\"titre-lieu\">Maisons Bois Autran<\/p>\r\n            <div class=\"description-lieu\">\r\n              <p>Route de Pierrefeu<br \/>\n83400 Hy\u00e8res<br \/>\nTel : 04 94 28 21 64<br \/>\nMail : scierieautran@orange.fr<\/p>\n            <\/div>\r\n\r\n        <\/article>\r\n              <article class=\"lieu-alentour currentCat\" data-cat=\"france-es\" data-slug=\"azur-design\" data-icone=\"\" data-couleur=\"\" data-latitude=\"43.453627\" data-longitude=\"6.700543\">\r\n\r\n            <p class=\"titre-lieu\">Azur Design<\/p>\r\n            <div class=\"description-lieu\">\r\n              <p>ZAC des Vern\u00e8des Le Jas Neuf<br \/>\n83480 Puget sur Argens<br \/>\nTel: 04 94 97 15 82<br \/>\nMail: contact@azur-design.fr<\/p>\n            <\/div>\r\n\r\n        <\/article>\r\n              <article class=\"lieu-alentour currentCat\" data-cat=\"france-es\" data-slug=\"db-amenagements\" data-icone=\"\" data-couleur=\"\" data-latitude=\"44.0389868\" data-longitude=\"5.0407094\">\r\n\r\n            <p class=\"titre-lieu\">D&#038;B Am\u00e9nagements<\/p>\r\n            <div class=\"description-lieu\">\r\n              <p>80 Chemin Adrien Gasparin<br \/>\n84200 Carpentras<br \/>\nTel: 06 76 12 05 49<br \/>\nMail: contact@dbamenagements.com<\/p>\n            <\/div>\r\n\r\n        <\/article>\r\n              <article class=\"lieu-alentour currentCat\" data-cat=\"\" data-slug=\"espiritu-de-la-selva\" data-icone=\"\" data-couleur=\"\" data-latitude=\"43.1256058\" data-longitude=\"5.8215179\">\r\n\r\n            <p class=\"titre-lieu\">Jungle Spirit<\/p>\r\n            <div class=\"description-lieu\">\r\n              <p>808 Avenue des Lavandi\u00e8res<br \/>\n83110 Sanary<br \/>\nTel : 04 94 74 43 73<br \/>\nMail : info@junglespirit.fr<\/p>\n            <\/div>\r\n\r\n        <\/article>\r\n              <article class=\"lieu-alentour currentCat\" data-cat=\"france-es\" data-slug=\"charrier-bois\" data-icone=\"\" data-couleur=\"\" data-latitude=\"46.799926\" data-longitude=\"-1.1592499\">\r\n\r\n            <p class=\"titre-lieu\">Charrier Bois<\/p>\r\n            <div class=\"description-lieu\">\r\n              <p>Le Vivier 85140 Sainte Florence Tel: 02 51 66 05 00 Mail: contacts@charrier-bois.com P\u00e1gina web: https:\/\/shop.charrier-bois.com\/<\/p>\n            <\/div>\r\n\r\n        <\/article>\r\n              <article class=\"lieu-alentour currentCat\" data-cat=\"international-es\" data-slug=\"arcasita-2000\" data-icone=\"\" data-couleur=\"\" data-latitude=\"42.0418278\" data-longitude=\"-4.567478\">\r\n\r\n            <p class=\"titre-lieu\">Arcasita 2000<\/p>\r\n            <div class=\"description-lieu\">\r\n              <p>Urb.<br \/>\nLa Calalga 22B Ctra.<br \/>\nCalpe 03710 &#8211; Espa\u00f1a Tel : + 00 34 965 83 93 12 Mail : contact@palmex.fr Website : www.arcasita.com  <\/p>\n            <\/div>\r\n\r\n        <\/article>\r\n              <article class=\"lieu-alentour currentCat\" data-cat=\"france-es\" data-slug=\"ets-chanot\" data-icone=\"\" data-couleur=\"\" data-latitude=\"49.8974338\" data-longitude=\"2.2901752\">\r\n\r\n            <p class=\"titre-lieu\">Ets Chanot<\/p>\r\n            <div class=\"description-lieu\">\r\n              <p>8, Bd du Port<br \/>\n80000 Amiens<br \/>\nTel : 03 22 92 91 98<br \/>\nMail : ets.chanot@wanadoo.fr<\/p>\n            <\/div>\r\n\r\n        <\/article>\r\n          <\/div>\r\n    <div id='page_navigation'><\/div>\r\n  <\/div>\r\n\r\n  <div id=\"map-alentours\" class=\"wp-block-column\">\r\n    <div id=\"map\"><\/div>\r\n  <\/div>\r\n\r\n<\/section>\r\n\r\n","protected":false},"excerpt":{"rendered":"","protected":false},"author":1,"featured_media":0,"parent":0,"menu_order":0,"comment_status":"closed","ping_status":"closed","template":"","meta":{"_acf_changed":false,"footnotes":""},"acf":[],"_links":{"self":[{"href":"https:\/\/www.palmex.fr\/es\/wp-json\/wp\/v2\/pages\/1061"}],"collection":[{"href":"https:\/\/www.palmex.fr\/es\/wp-json\/wp\/v2\/pages"}],"about":[{"href":"https:\/\/www.palmex.fr\/es\/wp-json\/wp\/v2\/types\/page"}],"author":[{"embeddable":true,"href":"https:\/\/www.palmex.fr\/es\/wp-json\/wp\/v2\/users\/1"}],"replies":[{"embeddable":true,"href":"https:\/\/www.palmex.fr\/es\/wp-json\/wp\/v2\/comments?post=1061"}],"version-history":[{"count":1,"href":"https:\/\/www.palmex.fr\/es\/wp-json\/wp\/v2\/pages\/1061\/revisions"}],"predecessor-version":[{"id":1062,"href":"https:\/\/www.palmex.fr\/es\/wp-json\/wp\/v2\/pages\/1061\/revisions\/1062"}],"wp:attachment":[{"href":"https:\/\/www.palmex.fr\/es\/wp-json\/wp\/v2\/media?parent=1061"}],"curies":[{"name":"wp","href":"https:\/\/api.w.org\/{rel}","templated":true}]}}