{"id":1073,"date":"2024-07-17T09:36:03","date_gmt":"2024-07-17T07:36:03","guid":{"rendered":"https:\/\/www.palmex.fr\/f-a-q\/"},"modified":"2024-09-18T16:13:25","modified_gmt":"2024-09-18T14:13:25","slug":"f-a-q","status":"publish","type":"page","link":"https:\/\/www.palmex.fr\/es\/f-a-q\/","title":{"rendered":"Preguntas frecuentes"},"content":{"rendered":"<div class=\"fc-cover sec-00 is-fixed align-full\" style=\"background-position-x:54%;background-position-y:05%;\" data-bgimage=\"https:\/\/www.palmex.fr\/wp-content\/uploads\/2024\/07\/IMG_0021-1024x683.webp\" data-bgimagexs=\"https:\/\/www.palmex.fr\/wp-content\/uploads\/2024\/07\/IMG_0021-768x512.webp\"><span style=\"filter: opacity(50%);background-color:var(--vert-fonce);\"><\/span><div class=\"fc-cover__inner\" style=\"\"><h1 style=\"text-align: center;\">\u00bfAlguna pregunta sobre nuestros tejados tropicales?<\/h1><\/div><\/div>\n\n<h2 style=\"text-align: center;\">\u00a1Las respuestas sobre los tejados de chapa sint\u00e9tica est\u00e1n aqu\u00ed!<\/h2>\n\n<p    >Pulsa sobre la pregunta para mostrar la respuesta.<\/p>\n\n<div class=\"fc-accordeon fc-desk\"style=\"\"><p  style=\"\"  ><strong>\u00bfC\u00f3mo se proporciona la protecci\u00f3n t\u00e9rmica?<\/strong><\/p><div class=\"fc-group\"><p  style=\"\"  >La protecci\u00f3n solar la proporciona el gran n\u00famero de celdas que contienen aire entre cada hoja de palma sint\u00e9tica.\nEsta particularidad de las cubiertas tropicales Palmex ofrece resultados muy convincentes en cuanto a protecci\u00f3n contra el calor. <\/p><\/div><\/div>\n\n<div class=\"fc-accordeon fc-desk\"style=\"\"><p  style=\"\"  ><strong><strong>\u00bfY el ruido de la lluvia?<\/strong><\/strong><\/p><div class=\"fc-group\"><p    ><strong>Los tejados tropicales Palmex<\/strong> son especialmente resistentes al ruido de la lluvia.\nEl pol\u00edmero de base permite que el agua escurra r\u00e1pidamente por las <strong>hojas de palma artificiales<\/strong>.\nLas propiedades de las <strong>hojas sint\u00e9ticas<\/strong> y su cantidad garantizan que el agua se escurra r\u00e1pidamente.  <\/p><\/div><\/div>\n\n<div class=\"fc-accordeon fc-desk\"style=\"\"><p  style=\"\"  ><strong><strong><strong>\u00bfCu\u00e1nto dura un tejado de palma Palmex?<\/strong><\/strong><\/strong><\/p><div class=\"fc-group\"><p    >Cuando una <strong>cubierta Palmex<\/strong> se instala en las condiciones recomendadas por el fabricante, su textura y composici\u00f3n est\u00e1n garantizadas durante 20 a\u00f1os y su color est\u00e1 garantizado durante 15 a\u00f1os.\nLa garant\u00eda incluye una decoloraci\u00f3n media de <strong>las l\u00e1minas de palma<\/strong> sint\u00e9tica del 1% anual.\nEl proceso de envejecimiento prematuro en f\u00e1brica garantiza la conservaci\u00f3n del color de las <strong>hojas de palma <\/strong>artificial a lo largo de los a\u00f1os.  <\/p><\/div><\/div>\n\n<div class=\"fc-accordeon fc-desk\"style=\"\"><p  style=\"\"  ><strong><strong><strong><strong>\u00bfCu\u00e1les son las ventajas de instalar cubiertas tropicales Palmex?<\/strong><\/strong><\/strong><\/strong><\/p><div class=\"fc-group\"><p    ><strong>Instalar<\/strong> un <strong>tejado de palma tropical Palmex<\/strong> te ahorra mucho tiempo.\nIncluso cuando <strong>la instalaci\u00f3n de tejados<\/strong> requiere una habilidad precisa, nuestras <strong>hojas de palmera sint\u00e9tica <\/strong>son f\u00e1ciles de instalar.\nLa empresa proporciona instrucciones para<strong>instalar tejados tropicales<\/strong>.\n <strong>Instalar<\/strong> un <strong>tejado<\/strong> es una operaci\u00f3n meticulosa que debe realizarse con cuidado, pero ahorrar tiempo es la gran ventaja de <strong>los productos de decoraci\u00f3n ex\u00f3tica Palmex<\/strong>.   <\/p><\/div><\/div>\n\n<div class=\"fc-accordeon fc-desk\"style=\"\"><p  style=\"\"  ><strong><strong><strong><strong><strong>\u00bfQu\u00e9 cobertura se ofrece contra incendios?<\/strong><\/strong><\/strong><\/strong><\/strong><\/p><div class=\"fc-group\"><p    >Desarrollado por <strong>Palmex<\/strong>, el material retardante del fuego que utilizamos en <strong>la fabricaci\u00f3n de las planchas de palma sint\u00e9tica<\/strong> cumple las normas VO canadienses y estadounidenses. Por tanto, cumple la normativa vigente para la <strong>construcci\u00f3n de tejados<\/strong> y edificios p\u00fablicos.<\/p><\/div><\/div>\n\n<div class=\"fc-accordeon fc-desk\"style=\"\"><p  style=\"\"  ><strong><strong><strong><strong><strong><strong>\u00bfC\u00f3mo reaccionan los tejados de hojas ante vientos m\u00e1s fuertes?<\/strong><\/strong><\/strong><\/strong><\/strong><\/strong><\/p><div class=\"fc-group\"><p    >La flexibilidad de <strong>las hojas de palma sint\u00e9tica<\/strong> tambi\u00e9n se convierte en un factor de seguridad muy eficaz en condiciones de viento.\n <strong>Las hojas de palma artificiales<\/strong> dejar\u00e1n pasar la presi\u00f3n de un viento extremo, evitando al <strong>tejado ex\u00f3tico<\/strong> el devastador efecto \u00abdelta\u00bb, bien conocido en la <strong>construcci\u00f3n de tejados<\/strong>. <\/p><\/div><\/div>\n\n<div class=\"fc-accordeon fc-desk\"style=\"\"><p  style=\"\"  ><strong><strong><strong><strong><strong><strong><strong><strong>\u00bfLas l\u00e1minas de pl\u00e1stico de los tejados tropicales desprenden olor?<\/strong><\/strong><\/strong><\/strong><\/strong><\/strong><\/strong><\/strong><\/p><div class=\"fc-group\"><p    >En las propiedades del pol\u00edmero utilizado en la <strong>fabricaci\u00f3n de las cubiertas tropicales Palmex<\/strong> no se incluye ning\u00fan elemento qu\u00edmico u org\u00e1nico extra\u00f1o.\nEl pol\u00edmero utilizado en la fabricaci\u00f3n de las <strong>hojas sint\u00e9ticas de palma<\/strong> es absolutamente neutro, por lo que es ideal para su uso en bidones de agua, leche y gasolina, kayaks, toboganes infantiles, etc. <\/p><\/div><\/div>\n\n<div class=\"fc-accordeon fc-desk\"style=\"\"><p  style=\"\"  ><strong><strong><strong><strong><strong><strong><strong><strong><strong>\u00bfQu\u00e9 tipo de mantenimiento requiere el tejado tropical Palmex?<\/strong><\/strong><\/strong><\/strong><\/strong><\/strong><\/strong><\/strong><\/strong><\/p><div class=\"fc-group\"><p    >\u00a1Los tejados <strong>de hoja de palma sint\u00e9tica Palmex<\/strong> pr\u00e1cticamente no necesitan mantenimiento!\nLa suciedad y las ramitas de los \u00e1rboles desaparecer\u00e1n con la primera lluvia o un simple chorro de agua.\nAdem\u00e1s, el pol\u00edmero de alta calidad utilizado en la fabricaci\u00f3n de <strong>las hojas ex\u00f3ticas artificiales<\/strong> ofrece una protecci\u00f3n excepcional contra los insectos y otros organismos destructivos.  <\/p><\/div><\/div>","protected":false},"excerpt":{"rendered":"<p>\u00a1Las respuestas sobre los tejados de chapa sint\u00e9tica est\u00e1n aqu\u00ed! Pulsa sobre la pregunta para mostrar la respuesta.<\/p>\n","protected":false},"author":1,"featured_media":0,"parent":0,"menu_order":0,"comment_status":"closed","ping_status":"closed","template":"","meta":{"_acf_changed":false,"footnotes":""},"acf":[],"_links":{"self":[{"href":"https:\/\/www.palmex.fr\/es\/wp-json\/wp\/v2\/pages\/1073"}],"collection":[{"href":"https:\/\/www.palmex.fr\/es\/wp-json\/wp\/v2\/pages"}],"about":[{"href":"https:\/\/www.palmex.fr\/es\/wp-json\/wp\/v2\/types\/page"}],"author":[{"embeddable":true,"href":"https:\/\/www.palmex.fr\/es\/wp-json\/wp\/v2\/users\/1"}],"replies":[{"embeddable":true,"href":"https:\/\/www.palmex.fr\/es\/wp-json\/wp\/v2\/comments?post=1073"}],"version-history":[{"count":3,"href":"https:\/\/www.palmex.fr\/es\/wp-json\/wp\/v2\/pages\/1073\/revisions"}],"predecessor-version":[{"id":1593,"href":"https:\/\/www.palmex.fr\/es\/wp-json\/wp\/v2\/pages\/1073\/revisions\/1593"}],"wp:attachment":[{"href":"https:\/\/www.palmex.fr\/es\/wp-json\/wp\/v2\/media?parent=1073"}],"curies":[{"name":"wp","href":"https:\/\/api.w.org\/{rel}","templated":true}]}}