{"id":1083,"date":"2024-07-17T09:36:03","date_gmt":"2024-07-17T07:36:03","guid":{"rendered":"https:\/\/www.palmex.fr\/tejados-exoticos\/medias-hojas-de-palma-decoracion-sintetica-palma-de-coco\/"},"modified":"2024-09-18T16:00:35","modified_gmt":"2024-09-18T14:00:35","slug":"medias-hojas-de-palma-decoracion-sintetica-palma-de-coco","status":"publish","type":"page","link":"https:\/\/www.palmex.fr\/es\/tejados-exoticos\/medias-hojas-de-palma-decoracion-sintetica-palma-de-coco\/","title":{"rendered":"Hojas de Tahit\u00ed y Coco"},"content":{"rendered":"<div class=\"fc-cover sec-00 is-fixed align-full\" style=\"\" data-bgimage=\"https:\/\/www.palmex.fr\/wp-content\/uploads\/2024\/07\/IMG_0014-1024x683.webp\" data-bgimagexs=\"https:\/\/www.palmex.fr\/wp-content\/uploads\/2024\/07\/IMG_0014-768x512.webp\"><span style=\"filter: opacity(50%);background-color:var(--vert-fonce);\"><\/span><div class=\"fc-cover__inner\" style=\"\"><p class=\"h1\" style=\"text-align: center;\"  >Hojas de palmera de Tahit\u00ed y coco<\/p><\/div><\/div>\n\n<div class=\"colonnes\"><div class=\"colonnes__item\" style=\"align-self:center;\"><h1 class=\"h2\">Hojas de palmera de Tahit\u00ed y coco<\/h1><h2 class=\"h3\">Paquete de 10 medias l\u00e1minas decorativas que cubren \u22481m\u00b2, en venta a particulares :<\/h2><p    ><br>10 medias Hojas de Palmera Artificial que cubren <strong>\u22481m\u00b2 <\/strong>&#8211;<strong> Revestimiento decorativo de alta gama<\/strong> para Tejados de Madera, Ecol\u00f3gico y Resistente &#8211; Decoraci\u00f3n Ex\u00f3tica para Cobertizos de Jard\u00edn, Casetas de Jard\u00edn, Cenadores&#8230; Las <strong>hojas ex\u00f3ticas sint\u00e9ticas de Palmera de Tahit\u00ed y Palmera de Coco<\/strong> est\u00e1n dise\u00f1adas para <strong>fijarse directamente sobre un tejado existente<\/strong>, como paneles de madera, tejas, chapas met\u00e1licas o cualquier otro revestimiento acabado.<br><strong>Instalaci\u00f3n r\u00e1pida y sencilla<\/strong>: \u00a1s\u00f3lo 30 minutos por paquete de 1 m\u00b2! Coge un martillo y clavos (de 20 mm de largo). Nuestras hojas de palmera artificiales se adaptan directamente a todos los soportes de madera. Instrucciones de instalaci\u00f3n en la parte posterior del envase.<br><strong>Respetuoso con el medio ambiente porque es reciclable y reciclado<\/strong>: Nuestros procesos de fabricaci\u00f3n no utilizan sustancias t\u00f3xicas. Se fabrican de acuerdo con las normas ISO 9001-2015. <br>Estamos orgullosos de ofrecer nuestros <strong>productos ecol\u00f3gicos<\/strong>, fabricados en parte con materiales reciclados y totalmente reciclables! Las hojas ex\u00f3ticas de palmera de Tahit\u00ed y coco tienen <strong>unas caracter\u00edsticas t\u00e9cnicas excepcionales<\/strong>, tanto por su <strong>vida \u00fatil de 50 a\u00f1os<\/strong> y su <strong>garant\u00eda de 20 a\u00f1os,<\/strong> como por su resistencia de 180 km\/h a los vientos fuertes. Su aspecto es similar al de una<strong> hoja de coco<\/strong> o de <strong>Pandanus<\/strong>.<\/p><\/div><div class=\"colonnes__item zoom-out\" style=\"align-self:center;\">\n<figure class=\"wp-block-embed alignfull is-type-video is-provider-youtube wp-block-embed-youtube wp-embed-aspect-16-9 wp-has-aspect-ratio\"><div class=\"wp-block-embed__wrapper\">\n<iframe loading=\"lazy\" title=\"R\u00caVEZ AVEC TAHITI PALM by Palmex\" width=\"500\" height=\"281\" src=\"https:\/\/www.youtube.com\/embed\/JUaP_-VxNVU?feature=oembed\" frameborder=\"0\" allow=\"accelerometer; autoplay; clipboard-write; encrypted-media; gyroscope; picture-in-picture; web-share\" referrerpolicy=\"strict-origin-when-cross-origin\" allowfullscreen><\/iframe>\n<\/div><\/figure>\n<\/div><\/div>\n\n<h2 class=\"h3\" style=\"text-align: center;\">Detalles del producto :<\/h2>\n\n<div class=\"colonnes\"><div class=\"colonnes__item\"><h3>Materiales<\/h3><ul    >\n<li>Polietileno de alta densidad.<\/li>\n\n<li>Con tratamiento anti-UV en toda la superficie.<\/li>\n\n<li>Tintado en toda la superficie.<\/li>\n\n<li>Alta resistencia.<\/li>\n\n<li>Termomoldeado.<\/li>\n\n<li>100% reciclable.<\/li>\n<\/ul><h3>Especificaciones<\/h3><ul    >\n<li>Color: Tabaco o Blanco.<\/li>\n\n<li>Dimensiones: 50 cm x 60 cm.<\/li>\n\n<li>Grosor: 0,7 mm.<\/li>\n\n<li>Peso: 2,77 kg\/m2.<\/li>\n<\/ul><h3>Embalaje<\/h3><ul    >\n<li>Paquete de 10 medias hojas 50 cm x 64 cm x 7 cm &#8211; aprox. 2 kg<\/li>\n<\/ul><\/div><div class=\"colonnes__item\"><h3>Instalaci\u00f3n<\/h3><ul    >\n<li>Fijado con clavos o grapas de al menos 20 mm de profundidad.<\/li>\n\n<li>Colocaci\u00f3n de hileras de hojas cada 20 cm, escalonadas 2\/1.m<\/li>\n\n<li>Se instala sobre paneles de madera (grapas o clavos de 20 mm), sobre rastreles.<\/li>\n\n<li><strong>ESTANCO con 14 medias<\/strong> <strong>hojas \/ m\u00b2 y 30 grados de inclinaci\u00f3n.<\/strong><\/li>\n\n<li>R\u00e1pido y f\u00e1cil de instalar<\/li>\n\n<li>Estanqueidad garantizada con 14 medias l\u00e1minas\/m\u00b2 y una pendiente m\u00ednima de 30\u00b0 que debe respetarse<\/li>\n<\/ul><h3>C\u00f3digo aduanero<\/h3><ul    >\n<li>39.21.19.90<\/li>\n<\/ul><\/div><\/div>\n\n<p class=\"h3\" style=\"text-align: center;\"  >Descargas  <\/p>\n\n<ul class=\"pictos\" style=\"\"  >\n<li>\r\n\t\t\t\t\t\t<a href=\"https:\/\/www.palmex.fr\/wp-content\/uploads\/2024\/07\/garantie-avril-2021.pdf\" target=\"_blank\">Garant\u00eda Palmex<\/a>\r\n\t\t\t\r\n\t\t\t<\/li>\n\n<li>\r\n\t\t\t\t\t\t<a href=\"https:\/\/www.palmex.fr\/wp-content\/uploads\/2024\/07\/fiche-implantations.pdf\" target=\"_blank\">Instrucciones de montaje de los accesorios<\/a>\r\n\t\t\t\r\n\t\t\t<\/li>\n\n<li>\r\n\t\t\t\t\t\t<a href=\"https:\/\/www.palmex.fr\/wp-content\/uploads\/2024\/07\/fiche-accessoires.pdf\" target=\"_blank\">Accesorios<\/a>\r\n\t\t\t\r\n\t\t\t<\/li>\n<\/ul>\n\n<div class=\"fc-cover sec-00 is-fixed align-full\" style=\"\" data-bgimage=\"https:\/\/www.palmex.fr\/wp-content\/uploads\/2024\/07\/IMG_0015-1024x683.webp\" data-bgimagexs=\"https:\/\/www.palmex.fr\/wp-content\/uploads\/2024\/07\/IMG_0015-768x512.webp\"><span style=\"filter: opacity(50%);background-color:var(--vert-fonce);\"><\/span><div class=\"fc-cover__inner\" style=\"\"><p class=\"h2\" style=\"text-align: center;\"  >Pide hojas de Palma de Tahit\u00ed y Coco:<\/p><div class=\"fc-boutons display-flex \" style=\"justify-content:center;\"><span class=\"fc-boutons__btn btn-contact is-style-1\">Contacta con nosotros<\/span><\/div><\/div><\/div>","protected":false},"excerpt":{"rendered":"<p>Hojas de palmera de Tahit\u00ed y coco Paquete de 10 medias l\u00e1minas decorativas que cubren \u22481m\u00b2, en venta a particulares : 10 medias Hojas de Palmera Artificial que cubren \u22481m\u00b2 &#8211; Revestimiento decorativo de alta gama para Tejados de Madera, Ecol\u00f3gico y Resistente &#8211; Decoraci\u00f3n Ex\u00f3tica para Cobertizos de Jard\u00edn, Casetas de Jard\u00edn, Cenadores&#8230; Las [&hellip;]<\/p>\n","protected":false},"author":1,"featured_media":0,"parent":1053,"menu_order":0,"comment_status":"closed","ping_status":"closed","template":"","meta":{"_acf_changed":false,"footnotes":""},"acf":[],"_links":{"self":[{"href":"https:\/\/www.palmex.fr\/es\/wp-json\/wp\/v2\/pages\/1083"}],"collection":[{"href":"https:\/\/www.palmex.fr\/es\/wp-json\/wp\/v2\/pages"}],"about":[{"href":"https:\/\/www.palmex.fr\/es\/wp-json\/wp\/v2\/types\/page"}],"author":[{"embeddable":true,"href":"https:\/\/www.palmex.fr\/es\/wp-json\/wp\/v2\/users\/1"}],"replies":[{"embeddable":true,"href":"https:\/\/www.palmex.fr\/es\/wp-json\/wp\/v2\/comments?post=1083"}],"version-history":[{"count":3,"href":"https:\/\/www.palmex.fr\/es\/wp-json\/wp\/v2\/pages\/1083\/revisions"}],"predecessor-version":[{"id":1577,"href":"https:\/\/www.palmex.fr\/es\/wp-json\/wp\/v2\/pages\/1083\/revisions\/1577"}],"up":[{"embeddable":true,"href":"https:\/\/www.palmex.fr\/es\/wp-json\/wp\/v2\/pages\/1053"}],"wp:attachment":[{"href":"https:\/\/www.palmex.fr\/es\/wp-json\/wp\/v2\/media?parent=1083"}],"curies":[{"name":"wp","href":"https:\/\/api.w.org\/{rel}","templated":true}]}}