{"id":1099,"date":"2024-07-17T09:36:03","date_gmt":"2024-07-17T07:36:03","guid":{"rendered":"https:\/\/www.palmex.fr\/tejados-exoticos\/hojas-de-palma-sinteticos-africa\/"},"modified":"2024-09-18T14:32:49","modified_gmt":"2024-09-18T12:32:49","slug":"hojas-de-palma-sinteticos-africa","status":"publish","type":"page","link":"https:\/\/www.palmex.fr\/es\/tejados-exoticos\/hojas-de-palma-sinteticos-africa\/","title":{"rendered":"\u00c1frica se va"},"content":{"rendered":"<div class=\"fc-cover sec-00 is-fixed align-full\" style=\"\" data-bgimage=\"https:\/\/www.palmex.fr\/wp-content\/uploads\/2024\/08\/toiture-exotique-synthetique-africa-kontiki-10.jpg\" data-bgimagexs=\"https:\/\/www.palmex.fr\/wp-content\/uploads\/2024\/08\/toiture-exotique-synthetique-africa-kontiki-10.jpg\"><span style=\"filter: opacity(50%);background-color:var(--vert-fonce);\"><\/span><div class=\"fc-cover__inner\" style=\"\"><p class=\"h1\" style=\"text-align: center;\"  >\u00c1frica se va<\/p><\/div><\/div>\n\n<div class=\"colonnes\"><div class=\"colonnes__item\" style=\"align-self:center;\"><h1 class=\"h2\">\u00c1frica se va<\/h1><h2 class=\"h3\">Paquete de 72 hojas que cubren 10,30 m\u00b2 :<\/h2><p    ><strong>Las l\u00e1minas sint\u00e9ticas ex\u00f3ticas \u00c1frica<\/strong> est\u00e1n dise\u00f1adas para <strong>fijarse directamente sobre un tejado existente<\/strong>, como paneles de madera, tejas, chapas met\u00e1licas o cualquier otro revestimiento acabado.<br><strong>F\u00e1ciles de instalar<\/strong>, estos productos ofrecen una <strong>soluci\u00f3n est\u00e9tica<\/strong> ideal para tus proyectos de renovaci\u00f3n o para sustituir a los productos naturales, sobre todo en el \u00e1mbito de la <strong>decoraci\u00f3n<\/strong>. Estas <strong>planchas sint\u00e9ticas<\/strong> tambi\u00e9n est\u00e1n disponibles en versi\u00f3n ign\u00edfuga bajo pedido, correspondiente a la norma europea M1.<\/p><p    >La chapa ex\u00f3tica \u00c1frica tiene <strong>unas caracter\u00edsticas t\u00e9cnicas excepcionales<\/strong>, tanto por su <strong>vida \u00fatil de 50 a\u00f1os<\/strong> y su <strong>garant\u00eda de 20 a\u00f1os<\/strong>, como por su resistencia a vientos fuertes de 180 km\/h. <strong>Se instala f\u00e1cilmente<\/strong> con grapas o clavos (20 mm como m\u00ednimo), y es resistente al viento. Su aspecto es similar al de <strong>los juncos africanos<\/strong>.<\/p><\/div><div class=\"colonnes__item zoom-out\"><figure class=\"\"><picture><source srcset=\"https:\/\/www.palmex.fr\/wp-content\/uploads\/2024\/08\/feuilles-africa-210x210.jpg\" media=\"(max-width: 210px)\"><source srcset=\"https:\/\/www.palmex.fr\/wp-content\/uploads\/2024\/08\/feuilles-africa-420x315.jpg\" media=\"(max-width: 421px)\"><source srcset=\"https:\/\/www.palmex.fr\/wp-content\/uploads\/2024\/08\/feuilles-africa-768x576.jpg\" media=\"(max-width: 1025px)\"><source srcset=\"https:\/\/www.palmex.fr\/wp-content\/uploads\/2024\/08\/feuilles-africa-1024x768.jpg\" media=\"(max-width: 1537px)\"><source srcset=\"https:\/\/www.palmex.fr\/wp-content\/uploads\/2024\/08\/feuilles-africa.jpg\" media=\"(max-width: 1921px)\"><img decoding=\"async\" width=\"420\" height=\"210\" src=\"https:\/\/www.palmex.fr\/wp-content\/uploads\/2024\/08\/feuilles-africa-210x210.jpg\" alt=\"Palmex \" loading=\"lazy\" title=\"\"><\/picture><\/figure><\/div><\/div>\n\n<h2 class=\"h3\" style=\"text-align: center;\">Detalles del producto :<\/h2>\n\n<div class=\"colonnes\"><div class=\"colonnes__item\"><h3>Materiales<\/h3><ul    >\n<li>Polietileno de alta densidad.<\/li>\n\n<li>Con tratamiento anti-UV en toda la superficie.<\/li>\n\n<li>Tintado en toda la superficie.<\/li>\n\n<li>Alta resistencia.<\/li>\n\n<li>Termomoldeado.<\/li>\n\n<li>100% reciclable.<\/li>\n<\/ul><h3>Especificaciones<\/h3><ul    >\n<li>Color: Tabaco.<\/li>\n\n<li>Dimensiones: 100 cm x 60 cm<\/li>\n\n<li>Grosor: 0,7 mm<\/li>\n\n<li>Peso: 2,77 kg\/m2<\/li>\n<\/ul><h3>Embalaje<\/h3><ul    >\n<li>Paquete de 72 hojas 98 cm x 64 cm x 15 cm &#8211; 25 kg que cubren 10,30 m\u00b2.<\/li>\n<\/ul><\/div><div class=\"colonnes__item\"><h3>Instalaci\u00f3n<\/h3><ul    >\n<li>Fijaci\u00f3n con clavos o grapas de al menos 20 mm de profundidad, hoja sin riel.<\/li>\n\n<li>M\u00ednimo de 7 hojas por m\u00b2, es decir, una superficie de 14,3 cm<\/li>\n\n<li>Coloca las filas de hojas en filas escalonadas de 2\/1.<\/li>\n\n<li>Se instala sin ra\u00edles sobre paneles de madera (20 mm), listones o chapa.<\/li>\n\n<li>Superp\u00f3n las 2 primeras filas para obtener un borde m\u00e1s grueso.<\/li>\n\n<li>Fijaci\u00f3n en paneles de madera, contrachapado o chapa met\u00e1lica<\/li>\n\n<li>Aplicaci\u00f3n mediante grapado o clavado<\/li>\n\n<li>R\u00e1pido y f\u00e1cil de instalar<\/li>\n\n<li>Estanqueidad garantizada con una pendiente m\u00ednima de 30\u00b0 que debe respetarse<\/li>\n<\/ul><h3>C\u00f3digo aduanero<\/h3><ul    >\n<li>39.21.19.90<\/li>\n<\/ul><\/div><\/div>\n\n<p class=\"h3\" style=\"text-align: center;\"  >Descargas  <\/p>\n\n<ul class=\"pictos\" style=\"\"  >\n<li>\t\r\n\t\t\t  \t\t\t\t<a href=\"https:\/\/www.palmex.fr\/wp-content\/uploads\/2024\/07\/Guide-Utilisation-ES.pdf\" target=\"_blank\">Gu\u00eda de instalaci\u00f3n<\/a>\r\n\t\t\t\t\t\r\n\t\t\t  <\/li>\n\n<li>\r\n\t\t\t\t\t\t<a href=\"https:\/\/www.palmex.fr\/wp-content\/uploads\/2024\/07\/Notice-dinstallation-avec-rails-Aloha-Coco-FR.pdf\" target=\"_blank\">Instrucciones de montaje<\/a>\r\n\t\t\t\r\n\t\t\t<\/li>\n\n<li>\r\n\t\t\t\t\t\t<a href=\"https:\/\/www.palmex.fr\/wp-content\/uploads\/2024\/07\/garantie-avril-2021.pdf\" target=\"_blank\">Garant\u00eda Palmex<\/a>\r\n\t\t\t\r\n\t\t\t<\/li>\n\n<li>\r\n\t\t\t\t\t\t<a href=\"https:\/\/www.palmex.fr\/wp-content\/uploads\/2024\/07\/Sens-de-pose-des-feuilles-2.pdf\" target=\"_blank\">Direcci\u00f3n de colocaci\u00f3n de la l\u00e1mina<\/a>\r\n\t\t\t\r\n\t\t\t<\/li>\n\n<li>\r\n\t\t\t\t\t\t<a href=\"https:\/\/www.palmex.fr\/wp-content\/uploads\/2024\/07\/fiche-implantations.pdf\" target=\"_blank\">Instrucciones de montaje de los accesorios<\/a>\r\n\t\t\t\r\n\t\t\t<\/li>\n\n<li>\r\n\t\t\t\t\t\t<a href=\"https:\/\/www.palmex.fr\/wp-content\/uploads\/2024\/07\/fiche-accessoires.pdf\" target=\"_blank\">Accesorios<\/a>\r\n\t\t\t\r\n\t\t\t<\/li>\n<\/ul>\n\n<div class=\"fc-group sec-25 align-full\"><p class=\"h2\" style=\"text-align: center;\"  >\u00c1frica en fotos<\/p><div class=\"colonnes\"><div class=\"colonnes__item texte\" style=\"align-self:center;\"><p class=\"text-rotate\" style=\"text-align: center;\"  >Logros<\/p><\/div><div class=\"colonnes__item galerie\"><div class=\"fc-galerie col-5\"><figure class=\"fc-galerie__item\" ><picture><source srcset=\"https:\/\/www.palmex.fr\/wp-content\/uploads\/2024\/08\/feuilles-africa-210x210.jpg\" media=\"(max-width: 210px)\"><source srcset=\"https:\/\/www.palmex.fr\/wp-content\/uploads\/2024\/08\/feuilles-africa-420x315.jpg\" media=\"(max-width: 421px)\"><source srcset=\"https:\/\/www.palmex.fr\/wp-content\/uploads\/2024\/08\/feuilles-africa-768x576.jpg\" media=\"(max-width: 1025px)\"><source srcset=\"https:\/\/www.palmex.fr\/wp-content\/uploads\/2024\/08\/feuilles-africa-1024x768.jpg\" media=\"(max-width: 1537px)\"><source srcset=\"https:\/\/www.palmex.fr\/wp-content\/uploads\/2024\/08\/feuilles-africa.jpg\" media=\"(max-width: 1921px)\"><img decoding=\"async\" width=\"420\" height=\"210\" src=\"https:\/\/www.palmex.fr\/wp-content\/uploads\/2024\/08\/feuilles-africa-210x210.jpg\" alt=\"Palmex \" loading=\"lazy\" title=\"\"><\/picture><\/figure><figure class=\"fc-galerie__item\" ><picture><source srcset=\"https:\/\/www.palmex.fr\/wp-content\/uploads\/2024\/08\/ae5c6c00-1-210x210.jpg\" media=\"(max-width: 210px)\"><source srcset=\"https:\/\/www.palmex.fr\/wp-content\/uploads\/2024\/08\/ae5c6c00-1-315x420.jpg\" media=\"(max-width: 421px)\"><source srcset=\"https:\/\/www.palmex.fr\/wp-content\/uploads\/2024\/08\/ae5c6c00-1.jpg\" media=\"(max-width: 1025px)\"><source srcset=\"https:\/\/www.palmex.fr\/wp-content\/uploads\/2024\/08\/ae5c6c00-1.jpg\" media=\"(max-width: 1537px)\"><source srcset=\"https:\/\/www.palmex.fr\/wp-content\/uploads\/2024\/08\/ae5c6c00-1.jpg\" media=\"(max-width: 1921px)\"><img decoding=\"async\" width=\"420\" height=\"210\" src=\"https:\/\/www.palmex.fr\/wp-content\/uploads\/2024\/08\/ae5c6c00-1-210x210.jpg\" alt=\"Palmex \" loading=\"lazy\" title=\"\"><\/picture><\/figure><figure class=\"fc-galerie__item\" ><picture><source srcset=\"https:\/\/www.palmex.fr\/wp-content\/uploads\/2024\/08\/345ffdeb-1-210x210.jpg\" media=\"(max-width: 210px)\"><source srcset=\"https:\/\/www.palmex.fr\/wp-content\/uploads\/2024\/08\/345ffdeb-1-420x315.jpg\" media=\"(max-width: 421px)\"><source srcset=\"https:\/\/www.palmex.fr\/wp-content\/uploads\/2024\/08\/345ffdeb-1-768x576.jpg\" media=\"(max-width: 1025px)\"><source srcset=\"https:\/\/www.palmex.fr\/wp-content\/uploads\/2024\/08\/345ffdeb-1.jpg\" media=\"(max-width: 1537px)\"><source srcset=\"https:\/\/www.palmex.fr\/wp-content\/uploads\/2024\/08\/345ffdeb-1.jpg\" media=\"(max-width: 1921px)\"><img decoding=\"async\" width=\"420\" height=\"210\" src=\"https:\/\/www.palmex.fr\/wp-content\/uploads\/2024\/08\/345ffdeb-1-210x210.jpg\" alt=\"Palmex \" loading=\"lazy\" title=\"\"><\/picture><\/figure><\/div><\/div><\/div><\/div>\n\n<div class=\"fc-cover sec-00 is-fixed align-full\" style=\"\" data-bgimage=\"https:\/\/www.palmex.fr\/wp-content\/uploads\/2024\/07\/IMG_0015-1024x683.webp\" data-bgimagexs=\"https:\/\/www.palmex.fr\/wp-content\/uploads\/2024\/07\/IMG_0015-768x512.webp\"><span style=\"filter: opacity(50%);background-color:var(--vert-fonce);\"><\/span><div class=\"fc-cover__inner\" style=\"\"><p class=\"h2\" style=\"text-align: center;\"  >Para comprar nuestras hojas de \u00c1frica :<\/p><div class=\"fc-boutons display-flex \" style=\"justify-content:center;\"><span class=\"fc-boutons__btn btn-contact is-style-1\">Contacta con nosotros<\/span><\/div><\/div><\/div>","protected":false},"excerpt":{"rendered":"<p>\u00c1frica se va Paquete de 72 hojas que cubren 10,30 m\u00b2 : Las l\u00e1minas sint\u00e9ticas ex\u00f3ticas \u00c1frica est\u00e1n dise\u00f1adas para fijarse directamente sobre un tejado existente, como paneles de madera, tejas, chapas met\u00e1licas o cualquier otro revestimiento acabado.F\u00e1ciles de instalar, estos productos ofrecen una soluci\u00f3n est\u00e9tica ideal para tus proyectos de renovaci\u00f3n o para sustituir [&hellip;]<\/p>\n","protected":false},"author":1,"featured_media":0,"parent":1053,"menu_order":0,"comment_status":"closed","ping_status":"closed","template":"","meta":{"_acf_changed":false,"footnotes":""},"acf":[],"_links":{"self":[{"href":"https:\/\/www.palmex.fr\/es\/wp-json\/wp\/v2\/pages\/1099"}],"collection":[{"href":"https:\/\/www.palmex.fr\/es\/wp-json\/wp\/v2\/pages"}],"about":[{"href":"https:\/\/www.palmex.fr\/es\/wp-json\/wp\/v2\/types\/page"}],"author":[{"embeddable":true,"href":"https:\/\/www.palmex.fr\/es\/wp-json\/wp\/v2\/users\/1"}],"replies":[{"embeddable":true,"href":"https:\/\/www.palmex.fr\/es\/wp-json\/wp\/v2\/comments?post=1099"}],"version-history":[{"count":4,"href":"https:\/\/www.palmex.fr\/es\/wp-json\/wp\/v2\/pages\/1099\/revisions"}],"predecessor-version":[{"id":1561,"href":"https:\/\/www.palmex.fr\/es\/wp-json\/wp\/v2\/pages\/1099\/revisions\/1561"}],"up":[{"embeddable":true,"href":"https:\/\/www.palmex.fr\/es\/wp-json\/wp\/v2\/pages\/1053"}],"wp:attachment":[{"href":"https:\/\/www.palmex.fr\/es\/wp-json\/wp\/v2\/media?parent=1099"}],"curies":[{"name":"wp","href":"https:\/\/api.w.org\/{rel}","templated":true}]}}