{"id":1108,"date":"2024-07-17T09:36:03","date_gmt":"2024-07-17T07:36:03","guid":{"rendered":"https:\/\/www.palmex.fr\/tejados-exoticos\/parasol-exotico-en-hojas-de-palma\/"},"modified":"2024-09-18T15:14:56","modified_gmt":"2024-09-18T13:14:56","slug":"parasol-exotico-en-hojas-de-palma","status":"publish","type":"page","link":"https:\/\/www.palmex.fr\/es\/tejados-exoticos\/parasol-exotico-en-hojas-de-palma\/","title":{"rendered":"Sombrilla ex\u00f3tica"},"content":{"rendered":"<div class=\"fc-cover sec-00 is-fixed align-full\" style=\"\" data-bgimage=\"https:\/\/www.palmex.fr\/wp-content\/uploads\/2024\/07\/IMG_0122-1024x768.webp\" data-bgimagexs=\"https:\/\/www.palmex.fr\/wp-content\/uploads\/2024\/07\/IMG_0122-768x576.webp\"><span style=\"filter: opacity(50%);background-color:var(--vert-fonce);\"><\/span><div class=\"fc-cover__inner\" style=\"\"><p class=\"h1\" style=\"text-align: center;\"  >Sombrilla ex\u00f3tica<\/p><\/div><\/div>\n\n<div class=\"colonnes\"><div class=\"colonnes__item\" style=\"align-self:center;\"><h1 class=\"h2\">Paraguas ex\u00f3tico de hojas de palmera<\/h1><h2 class=\"h3\">Descripci\u00f3n del producto :<\/h2><p    >Lo mejor de nuestra sombrilla es que<strong> se instala r\u00e1pidamente<\/strong>. Partiendo de una estructura met\u00e1lica de hierro redondo galvanizado de 8 mm, utilizamos un sistema de clips para fijar las hojas Fiji adecuadas. Toda la estructura tiene un di\u00e1metro de 2,20 m, y nuestras hojas Fiji sint\u00e9ticas tienen una<strong> garant\u00eda<\/strong> de 10 a\u00f1os.<\/p><p    >Te sorprender\u00e1 lo <strong>f\u00e1cil<\/strong> y <strong>r\u00e1pida que<\/strong> es de instalar.\nLa ventaja de esta sombrilla es que se puede tener en el exterior todo el a\u00f1o, sea cual sea el clima.\nSoporta<strong> temperaturas extremas<\/strong> de -20 \u00b0C a +40 \u00b0C y tambi\u00e9n es resistente al viento.  <\/p><\/div><div class=\"colonnes__item zoom-out\"><figure class=\"\"><picture><source srcset=\"https:\/\/www.palmex.fr\/wp-content\/uploads\/2024\/07\/Min-Parasol-Club-1024x768-1-210x210.jpg\" media=\"(max-width: 210px)\"><source srcset=\"https:\/\/www.palmex.fr\/wp-content\/uploads\/2024\/07\/Min-Parasol-Club-1024x768-1-420x315.jpg\" media=\"(max-width: 421px)\"><source srcset=\"https:\/\/www.palmex.fr\/wp-content\/uploads\/2024\/07\/Min-Parasol-Club-1024x768-1-768x576.jpg\" media=\"(max-width: 1025px)\"><source srcset=\"https:\/\/www.palmex.fr\/wp-content\/uploads\/2024\/07\/Min-Parasol-Club-1024x768-1.jpg\" media=\"(max-width: 1537px)\"><source srcset=\"https:\/\/www.palmex.fr\/wp-content\/uploads\/2024\/07\/Min-Parasol-Club-1024x768-1.jpg\" media=\"(max-width: 1921px)\"><img decoding=\"async\" width=\"420\" height=\"210\" src=\"https:\/\/www.palmex.fr\/wp-content\/uploads\/2024\/07\/Min-Parasol-Club-1024x768-1-210x210.jpg\" alt=\"Palmex \" loading=\"lazy\" title=\"\"><\/picture><\/figure><\/div><\/div>\n\n<h2 class=\"h3\" style=\"text-align: center;\">Detalles del producto :<\/h2>\n\n<div class=\"colonnes\"><div class=\"colonnes__item\"><h3>Materiales<\/h3><ul    >\n<li>Polietileno de alta densidad.<\/li>\n\n<li>Con tratamiento anti-UV en toda la superficie.<\/li>\n\n<li>Tintado en toda la superficie.<\/li>\n\n<li>Alta resistencia.<\/li>\n\n<li>Termomoldeado.<\/li>\n\n<li>100% reciclable.<\/li>\n<\/ul><h3>Especificaciones<\/h3><ul    >\n<li>Color: Tabaco.<\/li>\n\n<li>Dimensiones: 65 cm x 25 cm<\/li>\n\n<li>Grosor: 0,7 mm<\/li>\n\n<li>2 paquetes 75 hojas de Fiyi<\/li>\n\n<li>150 clips de fijaci\u00f3n<\/li>\n\n<li>Cono superior (sombrero)<\/li>\n\n<li>Sin m\u00e1stil, sin placa<\/li>\n<\/ul><h3>Embalaje<\/h3><ul    >\n<li>Armaz\u00f3n de metal galvanizado de hierro redondo de 8 mm &#8211; 13 kg<\/li>\n\n<li>Paquete de 75 hojas Fiji 65 cm x 25 cm x 15 cm &#8211; 10 kg<\/li>\n\n<li>Paquete de 150 clips de fijaci\u00f3n &#8211; 1 kg y tapa c\u00f3nica de 20 cm de di\u00e1metro &#8211; 1 kg<\/li>\n<\/ul><\/div><div class=\"colonnes__item\"><h3>Instalaci\u00f3n<\/h3><ul    >\n<li>Las l\u00e1minas sint\u00e9ticas se fijan a la estructura met\u00e1lica galvanizada mediante clips (150 unidades por paquete)<\/li>\n\n<li>150 hojas de Fiyi por sombrilla<\/li>\n\n<li>Dimensiones: 2,20 m de di\u00e1metro<\/li>\n\n<li>Tiempo de montaje: 30 minutos aproximadamente<\/li>\n\n<li>Resistente al viento<\/li>\n\n<li>Cobertura garantizada durante 10 a\u00f1os<\/li>\n\n<li>Consta de 2 paquetes 75 hojas Fiji con tapa c\u00f3nica y clips de sujeci\u00f3n<\/li>\n\n<li><strong>Se vende sin m\u00e1stil (80 mm x 3,00 m)<\/strong><\/li>\n<\/ul><h3>C\u00f3digo aduanero<\/h3><ul    >\n<li>39.21.19.90<\/li>\n<\/ul><\/div><\/div>\n\n<p class=\"h3\" style=\"text-align: center;\"  >Descargas  <\/p>\n\n<ul class=\"pictos\" style=\"\"  >\n<li>\t\r\n\t\t\t  \t\t\t\t<a href=\"https:\/\/www.palmex.fr\/wp-content\/uploads\/2024\/07\/Guide-Utilisation-ES.pdf\" target=\"_blank\">Gu\u00eda de instalaci\u00f3n<\/a>\r\n\t\t\t\t\t\r\n\t\t\t  <\/li>\n\n<li>\r\n\t\t\t\t\t\t<a href=\"https:\/\/www.palmex.fr\/wp-content\/uploads\/2024\/07\/Notice-dinstallation-avec-rails-Aloha-Coco-FR.pdf\" target=\"_blank\">Instrucciones de montaje<\/a>\r\n\t\t\t\r\n\t\t\t<\/li>\n\n<li>\r\n\t\t\t\t\t\t<a href=\"https:\/\/www.palmex.fr\/wp-content\/uploads\/2024\/07\/garantie-avril-2021.pdf\" target=\"_blank\">Garant\u00eda Palmex<\/a>\r\n\t\t\t\r\n\t\t\t<\/li>\n\n<li>\r\n\t\t\t\t\t\t<a href=\"https:\/\/www.palmex.fr\/wp-content\/uploads\/2024\/07\/Sens-de-pose-des-feuilles-2.pdf\" target=\"_blank\">Direcci\u00f3n de colocaci\u00f3n de la l\u00e1mina<\/a>\r\n\t\t\t\r\n\t\t\t<\/li>\n\n<li>\r\n\t\t\t\t\t\t<a href=\"https:\/\/www.palmex.fr\/wp-content\/uploads\/2024\/07\/fiche-implantations.pdf\" target=\"_blank\">Instrucciones de montaje de los accesorios<\/a>\r\n\t\t\t\r\n\t\t\t<\/li>\n\n<li>\r\n\t\t\t\t\t\t<a href=\"https:\/\/www.palmex.fr\/wp-content\/uploads\/2024\/07\/fiche-accessoires.pdf\" target=\"_blank\">Accesorios<\/a>\r\n\t\t\t\r\n\t\t\t<\/li>\n<\/ul>\n\n<div class=\"fc-group sec-25 align-full\"><p class=\"h2\" style=\"text-align: center;\"  >Parasol Exotique en fotos<\/p><div class=\"colonnes\"><div class=\"colonnes__item texte\" style=\"align-self:center;\"><p class=\"text-rotate\" style=\"text-align: center;\"  >Logros<\/p><\/div><div class=\"colonnes__item galerie\"><div class=\"fc-galerie col-5\"><figure class=\"fc-galerie__item\" ><picture><source srcset=\"https:\/\/www.palmex.fr\/wp-content\/uploads\/2024\/07\/20240624_153221-210x210.webp\" media=\"(max-width: 210px)\"><source srcset=\"https:\/\/www.palmex.fr\/wp-content\/uploads\/2024\/07\/20240624_153221-420x420.webp\" media=\"(max-width: 421px)\"><source srcset=\"https:\/\/www.palmex.fr\/wp-content\/uploads\/2024\/07\/20240624_153221-768x766.webp\" media=\"(max-width: 1025px)\"><source srcset=\"https:\/\/www.palmex.fr\/wp-content\/uploads\/2024\/07\/20240624_153221-1024x1021.webp\" media=\"(max-width: 1537px)\"><source srcset=\"https:\/\/www.palmex.fr\/wp-content\/uploads\/2024\/07\/20240624_153221.webp\" media=\"(max-width: 1921px)\"><img decoding=\"async\" width=\"420\" height=\"210\" src=\"https:\/\/www.palmex.fr\/wp-content\/uploads\/2024\/07\/20240624_153221-210x210.webp\" alt=\"Palmex \" loading=\"lazy\" title=\"\"><\/picture><\/figure><figure class=\"fc-galerie__item\" ><picture><source srcset=\"https:\/\/www.palmex.fr\/wp-content\/uploads\/2024\/07\/4-france-cobac-parc2-700x420-2-210x210.jpg\" media=\"(max-width: 210px)\"><source srcset=\"https:\/\/www.palmex.fr\/wp-content\/uploads\/2024\/07\/4-france-cobac-parc2-700x420-2-420x252.jpg\" media=\"(max-width: 421px)\"><source srcset=\"https:\/\/www.palmex.fr\/wp-content\/uploads\/2024\/07\/4-france-cobac-parc2-700x420-2.jpg\" media=\"(max-width: 1025px)\"><source srcset=\"https:\/\/www.palmex.fr\/wp-content\/uploads\/2024\/07\/4-france-cobac-parc2-700x420-2.jpg\" media=\"(max-width: 1537px)\"><source srcset=\"https:\/\/www.palmex.fr\/wp-content\/uploads\/2024\/07\/4-france-cobac-parc2-700x420-2.jpg\" media=\"(max-width: 1921px)\"><img decoding=\"async\" width=\"420\" height=\"210\" src=\"https:\/\/www.palmex.fr\/wp-content\/uploads\/2024\/07\/4-france-cobac-parc2-700x420-2-210x210.jpg\" alt=\"Palmex \" loading=\"lazy\" title=\"\"><\/picture><\/figure><figure class=\"fc-galerie__item\" ><picture><source srcset=\"https:\/\/www.palmex.fr\/wp-content\/uploads\/2024\/07\/9-grece-residence-de-charme-700x420-1-210x210.jpg\" media=\"(max-width: 210px)\"><source srcset=\"https:\/\/www.palmex.fr\/wp-content\/uploads\/2024\/07\/9-grece-residence-de-charme-700x420-1-420x252.jpg\" media=\"(max-width: 421px)\"><source srcset=\"https:\/\/www.palmex.fr\/wp-content\/uploads\/2024\/07\/9-grece-residence-de-charme-700x420-1.jpg\" media=\"(max-width: 1025px)\"><source srcset=\"https:\/\/www.palmex.fr\/wp-content\/uploads\/2024\/07\/9-grece-residence-de-charme-700x420-1.jpg\" media=\"(max-width: 1537px)\"><source srcset=\"https:\/\/www.palmex.fr\/wp-content\/uploads\/2024\/07\/9-grece-residence-de-charme-700x420-1.jpg\" media=\"(max-width: 1921px)\"><img decoding=\"async\" width=\"420\" height=\"210\" src=\"https:\/\/www.palmex.fr\/wp-content\/uploads\/2024\/07\/9-grece-residence-de-charme-700x420-1-210x210.jpg\" alt=\"Palmex \" loading=\"lazy\" title=\"\"><\/picture><\/figure><figure class=\"fc-galerie__item\" ><picture><source srcset=\"https:\/\/www.palmex.fr\/wp-content\/uploads\/2024\/07\/7-italie-hotel-tre-poggi-640x420-1-210x210.jpg\" media=\"(max-width: 210px)\"><source srcset=\"https:\/\/www.palmex.fr\/wp-content\/uploads\/2024\/07\/7-italie-hotel-tre-poggi-640x420-1-420x276.jpg\" media=\"(max-width: 421px)\"><source srcset=\"https:\/\/www.palmex.fr\/wp-content\/uploads\/2024\/07\/7-italie-hotel-tre-poggi-640x420-1.jpg\" media=\"(max-width: 1025px)\"><source srcset=\"https:\/\/www.palmex.fr\/wp-content\/uploads\/2024\/07\/7-italie-hotel-tre-poggi-640x420-1.jpg\" media=\"(max-width: 1537px)\"><source srcset=\"https:\/\/www.palmex.fr\/wp-content\/uploads\/2024\/07\/7-italie-hotel-tre-poggi-640x420-1.jpg\" media=\"(max-width: 1921px)\"><img decoding=\"async\" width=\"420\" height=\"210\" src=\"https:\/\/www.palmex.fr\/wp-content\/uploads\/2024\/07\/7-italie-hotel-tre-poggi-640x420-1-210x210.jpg\" alt=\"Palmex \" loading=\"lazy\" title=\"\"><\/picture><\/figure><figure class=\"fc-galerie__item\" ><picture><source srcset=\"https:\/\/www.palmex.fr\/wp-content\/uploads\/2024\/07\/5-polynesie-francaise-jardin-villa-700x420-1-210x210.jpg\" media=\"(max-width: 210px)\"><source srcset=\"https:\/\/www.palmex.fr\/wp-content\/uploads\/2024\/07\/5-polynesie-francaise-jardin-villa-700x420-1-420x252.jpg\" media=\"(max-width: 421px)\"><source srcset=\"https:\/\/www.palmex.fr\/wp-content\/uploads\/2024\/07\/5-polynesie-francaise-jardin-villa-700x420-1.jpg\" media=\"(max-width: 1025px)\"><source srcset=\"https:\/\/www.palmex.fr\/wp-content\/uploads\/2024\/07\/5-polynesie-francaise-jardin-villa-700x420-1.jpg\" media=\"(max-width: 1537px)\"><source srcset=\"https:\/\/www.palmex.fr\/wp-content\/uploads\/2024\/07\/5-polynesie-francaise-jardin-villa-700x420-1.jpg\" media=\"(max-width: 1921px)\"><img decoding=\"async\" width=\"420\" height=\"210\" src=\"https:\/\/www.palmex.fr\/wp-content\/uploads\/2024\/07\/5-polynesie-francaise-jardin-villa-700x420-1-210x210.jpg\" alt=\"Palmex \" loading=\"lazy\" title=\"\"><\/picture><\/figure><figure class=\"fc-galerie__item\" ><picture><source srcset=\"https:\/\/www.palmex.fr\/wp-content\/uploads\/2024\/07\/3-iles-de-porquerolles-210x210.jpg\" media=\"(max-width: 210px)\"><source srcset=\"https:\/\/www.palmex.fr\/wp-content\/uploads\/2024\/07\/3-iles-de-porquerolles-420x318.jpg\" media=\"(max-width: 421px)\"><source srcset=\"https:\/\/www.palmex.fr\/wp-content\/uploads\/2024\/07\/3-iles-de-porquerolles.jpg\" media=\"(max-width: 1025px)\"><source srcset=\"https:\/\/www.palmex.fr\/wp-content\/uploads\/2024\/07\/3-iles-de-porquerolles.jpg\" media=\"(max-width: 1537px)\"><source srcset=\"https:\/\/www.palmex.fr\/wp-content\/uploads\/2024\/07\/3-iles-de-porquerolles.jpg\" media=\"(max-width: 1921px)\"><img decoding=\"async\" width=\"420\" height=\"210\" src=\"https:\/\/www.palmex.fr\/wp-content\/uploads\/2024\/07\/3-iles-de-porquerolles-210x210.jpg\" alt=\"Palmex \" loading=\"lazy\" title=\"\"><\/picture><\/figure><figure class=\"fc-galerie__item\" ><picture><source srcset=\"https:\/\/www.palmex.fr\/wp-content\/uploads\/2024\/07\/Min-Parasol-Club-1024x768-1-210x210.jpg\" media=\"(max-width: 210px)\"><source srcset=\"https:\/\/www.palmex.fr\/wp-content\/uploads\/2024\/07\/Min-Parasol-Club-1024x768-1-420x315.jpg\" media=\"(max-width: 421px)\"><source srcset=\"https:\/\/www.palmex.fr\/wp-content\/uploads\/2024\/07\/Min-Parasol-Club-1024x768-1-768x576.jpg\" media=\"(max-width: 1025px)\"><source srcset=\"https:\/\/www.palmex.fr\/wp-content\/uploads\/2024\/07\/Min-Parasol-Club-1024x768-1.jpg\" media=\"(max-width: 1537px)\"><source srcset=\"https:\/\/www.palmex.fr\/wp-content\/uploads\/2024\/07\/Min-Parasol-Club-1024x768-1.jpg\" media=\"(max-width: 1921px)\"><img decoding=\"async\" width=\"420\" height=\"210\" src=\"https:\/\/www.palmex.fr\/wp-content\/uploads\/2024\/07\/Min-Parasol-Club-1024x768-1-210x210.jpg\" alt=\"Palmex \" loading=\"lazy\" title=\"\"><\/picture><\/figure><\/div><\/div><\/div><\/div>\n\n<div class=\"fc-cover sec-00 is-fixed align-full\" style=\"\" data-bgimage=\"https:\/\/www.palmex.fr\/wp-content\/uploads\/2024\/07\/IMG_0015-1024x683.webp\" data-bgimagexs=\"https:\/\/www.palmex.fr\/wp-content\/uploads\/2024\/07\/IMG_0015-768x512.webp\"><span style=\"filter: opacity(50%);background-color:var(--vert-fonce);\"><\/span><div class=\"fc-cover__inner\" style=\"\"><p class=\"h2\" style=\"text-align: center;\"  >Consigue tu Sombrilla Ex\u00f3tica:<\/p><div class=\"fc-boutons display-flex \" style=\"justify-content:center;\"><span class=\"fc-boutons__btn btn-contact is-style-1\">Contacta con nosotros<\/span><\/div><\/div><\/div>","protected":false},"excerpt":{"rendered":"<p>Paraguas ex\u00f3tico de hojas de palmera Descripci\u00f3n del producto : Lo mejor de nuestra sombrilla es que se instala r\u00e1pidamente. Partiendo de una estructura met\u00e1lica de hierro redondo galvanizado de 8 mm, utilizamos un sistema de clips para fijar las hojas Fiji adecuadas. Toda la estructura tiene un di\u00e1metro de 2,20 m, y nuestras hojas [&hellip;]<\/p>\n","protected":false},"author":1,"featured_media":0,"parent":1053,"menu_order":0,"comment_status":"closed","ping_status":"closed","template":"","meta":{"_acf_changed":false,"footnotes":""},"acf":[],"_links":{"self":[{"href":"https:\/\/www.palmex.fr\/es\/wp-json\/wp\/v2\/pages\/1108"}],"collection":[{"href":"https:\/\/www.palmex.fr\/es\/wp-json\/wp\/v2\/pages"}],"about":[{"href":"https:\/\/www.palmex.fr\/es\/wp-json\/wp\/v2\/types\/page"}],"author":[{"embeddable":true,"href":"https:\/\/www.palmex.fr\/es\/wp-json\/wp\/v2\/users\/1"}],"replies":[{"embeddable":true,"href":"https:\/\/www.palmex.fr\/es\/wp-json\/wp\/v2\/comments?post=1108"}],"version-history":[{"count":2,"href":"https:\/\/www.palmex.fr\/es\/wp-json\/wp\/v2\/pages\/1108\/revisions"}],"predecessor-version":[{"id":1565,"href":"https:\/\/www.palmex.fr\/es\/wp-json\/wp\/v2\/pages\/1108\/revisions\/1565"}],"up":[{"embeddable":true,"href":"https:\/\/www.palmex.fr\/es\/wp-json\/wp\/v2\/pages\/1053"}],"wp:attachment":[{"href":"https:\/\/www.palmex.fr\/es\/wp-json\/wp\/v2\/media?parent=1108"}],"curies":[{"name":"wp","href":"https:\/\/api.w.org\/{rel}","templated":true}]}}