{"id":1123,"date":"2024-07-17T09:45:02","date_gmt":"2024-07-17T07:45:02","guid":{"rendered":"https:\/\/www.palmex.fr\/compromisos\/"},"modified":"2024-09-18T16:09:22","modified_gmt":"2024-09-18T14:09:22","slug":"compromisos","status":"publish","type":"page","link":"https:\/\/www.palmex.fr\/es\/compromisos\/","title":{"rendered":"Nuestros compromisos"},"content":{"rendered":"<div class=\"fc-cover sec-00 is-fixed align-full\" style=\"\" data-bgimage=\"https:\/\/www.palmex.fr\/wp-content\/uploads\/2024\/07\/IMG_0012-1024x683.webp\" data-bgimagexs=\"https:\/\/www.palmex.fr\/wp-content\/uploads\/2024\/07\/IMG_0012-768x512.webp\"><span style=\"filter: opacity(50%);background-color:var(--vert-fonce);\"><\/span><div class=\"fc-cover__inner\" style=\"\"><h1 style=\"text-align: center;\">Compromisos <span class=\"fc-span\">de Palmex Francia<\/span><\/h1><\/div><\/div>\n\n<div class=\"fc-group sec-30\"><h2 style=\"text-align: center;\">Productos ecorresponsables<\/h2><h3 style=\"text-align: center;\">Sin compromisos entre planeta y calidad<\/h3><p  style=\"text-align: center;\"  >Palmex se complace en ofrecer a sus clientes<strong> cubiertas ex\u00f3ticas ecorresponsables, 100% reciclables, s\u00f3lidas y duraderas<\/strong>.<\/p><p  style=\"text-align: center;\"  >Nuestros productos <strong>no contienen sustancias t\u00f3xicas<\/strong>, se fabrican conforme a las normas ISO 9001-2015 y, en parte, con <strong>materiales reciclados<\/strong>.<\/p><p  style=\"text-align: center;\"  >Durante la producci\u00f3n, nuestras hojas de palma sint\u00e9tica se someten a un <strong>tratamiento espec\u00edfico anti-UV<\/strong> que, una vez instalado, supone un valioso ahorro de energ\u00eda en aire acondicionado y ventilaci\u00f3n, entre otras cosas.<\/p><p  style=\"text-align: center;\"  >Por el bien del medio ambiente, tambi\u00e9n es importante se\u00f1alar que utilizamos muy <strong>pocos envases<\/strong> en la entrega de nuestros productos.<\/p><p  style=\"text-align: center;\"  >Nuestros materiales de calidad industrial son lo suficientemente resistentes como para soportar todo tipo de climas. La <strong>durabilidad de los productos<\/strong> PALMEX se estima en 50 a\u00f1os o m\u00e1s. Sin embargo, si es necesario, las planchas PALMEX pueden desmontarse y reutilizarse.<\/p><p  style=\"text-align: center;\"  >Los productos PALMEX est\u00e1n dise\u00f1ados para proporcionar una <strong>soluci\u00f3n permanente<\/strong> al problema de la masiva y creciente recolecci\u00f3n de recursos naturales utilizados para cubrir los tejados ex\u00f3ticos que se est\u00e1n desarrollando en todo el planeta. Ayudan a minimizar el impacto global de nuestro desarrollo econ\u00f3mico e inmobiliario sobre los recursos naturales y sostenibles de nuestro entorno vital.<\/p><p  style=\"text-align: center;\"  >Comprometida a compartir su visi\u00f3n del desarrollo sostenible, Palmex se enorgullece de ofrecer una<strong> gama de productos ecorresponsables<\/strong> que satisfacen las necesidades del presente sin comprometer la capacidad de las generaciones futuras para satisfacer sus propias necesidades.  <\/p><div class=\"fc-boutons display-flex \" style=\"justify-content:center;\"><a href=\"https:\/\/www.palmex.fr\/wp-content\/uploads\/2024\/07\/garantie-avril-2021.pdf\" rel=\"noreferrer noopener\" rel=\"noreferrer noopener\" target=\"_blank\" rel=\"noreferrer noopener\" rel=\"noreferrer noopener\" rel=\"noreferrer noopener nofollow\" rel=\"noreferrer noopener\" class=\"fc-boutons__btn is-style-1\">Ver la garant\u00eda Palmex<\/a><\/div><\/div>\n\n<div class=\"colonnes sec-05\" style=\"align-items:center;\"><div class=\"colonnes__item parallax-up\" style=\"align-self:center;\">\n<figure class=\"wp-block-embed is-type-video is-provider-youtube wp-block-embed-youtube video wp-embed-aspect-4-3 wp-has-aspect-ratio figcaption\"><div class=\"wp-block-embed__wrapper\">\n<iframe loading=\"lazy\" title=\"Toiture tropicale synth\u00e9tique ignifuge de Palmex France\" width=\"500\" height=\"375\" src=\"https:\/\/www.youtube.com\/embed\/HyMCHWMnclc?feature=oembed\" frameborder=\"0\" allow=\"accelerometer; autoplay; clipboard-write; encrypted-media; gyroscope; picture-in-picture; web-share\" referrerpolicy=\"strict-origin-when-cross-origin\" allowfullscreen><\/iframe>\n<\/div><\/figure>\n<p class=\"figcaption\" style=\"\"  >Prueba de fuego<\/p><\/div><div class=\"colonnes__item texte\" style=\"align-self:center;\"><h2 class=\"h2\">Resistencia al fuego<\/h2><p    >Las planchas Palmex han obtenido la <strong>clasificaci\u00f3n europea CSTB M1<\/strong>. Descubre nuestra prueba comparativa entre una s\u00e1bana cl\u00e1sica y una s\u00e1bana Palmex.<\/p><div class=\"fc-boutons\"><a href=\"https:\/\/www.palmex.fr\/wp-content\/uploads\/2024\/07\/Fire-retartdant-M1-20213.pdf\" rel=\"noreferrer noopener\" rel=\"noreferrer noopener\" target=\"_blank\" rel=\"noreferrer noopener\" rel=\"noreferrer noopener\" rel=\"noreferrer noopener\" rel=\"noreferrer noopener\" class=\"fc-boutons__btn is-style-1\">Informe de clasificaci\u00f3n de incendios<\/a><\/div><\/div><\/div>","protected":false},"excerpt":{"rendered":"<p>Productos ecorresponsables Sin compromisos entre planeta y calidad Palmex se complace en ofrecer a sus clientes cubiertas ex\u00f3ticas ecorresponsables, 100% reciclables, s\u00f3lidas y duraderas. Nuestros productos no contienen sustancias t\u00f3xicas, se fabrican conforme a las normas ISO 9001-2015 y, en parte, con materiales reciclados. Durante la producci\u00f3n, nuestras hojas de palma sint\u00e9tica se someten a [&hellip;]<\/p>\n","protected":false},"author":1,"featured_media":0,"parent":0,"menu_order":0,"comment_status":"closed","ping_status":"closed","template":"","meta":{"_acf_changed":false,"footnotes":""},"acf":[],"_links":{"self":[{"href":"https:\/\/www.palmex.fr\/es\/wp-json\/wp\/v2\/pages\/1123"}],"collection":[{"href":"https:\/\/www.palmex.fr\/es\/wp-json\/wp\/v2\/pages"}],"about":[{"href":"https:\/\/www.palmex.fr\/es\/wp-json\/wp\/v2\/types\/page"}],"author":[{"embeddable":true,"href":"https:\/\/www.palmex.fr\/es\/wp-json\/wp\/v2\/users\/1"}],"replies":[{"embeddable":true,"href":"https:\/\/www.palmex.fr\/es\/wp-json\/wp\/v2\/comments?post=1123"}],"version-history":[{"count":3,"href":"https:\/\/www.palmex.fr\/es\/wp-json\/wp\/v2\/pages\/1123\/revisions"}],"predecessor-version":[{"id":1589,"href":"https:\/\/www.palmex.fr\/es\/wp-json\/wp\/v2\/pages\/1123\/revisions\/1589"}],"wp:attachment":[{"href":"https:\/\/www.palmex.fr\/es\/wp-json\/wp\/v2\/media?parent=1123"}],"curies":[{"name":"wp","href":"https:\/\/api.w.org\/{rel}","templated":true}]}}