{"id":1483,"date":"2024-09-03T16:16:25","date_gmt":"2024-09-03T14:16:25","guid":{"rendered":"https:\/\/www.palmex.fr\/tejados-exoticos\/hojas-rio-con-rail\/"},"modified":"2024-09-09T09:57:31","modified_gmt":"2024-09-09T07:57:31","slug":"hojas-rio-con-rail","status":"publish","type":"page","link":"https:\/\/www.palmex.fr\/es\/tejados-exoticos\/hojas-rio-con-rail\/","title":{"rendered":"Hojas de R\u00edoha con riel"},"content":{"rendered":"<div class=\"fc-cover sec-00 is-fixed align-full\" style=\"\" data-bgimage=\"https:\/\/www.palmex.fr\/wp-content\/uploads\/2024\/08\/ae5c6c00-1.jpg\" data-bgimagexs=\"https:\/\/www.palmex.fr\/wp-content\/uploads\/2024\/08\/ae5c6c00-1.jpg\"><span style=\"filter: opacity(50%);background-color:var(--vert-fonce);\"><\/span><div class=\"fc-cover__inner\" style=\"\"><p class=\"h1\" style=\"text-align: center;\"  >Hojas de R\u00edoha (Rio + riel)<\/p><\/div><\/div>\n\n<div class=\"colonnes\"><div class=\"colonnes__item\" style=\"align-self:center;\"><h1 class=\"h2\">Hojas R\u00edoha (tabaco) Coco (blanco) o Verde (verde)<\/h1><h2 class=\"h3\">Paquete de 72 hojas que cubren 9 m\u00b2 con riel:<\/h2><p    ><strong>Las l\u00e1minas ex\u00f3ticas artificiales Rioha (Rio + ra\u00edl)<\/strong> est\u00e1n dise\u00f1adas para <strong>fijarse directamente<\/strong> a las vigas a una distancia m\u00e1xima de 40 cm entre centros mediante un sistema patentado. Estas l\u00e1minas ofrecen dos ventajas t\u00e9cnicas: una<strong> cubierta exterior eficaz<\/strong> en todas las condiciones meteorol\u00f3gicas y un <strong>bajo techo visible<\/strong> con <strong>una est\u00e9tica tradicional<\/strong> muy apreciada en muchos pa\u00edses tropicales. Este concepto de cubierta garantiza<strong> una resistencia excepcional<\/strong> a las inclemencias del tiempo y a los vientos fuertes, y se coloca con una inclinaci\u00f3n m\u00ednima de 30\u00b0 para garantizar la estanqueidad. Estas l\u00e1minas artificiales tambi\u00e9n est\u00e1n disponibles en versi\u00f3n ign\u00edfuga bajo pedido, en versi\u00f3n A (normas estadounidenses) correspondiente a la norma europea M1.<\/p><p    >La <strong>hoja de palmera ex\u00f3tica Rioha (Rio + barandilla)<\/strong> tiene unas caracter\u00edsticas t\u00e9cnicas excepcionales, tanto en t\u00e9rminos de su <strong> vida \u00fatil de 50 a\u00f1os<\/strong> y <strong>garant\u00eda de 20 a\u00f1os<\/strong>, as\u00ed como su resistencia al viento. Su aspecto es similar al de una <strong>hoja de coco o de Pandanus<\/strong>.<\/p><\/div><div class=\"colonnes__item zoom-out\"><figure class=\"\"><picture><source srcset=\"https:\/\/www.palmex.fr\/wp-content\/uploads\/2024\/08\/ae5c6c00-1-210x210.jpg\" media=\"(max-width: 210px)\"><source srcset=\"https:\/\/www.palmex.fr\/wp-content\/uploads\/2024\/08\/ae5c6c00-1-315x420.jpg\" media=\"(max-width: 421px)\"><source srcset=\"https:\/\/www.palmex.fr\/wp-content\/uploads\/2024\/08\/ae5c6c00-1.jpg\" media=\"(max-width: 1025px)\"><source srcset=\"https:\/\/www.palmex.fr\/wp-content\/uploads\/2024\/08\/ae5c6c00-1.jpg\" media=\"(max-width: 1537px)\"><source srcset=\"https:\/\/www.palmex.fr\/wp-content\/uploads\/2024\/08\/ae5c6c00-1.jpg\" media=\"(max-width: 1921px)\"><img decoding=\"async\" width=\"420\" height=\"210\" src=\"https:\/\/www.palmex.fr\/wp-content\/uploads\/2024\/08\/ae5c6c00-1-210x210.jpg\" alt=\"Palmex \" loading=\"lazy\" title=\"\"><\/picture><\/figure><\/div><\/div>\n\n<h2 class=\"h3\" style=\"text-align: center;\">Detalles del producto :<\/h2>\n\n<div class=\"colonnes\"><div class=\"colonnes__item\"><h3>Materiales<\/h3><ul    >\n<li>Polietileno de alta densidad.<\/li>\n\n<li>Con tratamiento anti-UV en toda la superficie.<\/li>\n\n<li>Tintado en toda la superficie.<\/li>\n\n<li>Alta resistencia.<\/li>\n\n<li>Termomoldeado.<\/li>\n\n<li>100% reciclable.<\/li>\n<\/ul><h3>Especificaciones<\/h3><ul    >\n<li>Color: Tabaco o Blanco<\/li>\n\n<li>Dimensiones: 100 cm x 60 cm<\/li>\n\n<li>Grosor: 0,7 mm<\/li>\n\n<li>Peso: 3,42 kg\/m2<\/li>\n<\/ul><h3>Embalaje<\/h3><ul    >\n<li>Paquete de 72 hojas, 98 cm x 64 cm x 15 cm &#8211; 25 kg, que cubren 9 m\u00b2.<\/li>\n\n<li>Paquete de 24 ra\u00edles 10 cm x 10 cm x 300 cm (aprox.) &#8211; 9 kg<\/li>\n<\/ul><\/div><div class=\"colonnes__item\"><h3>Instalaci\u00f3n<\/h3><ul    >\n<li>Fijaci\u00f3n por tornillos (20 mm), chapa con ra\u00edl.<\/li>\n\n<li>En paneles de madera, contrachapado o chapa met\u00e1lica<\/li>\n\n<li>M\u00ednimo de 8 hojas por m\u00b2 , es decir, una superficie de 12,5 cm<\/li>\n\n<li>Instalado con ra\u00edles en vigas verticales a 40 cm entre centros<\/li>\n\n<li>Filas escalonadas de hojas 2\/1<\/li>\n\n<li>Superponga las 2 primeras filas para obtener un borde m\u00e1s grueso<\/li>\n\n<li>2 primeras filas superpuestas en el mismo carril para dar espesor a la parte inferior del techo<\/li>\n\n<li>Decorativo y est\u00e9tico<\/li>\n\n<li>Estanqueidad garantizada con una pendiente m\u00ednima de 30\u00b0 que debe respetarse<\/li>\n<\/ul><h3>C\u00f3digo aduanero<\/h3><ul    >\n<li>39.21.19.90<\/li>\n<\/ul><\/div><\/div>\n\n<p class=\"h3\" style=\"text-align: center;\"  >Descargas  <\/p>\n\n<ul class=\"pictos\" style=\"\"  >\n<li>\t\r\n\t\t\t  \t\t\t\t<a href=\"https:\/\/www.palmex.fr\/wp-content\/uploads\/2024\/07\/Guide-Utilisation-ES.pdf\" target=\"_blank\">Gu\u00eda de instalaci\u00f3n<\/a>\r\n\t\t\t\t\t\r\n\t\t\t  <\/li>\n\n<li>\r\n\t\t\t\t\t\t<a href=\"https:\/\/www.palmex.fr\/wp-content\/uploads\/2024\/07\/Notice-dinstallation-avec-rails-Aloha-Coco-FR.pdf\" target=\"_blank\">Instrucciones de montaje<\/a>\r\n\t\t\t\r\n\t\t\t<\/li>\n\n<li>\r\n\t\t\t\t\t\t<a href=\"https:\/\/www.palmex.fr\/wp-content\/uploads\/2024\/07\/garantie-avril-2021.pdf\" target=\"_blank\">Garant\u00eda Palmex<\/a>\r\n\t\t\t\r\n\t\t\t<\/li>\n\n<li>\r\n\t\t\t\t\t\t<a href=\"https:\/\/www.palmex.fr\/wp-content\/uploads\/2024\/07\/Sens-de-pose-des-feuilles-2.pdf\" target=\"_blank\">Direcci\u00f3n de colocaci\u00f3n de la l\u00e1mina<\/a>\r\n\t\t\t\r\n\t\t\t<\/li>\n\n<li>\r\n\t\t\t\t\t\t<a href=\"https:\/\/www.palmex.fr\/wp-content\/uploads\/2024\/07\/fiche-implantations.pdf\" target=\"_blank\">Instrucciones de montaje de los accesorios<\/a>\r\n\t\t\t\r\n\t\t\t<\/li>\n\n<li>\r\n\t\t\t\t\t\t<a href=\"https:\/\/www.palmex.fr\/wp-content\/uploads\/2024\/07\/fiche-accessoires.pdf\" target=\"_blank\">Accesorios<\/a>\r\n\t\t\t\r\n\t\t\t<\/li>\n<\/ul>\n\n<div class=\"fc-group sec-25 align-full\"><p class=\"h2\" style=\"text-align: center;\"  >R\u00edoha en fotos<\/p><div class=\"colonnes\"><div class=\"colonnes__item texte\" style=\"align-self:center;\"><p class=\"text-rotate\" style=\"text-align: center;\"  >Logros<\/p><\/div><div class=\"colonnes__item galerie\"><div class=\"fc-galerie col-5\"><figure class=\"fc-galerie__item\" ><picture><source srcset=\"https:\/\/www.palmex.fr\/wp-content\/uploads\/2024\/07\/20240624_153221-210x210.webp\" media=\"(max-width: 210px)\"><source srcset=\"https:\/\/www.palmex.fr\/wp-content\/uploads\/2024\/07\/20240624_153221-420x420.webp\" media=\"(max-width: 421px)\"><source srcset=\"https:\/\/www.palmex.fr\/wp-content\/uploads\/2024\/07\/20240624_153221-768x766.webp\" media=\"(max-width: 1025px)\"><source srcset=\"https:\/\/www.palmex.fr\/wp-content\/uploads\/2024\/07\/20240624_153221-1024x1021.webp\" media=\"(max-width: 1537px)\"><source srcset=\"https:\/\/www.palmex.fr\/wp-content\/uploads\/2024\/07\/20240624_153221.webp\" media=\"(max-width: 1921px)\"><img decoding=\"async\" width=\"420\" height=\"210\" src=\"https:\/\/www.palmex.fr\/wp-content\/uploads\/2024\/07\/20240624_153221-210x210.webp\" alt=\"Palmex \" loading=\"lazy\" title=\"\"><\/picture><\/figure><figure class=\"fc-galerie__item\" ><picture><source srcset=\"https:\/\/www.palmex.fr\/wp-content\/uploads\/2024\/07\/20240624_153424-210x210.webp\" media=\"(max-width: 210px)\"><source srcset=\"https:\/\/www.palmex.fr\/wp-content\/uploads\/2024\/07\/20240624_153424-408x420.webp\" media=\"(max-width: 421px)\"><source srcset=\"https:\/\/www.palmex.fr\/wp-content\/uploads\/2024\/07\/20240624_153424-768x791.webp\" media=\"(max-width: 1025px)\"><source srcset=\"https:\/\/www.palmex.fr\/wp-content\/uploads\/2024\/07\/20240624_153424-994x1024.webp\" media=\"(max-width: 1537px)\"><source srcset=\"https:\/\/www.palmex.fr\/wp-content\/uploads\/2024\/07\/20240624_153424.webp\" media=\"(max-width: 1921px)\"><img decoding=\"async\" width=\"420\" height=\"210\" src=\"https:\/\/www.palmex.fr\/wp-content\/uploads\/2024\/07\/20240624_153424-210x210.webp\" alt=\"Palmex \" loading=\"lazy\" title=\"\"><\/picture><\/figure><figure class=\"fc-galerie__item\" ><picture><source srcset=\"https:\/\/www.palmex.fr\/wp-content\/uploads\/2024\/07\/image8-210x210.webp\" media=\"(max-width: 210px)\"><source srcset=\"https:\/\/www.palmex.fr\/wp-content\/uploads\/2024\/07\/image8-420x315.webp\" media=\"(max-width: 421px)\"><source srcset=\"https:\/\/www.palmex.fr\/wp-content\/uploads\/2024\/07\/image8.webp\" media=\"(max-width: 1025px)\"><source srcset=\"https:\/\/www.palmex.fr\/wp-content\/uploads\/2024\/07\/image8.webp\" media=\"(max-width: 1537px)\"><source srcset=\"https:\/\/www.palmex.fr\/wp-content\/uploads\/2024\/07\/image8.webp\" media=\"(max-width: 1921px)\"><img decoding=\"async\" width=\"420\" height=\"210\" src=\"https:\/\/www.palmex.fr\/wp-content\/uploads\/2024\/07\/image8-210x210.webp\" alt=\"Palmex \" loading=\"lazy\" title=\"\"><\/picture><\/figure><figure class=\"fc-galerie__item\" ><picture><source srcset=\"https:\/\/www.palmex.fr\/wp-content\/uploads\/2024\/07\/image9-210x210.webp\" media=\"(max-width: 210px)\"><source srcset=\"https:\/\/www.palmex.fr\/wp-content\/uploads\/2024\/07\/image9-420x315.webp\" media=\"(max-width: 421px)\"><source srcset=\"https:\/\/www.palmex.fr\/wp-content\/uploads\/2024\/07\/image9-768x576.webp\" media=\"(max-width: 1025px)\"><source srcset=\"https:\/\/www.palmex.fr\/wp-content\/uploads\/2024\/07\/image9-1024x768.webp\" media=\"(max-width: 1537px)\"><source srcset=\"https:\/\/www.palmex.fr\/wp-content\/uploads\/2024\/07\/image9.webp\" media=\"(max-width: 1921px)\"><img decoding=\"async\" width=\"420\" height=\"210\" src=\"https:\/\/www.palmex.fr\/wp-content\/uploads\/2024\/07\/image9-210x210.webp\" alt=\"Palmex \" loading=\"lazy\" title=\"\"><\/picture><\/figure><figure class=\"fc-galerie__item\" ><picture><source srcset=\"https:\/\/www.palmex.fr\/wp-content\/uploads\/2024\/07\/IMG_0027-210x210.webp\" media=\"(max-width: 210px)\"><source srcset=\"https:\/\/www.palmex.fr\/wp-content\/uploads\/2024\/07\/IMG_0027.webp\" media=\"(max-width: 421px)\"><source srcset=\"https:\/\/www.palmex.fr\/wp-content\/uploads\/2024\/07\/IMG_0027.webp\" media=\"(max-width: 1025px)\"><source srcset=\"https:\/\/www.palmex.fr\/wp-content\/uploads\/2024\/07\/IMG_0027.webp\" media=\"(max-width: 1537px)\"><source srcset=\"https:\/\/www.palmex.fr\/wp-content\/uploads\/2024\/07\/IMG_0027.webp\" media=\"(max-width: 1921px)\"><img decoding=\"async\" width=\"420\" height=\"210\" src=\"https:\/\/www.palmex.fr\/wp-content\/uploads\/2024\/07\/IMG_0027-210x210.webp\" alt=\"Palmex \" loading=\"lazy\" title=\"\"><\/picture><\/figure><figure class=\"fc-galerie__item\" ><picture><source srcset=\"https:\/\/www.palmex.fr\/wp-content\/uploads\/2024\/07\/IMG_0079-210x210.webp\" media=\"(max-width: 210px)\"><source srcset=\"https:\/\/www.palmex.fr\/wp-content\/uploads\/2024\/07\/IMG_0079-315x420.webp\" media=\"(max-width: 421px)\"><source srcset=\"https:\/\/www.palmex.fr\/wp-content\/uploads\/2024\/07\/IMG_0079-768x1024.webp\" media=\"(max-width: 1025px)\"><source srcset=\"https:\/\/www.palmex.fr\/wp-content\/uploads\/2024\/07\/IMG_0079-768x1024.webp\" media=\"(max-width: 1537px)\"><source srcset=\"https:\/\/www.palmex.fr\/wp-content\/uploads\/2024\/07\/IMG_0079.webp\" media=\"(max-width: 1921px)\"><img decoding=\"async\" width=\"420\" height=\"210\" src=\"https:\/\/www.palmex.fr\/wp-content\/uploads\/2024\/07\/IMG_0079-210x210.webp\" alt=\"Palmex \" loading=\"lazy\" title=\"\"><\/picture><\/figure><figure class=\"fc-galerie__item\" ><picture><source srcset=\"https:\/\/www.palmex.fr\/wp-content\/uploads\/2024\/07\/IMG_0122-210x210.webp\" media=\"(max-width: 210px)\"><source srcset=\"https:\/\/www.palmex.fr\/wp-content\/uploads\/2024\/07\/IMG_0122-420x315.webp\" media=\"(max-width: 421px)\"><source srcset=\"https:\/\/www.palmex.fr\/wp-content\/uploads\/2024\/07\/IMG_0122-768x576.webp\" media=\"(max-width: 1025px)\"><source srcset=\"https:\/\/www.palmex.fr\/wp-content\/uploads\/2024\/07\/IMG_0122-1024x768.webp\" media=\"(max-width: 1537px)\"><source srcset=\"https:\/\/www.palmex.fr\/wp-content\/uploads\/2024\/07\/IMG_0122.webp\" media=\"(max-width: 1921px)\"><img decoding=\"async\" width=\"420\" height=\"210\" src=\"https:\/\/www.palmex.fr\/wp-content\/uploads\/2024\/07\/IMG_0122-210x210.webp\" alt=\"Palmex \" loading=\"lazy\" title=\"\"><\/picture><\/figure><figure class=\"fc-galerie__item\" ><picture><source srcset=\"https:\/\/www.palmex.fr\/wp-content\/uploads\/2024\/07\/IMG_03611-210x210.webp\" media=\"(max-width: 210px)\"><source srcset=\"https:\/\/www.palmex.fr\/wp-content\/uploads\/2024\/07\/IMG_03611-420x420.webp\" media=\"(max-width: 421px)\"><source srcset=\"https:\/\/www.palmex.fr\/wp-content\/uploads\/2024\/07\/IMG_03611-768x767.webp\" media=\"(max-width: 1025px)\"><source srcset=\"https:\/\/www.palmex.fr\/wp-content\/uploads\/2024\/07\/IMG_03611.webp\" media=\"(max-width: 1537px)\"><source srcset=\"https:\/\/www.palmex.fr\/wp-content\/uploads\/2024\/07\/IMG_03611.webp\" media=\"(max-width: 1921px)\"><img decoding=\"async\" width=\"420\" height=\"210\" src=\"https:\/\/www.palmex.fr\/wp-content\/uploads\/2024\/07\/IMG_03611-210x210.webp\" alt=\"Palmex \" loading=\"lazy\" title=\"\"><\/picture><\/figure><figure class=\"fc-galerie__item\" ><picture><source srcset=\"https:\/\/www.palmex.fr\/wp-content\/uploads\/2024\/07\/IMG_4625-210x210.webp\" media=\"(max-width: 210px)\"><source srcset=\"https:\/\/www.palmex.fr\/wp-content\/uploads\/2024\/07\/IMG_4625-315x420.webp\" media=\"(max-width: 421px)\"><source srcset=\"https:\/\/www.palmex.fr\/wp-content\/uploads\/2024\/07\/IMG_4625-768x1024.webp\" media=\"(max-width: 1025px)\"><source srcset=\"https:\/\/www.palmex.fr\/wp-content\/uploads\/2024\/07\/IMG_4625-768x1024.webp\" media=\"(max-width: 1537px)\"><source srcset=\"https:\/\/www.palmex.fr\/wp-content\/uploads\/2024\/07\/IMG_4625.webp\" media=\"(max-width: 1921px)\"><img decoding=\"async\" width=\"420\" height=\"210\" src=\"https:\/\/www.palmex.fr\/wp-content\/uploads\/2024\/07\/IMG_4625-210x210.webp\" alt=\"Palmex \" loading=\"lazy\" title=\"\"><\/picture><\/figure><\/div><\/div><\/div><\/div>\n\n<div class=\"fc-cover sec-00 is-fixed align-full\" style=\"\" data-bgimage=\"https:\/\/www.palmex.fr\/wp-content\/uploads\/2024\/07\/IMG_0015-1024x683.webp\" data-bgimagexs=\"https:\/\/www.palmex.fr\/wp-content\/uploads\/2024\/07\/IMG_0015-768x512.webp\"><span style=\"filter: opacity(50%);background-color:var(--vert-fonce);\"><\/span><div class=\"fc-cover__inner\" style=\"\"><p class=\"h2\" style=\"text-align: center;\"  >Solicita las hojas de R\u00edoha:<\/p><div class=\"fc-boutons display-flex \" style=\"justify-content:center;\"><span class=\"fc-boutons__btn btn-contact is-style-1\">Contacta con nosotros<\/span><\/div><\/div><\/div>","protected":false},"excerpt":{"rendered":"<p>Hojas R\u00edoha (tabaco) Coco (blanco) o Verde (verde) Paquete de 72 hojas que cubren 9 m\u00b2 con riel: Las l\u00e1minas ex\u00f3ticas artificiales Rioha (Rio + ra\u00edl) est\u00e1n dise\u00f1adas para fijarse directamente a las vigas a una distancia m\u00e1xima de 40 cm entre centros mediante un sistema patentado. Estas l\u00e1minas ofrecen dos ventajas t\u00e9cnicas: una cubierta [&hellip;]<\/p>\n","protected":false},"author":2,"featured_media":0,"parent":1053,"menu_order":0,"comment_status":"closed","ping_status":"closed","template":"","meta":{"_acf_changed":false,"footnotes":""},"acf":[],"_links":{"self":[{"href":"https:\/\/www.palmex.fr\/es\/wp-json\/wp\/v2\/pages\/1483"}],"collection":[{"href":"https:\/\/www.palmex.fr\/es\/wp-json\/wp\/v2\/pages"}],"about":[{"href":"https:\/\/www.palmex.fr\/es\/wp-json\/wp\/v2\/types\/page"}],"author":[{"embeddable":true,"href":"https:\/\/www.palmex.fr\/es\/wp-json\/wp\/v2\/users\/2"}],"replies":[{"embeddable":true,"href":"https:\/\/www.palmex.fr\/es\/wp-json\/wp\/v2\/comments?post=1483"}],"version-history":[{"count":5,"href":"https:\/\/www.palmex.fr\/es\/wp-json\/wp\/v2\/pages\/1483\/revisions"}],"predecessor-version":[{"id":1514,"href":"https:\/\/www.palmex.fr\/es\/wp-json\/wp\/v2\/pages\/1483\/revisions\/1514"}],"up":[{"embeddable":true,"href":"https:\/\/www.palmex.fr\/es\/wp-json\/wp\/v2\/pages\/1053"}],"wp:attachment":[{"href":"https:\/\/www.palmex.fr\/es\/wp-json\/wp\/v2\/media?parent=1483"}],"curies":[{"name":"wp","href":"https:\/\/api.w.org\/{rel}","templated":true}]}}