{"id":1056,"date":"2024-07-17T09:36:03","date_gmt":"2024-07-17T07:36:03","guid":{"rendered":"https:\/\/www.palmex.fr\/telhados-exoticos\/"},"modified":"2025-01-29T13:51:51","modified_gmt":"2025-01-29T12:51:51","slug":"telhados-exoticos","status":"publish","type":"page","link":"https:\/\/www.palmex.fr\/pt-pt\/telhados-exoticos\/","title":{"rendered":"Produtos"},"content":{"rendered":"<div class=\"fc-cover sec-00 is-fixed align-full\" style=\"\" data-bgimage=\"https:\/\/www.palmex.fr\/wp-content\/uploads\/2024\/07\/IMG_0017-1024x683.webp\" data-bgimagexs=\"https:\/\/www.palmex.fr\/wp-content\/uploads\/2024\/07\/IMG_0017-768x512.webp\"><span style=\"filter: opacity(50%);background-color:var(--vert-fonce);\"><\/span><div class=\"fc-cover__inner\" style=\"\"><h1 style=\"text-align: center;\">Tectos ex\u00f3ticos fabricados com telas sint\u00e9ticas <span class=\"fc-span\">topo de gama<\/span><br\/><\/h1><\/div><\/div><div class=\"colonnes sec-05\" style=\"align-items:center;\"><div class=\"colonnes__item parallax-up\" style=\"align-self:center;\"><figure class=\"\" style=\"position:relative;\"><picture><source srcset=\"https:\/\/www.palmex.fr\/wp-content\/uploads\/2024\/07\/IMG_0025-210x210.webp\" media=\"(max-width: 210px)\"><source srcset=\"https:\/\/www.palmex.fr\/wp-content\/uploads\/2024\/07\/IMG_0025-420x420.webp\" media=\"(max-width: 421px)\"><source srcset=\"https:\/\/www.palmex.fr\/wp-content\/uploads\/2024\/07\/IMG_0025-768x768.webp\" media=\"(max-width: 1025px)\"><source srcset=\"https:\/\/www.palmex.fr\/wp-content\/uploads\/2024\/07\/IMG_0025-1024x1024.webp\" media=\"(max-width: 1537px)\"><source srcset=\"https:\/\/www.palmex.fr\/wp-content\/uploads\/2024\/07\/IMG_0025.webp\" media=\"(max-width: 1921px)\"><img decoding=\"async\" width=\"420\" height=\"210\" src=\"https:\/\/www.palmex.fr\/wp-content\/uploads\/2024\/07\/IMG_0025-210x210.webp\" alt=\"Palmex \" loading=\"lazy\" title=\"\"><\/picture><figcaption>Desde 1998&#8230;<\/figcaption><\/figure><\/div><div class=\"colonnes__item parallax-down hide-mob\" style=\"align-self:center;\"><figure class=\"\"><picture><source srcset=\"https:\/\/www.palmex.fr\/wp-content\/uploads\/2024\/07\/IMG_0017-210x210.webp\" media=\"(max-width: 210px)\"><source srcset=\"https:\/\/www.palmex.fr\/wp-content\/uploads\/2024\/07\/IMG_0017-420x280.webp\" media=\"(max-width: 421px)\"><source srcset=\"https:\/\/www.palmex.fr\/wp-content\/uploads\/2024\/07\/IMG_0017-768x512.webp\" media=\"(max-width: 1025px)\"><source srcset=\"https:\/\/www.palmex.fr\/wp-content\/uploads\/2024\/07\/IMG_0017-1024x683.webp\" media=\"(max-width: 1537px)\"><source srcset=\"https:\/\/www.palmex.fr\/wp-content\/uploads\/2024\/07\/IMG_0017.webp\" media=\"(max-width: 1921px)\"><img decoding=\"async\" width=\"420\" height=\"210\" src=\"https:\/\/www.palmex.fr\/wp-content\/uploads\/2024\/07\/IMG_0017-210x210.webp\" alt=\"Palmex \" loading=\"lazy\" title=\"\"><\/picture><\/figure><\/div><div class=\"colonnes__item texte\" style=\"align-self:center;\"><p class=\"h3\" style=\"\"  >A Palmex \u00e9 especializada no fabrico de <strong>folhas de palmeira<\/strong> <strong>sint\u00e9ticas<\/strong> utilizadas na constru\u00e7\u00e3o de <strong>telhados ex\u00f3ticos<\/strong>.<\/p><\/div><\/div><div class=\"fc-group sec-30\"><p  style=\"text-align: center;\"  >Ao escolher os nossos materiais, est\u00e1 a optar por produtos <strong>dur\u00e1veis<\/strong>, <strong>resistentes<\/strong> e <strong>100% recicl\u00e1veis<\/strong>.<\/p><h2 style=\"text-align: center;\">Respeitamos o ambiente: <span class=\"fc-span\">folhas 100% recicl\u00e1veis<\/span><\/h2><p  style=\"text-align: center;\"  ><strong>Os produtos Palmex<\/strong> foram concebidos para fornecer uma <strong>solu\u00e7\u00e3o permanente<\/strong> para o problema da recolha maci\u00e7a e crescente de recursos naturais utilizados para cobrir telhados ex\u00f3ticos. Contribuem para minimizar o impacto global do nosso desenvolvimento econ\u00f3mico e imobili\u00e1rio sobre os recursos naturais e sustent\u00e1veis do nosso ambiente de vida.<\/p><p  style=\"text-align: center;\"  >Os nossos produtos n\u00e3o cont\u00eam subst\u00e2ncias t\u00f3xicas, s\u00e3o fabricados de acordo com as normas ISO 9001-2015 e s\u00e3o parcialmente fabricados com <strong>materiais reciclados<\/strong>.<\/p><p  style=\"text-align: center;\" id=\"270\" >A Palmex orgulha-se de oferecer uma gama de <a href=\"https:\/\/www.palmex.fr\/pt-pt\/compromissos\/\" data-type=\"page\" data-id=\"270\">produtos eco-respons\u00e1veis<\/a> que satisfazem as necessidades do presente sem comprometer a capacidade das gera\u00e7\u00f5es futuras de satisfazerem as suas pr\u00f3prias necessidades.<\/p><div class=\"fc-lireplus fc-desk\"style=\"\"><p  style=\"text-align: center;\"  >L\u00ea mais  <span class=\"fc-icon\"><svg xmlns=\"http:\/\/www.w3.org\/2000\/svg\"  viewBox=\"0 0 512 512\" width=\"16px\" height=\"16px\"><!--! Font Awesome Pro 6.4.2 by @fontawesome - https:\/\/fontawesome.com License - https:\/\/fontawesome.com\/license (Commercial License) Copyright 2023 Fonticons, Inc.--><path d=\"M233.4 406.6c12.5 12.5 32.8 12.5 45.3 0l192-192c12.5-12.5 12.5-32.8 0-45.3s-32.8-12.5-45.3 0L256 338.7 86.6 169.4c-12.5-12.5-32.8-12.5-45.3 0s-12.5 32.8 0 45.3l192 192z\"\/><\/svg><\/span><\/p><div class=\"fc-group\"><h2 style=\"text-align: center;\">Qualidade excecional <span class=\"fc-span\">para um produto dur\u00e1vel e resistente.<\/span><\/h2><p  style=\"text-align: center;\"  >Os nossos materiais de qualidade industrial s\u00e3o suficientemente <strong>resistentes<\/strong> para suportar todos os tipos de clima.\nA <strong>durabilidade dos<\/strong> produtos Palmex \u00e9 <strong>garantida por 20 anos<\/strong>, com uma <strong>vida \u00fatil estimada de 50 anos ou mais<\/strong>. <\/p><p  style=\"text-align: center;\"  >Durante a produ\u00e7\u00e3o, as nossas folhas de palmeira sint\u00e9ticas s\u00e3o submetidas a um tratamento <strong>especial anti-UV<\/strong> que permite poupar energia valiosa em ar condicionado e ventila\u00e7\u00e3o.<\/p><p  style=\"text-align: center;\"  >Desde a nossa cria\u00e7\u00e3o, mais de 42 pa\u00edses em todo o mundo optaram por telhados ex\u00f3ticos feitos de folhas de palmeira sint\u00e9ticas.\nAo oferecerem o mesmo atrativo est\u00e9tico que as folhas de palmeira naturais, estes materiais proporcionam-te uma tranquilidade valiosa no que diz respeito \u00e0 manuten\u00e7\u00e3o a longo prazo. <\/p><p  style=\"text-align: center;\" id=\"1473\" >Estas folhas de palmeira sint\u00e9ticas, <a href=\"https:\/\/www.palmex.fr\/pt-pt\/telhados-exoticos\/folhas-rio-com-carril\/\" data-type=\"page\" data-id=\"1473\">Rioha<\/a> ou <a href=\"https:\/\/www.palmex.fr\/pt-pt\/telhados-exoticos\/folhas-sinteticas-rio\/\" data-type=\"page\" data-id=\"257\">Rio<\/a>, s\u00e3o muito <strong>f\u00e1ceis de instalar<\/strong>. Com uma inclina\u00e7\u00e3o m\u00ednima de 30\u00b0, s\u00e3o <strong>perfeitamente estanques<\/strong>. As vers\u00f5es ign\u00edfugas dos dois tipos de folhas est\u00e3o dispon\u00edveis para encomenda.  <\/p><p  style=\"text-align: center;\"  >As <strong>chapas Rio<\/strong> s\u00e3o concebidas para serem fixadas <strong>diretamente a um telhado existente<\/strong>, como pain\u00e9is de madeira, telhas ou chapas met\u00e1licas, enquanto as chapas Rioha s\u00e3o fixadas \u00e0 <strong>estrutura atrav\u00e9s<\/strong> de um sistema de calhas patenteado. Estas \u00faltimas oferecem um sub-teto vis\u00edvel com uma est\u00e9tica tradicional muito apreciada em muitos pa\u00edses. <\/p><\/div><\/div><\/div><div class=\"fc-group sec-20\"><h2 style=\"text-align: center;\">Descobre as nossas diferentes gamas:<\/h2><div class=\"colonnes cards\"><div class=\"colonnes__item\"><figure class=\"\"><picture><source srcset=\"https:\/\/www.palmex.fr\/wp-content\/uploads\/2024\/08\/tahiti-palm-210x210.jpg\" media=\"(max-width: 210px)\"><source srcset=\"https:\/\/www.palmex.fr\/wp-content\/uploads\/2024\/08\/tahiti-palm-252x420.jpg\" media=\"(max-width: 421px)\"><source srcset=\"https:\/\/www.palmex.fr\/wp-content\/uploads\/2024\/08\/tahiti-palm.jpg\" media=\"(max-width: 1025px)\"><source srcset=\"https:\/\/www.palmex.fr\/wp-content\/uploads\/2024\/08\/tahiti-palm.jpg\" media=\"(max-width: 1537px)\"><source srcset=\"https:\/\/www.palmex.fr\/wp-content\/uploads\/2024\/08\/tahiti-palm.jpg\" media=\"(max-width: 1921px)\"><img decoding=\"async\" width=\"420\" height=\"210\" src=\"https:\/\/www.palmex.fr\/wp-content\/uploads\/2024\/08\/tahiti-palm-210x210.jpg\" alt=\"Palmex \" loading=\"lazy\" title=\"\"><\/picture><\/figure><p class=\"h3\" style=\"\"  >Folhas de Tahiti Palm e Coco Palm<\/p><p  style=\"\"  >Concebida para ser fixada em pain\u00e9is de madeira ou em qualquer outro revestimento acabado.\n50 anos de vida \u00fatil \/ 20 anos de garantia. <\/p><div class=\"fc-boutons display-flex \" style=\"justify-content:center;\"><a href=\"https:\/\/www.palmex.fr\/pt-pt\/telhados-exoticos\/meia-palmeira-sintetica-decoracao-folhas-coco-palmeira\/\" rel=\"noreferrer noopener\" rel=\"noreferrer noopener\" class=\"fc-boutons__btn\">Ver mais<\/a><\/div><\/div><div class=\"colonnes__item\"><figure class=\"\"><picture><source srcset=\"https:\/\/www.palmex.fr\/wp-content\/uploads\/2024\/07\/IMG_0009-210x210.webp\" media=\"(max-width: 210px)\"><source srcset=\"https:\/\/www.palmex.fr\/wp-content\/uploads\/2024\/07\/IMG_0009-420x420.webp\" media=\"(max-width: 421px)\"><source srcset=\"https:\/\/www.palmex.fr\/wp-content\/uploads\/2024\/07\/IMG_0009.webp\" media=\"(max-width: 1025px)\"><source srcset=\"https:\/\/www.palmex.fr\/wp-content\/uploads\/2024\/07\/IMG_0009.webp\" media=\"(max-width: 1537px)\"><source srcset=\"https:\/\/www.palmex.fr\/wp-content\/uploads\/2024\/07\/IMG_0009.webp\" media=\"(max-width: 1921px)\"><img decoding=\"async\" width=\"420\" height=\"210\" src=\"https:\/\/www.palmex.fr\/wp-content\/uploads\/2024\/07\/IMG_0009-210x210.webp\" alt=\"Palmex \" loading=\"lazy\" title=\"\"><\/picture><\/figure><p class=\"h3\" style=\"\"  >Folhas Rio, Coco e Verde<\/p><p  style=\"\"  >Concebida para ser fixada em pain\u00e9is de madeira ou em qualquer outro revestimento acabado.\n50 anos de vida \u00fatil \/ 20 anos de garantia. <\/p><div class=\"fc-boutons display-flex \" style=\"justify-content:center;\"><a href=\"https:\/\/www.palmex.fr\/pt-pt\/telhados-exoticos\/folhas-sinteticas-rio\/\" rel=\"noreferrer noopener\" rel=\"noreferrer noopener\" class=\"fc-boutons__btn\">Ver mais<\/a><\/div><\/div><div class=\"colonnes__item\"><figure class=\"\"><picture><source srcset=\"https:\/\/www.palmex.fr\/wp-content\/uploads\/2024\/08\/ae5c6c00-1-210x210.jpg\" media=\"(max-width: 210px)\"><source srcset=\"https:\/\/www.palmex.fr\/wp-content\/uploads\/2024\/08\/ae5c6c00-1-315x420.jpg\" media=\"(max-width: 421px)\"><source srcset=\"https:\/\/www.palmex.fr\/wp-content\/uploads\/2024\/08\/ae5c6c00-1.jpg\" media=\"(max-width: 1025px)\"><source srcset=\"https:\/\/www.palmex.fr\/wp-content\/uploads\/2024\/08\/ae5c6c00-1.jpg\" media=\"(max-width: 1537px)\"><source srcset=\"https:\/\/www.palmex.fr\/wp-content\/uploads\/2024\/08\/ae5c6c00-1.jpg\" media=\"(max-width: 1921px)\"><img decoding=\"async\" width=\"420\" height=\"210\" src=\"https:\/\/www.palmex.fr\/wp-content\/uploads\/2024\/08\/ae5c6c00-1-210x210.jpg\" alt=\"Palmex \" loading=\"lazy\" title=\"\"><\/picture><\/figure><p class=\"h3\" style=\"\"  >Folhas de Rioha, Coco e Verde (com carril)<\/p><p  style=\"\"  >Concebida para ser fixada em pain\u00e9is de madeira ou em qualquer outro revestimento acabado.\n50 anos de vida \u00fatil \/ 20 anos de garantia. <\/p><div class=\"fc-boutons display-flex \" style=\"justify-content:center;\"><a href=\"https:\/\/www.palmex.fr\/pt-pt\/telhados-exoticos\/folhas-rio-com-carril\/\" rel=\"noreferrer noopener\" rel=\"noreferrer noopener\" class=\"fc-boutons__btn\">Ver mais<\/a><\/div><\/div><div class=\"colonnes__item\"><figure class=\"\"><picture><source srcset=\"https:\/\/www.palmex.fr\/wp-content\/uploads\/2024\/08\/toiture-exotique-synthetique-africa-kontiki-10-210x210.jpg\" media=\"(max-width: 210px)\"><source srcset=\"https:\/\/www.palmex.fr\/wp-content\/uploads\/2024\/08\/toiture-exotique-synthetique-africa-kontiki-10-420x252.jpg\" media=\"(max-width: 421px)\"><source srcset=\"https:\/\/www.palmex.fr\/wp-content\/uploads\/2024\/08\/toiture-exotique-synthetique-africa-kontiki-10.jpg\" media=\"(max-width: 1025px)\"><source srcset=\"https:\/\/www.palmex.fr\/wp-content\/uploads\/2024\/08\/toiture-exotique-synthetique-africa-kontiki-10.jpg\" media=\"(max-width: 1537px)\"><source srcset=\"https:\/\/www.palmex.fr\/wp-content\/uploads\/2024\/08\/toiture-exotique-synthetique-africa-kontiki-10.jpg\" media=\"(max-width: 1921px)\"><img decoding=\"async\" width=\"420\" height=\"210\" src=\"https:\/\/www.palmex.fr\/wp-content\/uploads\/2024\/08\/toiture-exotique-synthetique-africa-kontiki-10-210x210.jpg\" alt=\"Palmex \" loading=\"lazy\" title=\"\"><\/picture><\/figure><p class=\"h3\" style=\"\"  >\u00c1frica deixa<\/p><p  style=\"\"  >Concebida para ser fixada em pain\u00e9is de madeira ou em qualquer outro revestimento acabado.\n50 anos de vida \u00fatil \/ 20 anos de garantia. <\/p><div class=\"fc-boutons display-flex \" style=\"justify-content:center;\"><a href=\"https:\/\/www.palmex.fr\/pt-pt\/telhados-exoticos\/folhas-de-palmeira-sinteticas-africa\/\" rel=\"noreferrer noopener\" rel=\"noreferrer noopener\" class=\"fc-boutons__btn\">Ver mais<\/a><\/div><\/div><div class=\"colonnes__item\"><figure class=\"\"><picture><source srcset=\"https:\/\/www.palmex.fr\/wp-content\/uploads\/2024\/07\/20240624_153221-210x210.webp\" media=\"(max-width: 210px)\"><source srcset=\"https:\/\/www.palmex.fr\/wp-content\/uploads\/2024\/07\/20240624_153221-420x420.webp\" media=\"(max-width: 421px)\"><source srcset=\"https:\/\/www.palmex.fr\/wp-content\/uploads\/2024\/07\/20240624_153221-768x766.webp\" media=\"(max-width: 1025px)\"><source srcset=\"https:\/\/www.palmex.fr\/wp-content\/uploads\/2024\/07\/20240624_153221-1024x1021.webp\" media=\"(max-width: 1537px)\"><source srcset=\"https:\/\/www.palmex.fr\/wp-content\/uploads\/2024\/07\/20240624_153221.webp\" media=\"(max-width: 1921px)\"><img decoding=\"async\" width=\"420\" height=\"210\" src=\"https:\/\/www.palmex.fr\/wp-content\/uploads\/2024\/07\/20240624_153221-210x210.webp\" alt=\"Palmex \" loading=\"lazy\" title=\"\"><\/picture><\/figure><p class=\"h3\" style=\"\"  >Guarda-s\u00f3is ex\u00f3ticos<\/p><p  style=\"\"  >Concebida para ser fixada em pain\u00e9is de madeira ou em qualquer outro revestimento acabado. 50 anos de vida \u00fatil \/ 10 anos de garantia. <\/p><div class=\"fc-boutons display-flex \" style=\"justify-content:center;\"><a href=\"https:\/\/www.palmex.fr\/pt-pt\/telhados-exoticos\/guarda-sol-exotico-em-folhas-de-palmeira\/\" rel=\"noreferrer noopener\" rel=\"noreferrer noopener\" class=\"fc-boutons__btn\">Ver mais<\/a><\/div><\/div><div class=\"colonnes__item\"><figure class=\"\"><picture><source srcset=\"https:\/\/www.palmex.fr\/wp-content\/uploads\/2025\/01\/IMG_0087-210x210.jpeg\" media=\"(max-width: 210px)\"><source srcset=\"https:\/\/www.palmex.fr\/wp-content\/uploads\/2025\/01\/IMG_0087-410x420.jpeg\" media=\"(max-width: 421px)\"><source srcset=\"https:\/\/www.palmex.fr\/wp-content\/uploads\/2025\/01\/IMG_0087-768x787.jpeg\" media=\"(max-width: 1025px)\"><source srcset=\"https:\/\/www.palmex.fr\/wp-content\/uploads\/2025\/01\/IMG_0087-999x1024.jpeg\" media=\"(max-width: 1537px)\"><source srcset=\"https:\/\/www.palmex.fr\/wp-content\/uploads\/2025\/01\/IMG_0087.jpeg\" media=\"(max-width: 1921px)\"><img decoding=\"async\" width=\"420\" height=\"210\" src=\"https:\/\/www.palmex.fr\/wp-content\/uploads\/2025\/01\/IMG_0087-210x210.jpeg\" alt=\"Palmex Screenshot\" loading=\"lazy\" title=\"\"><\/picture><\/figure><p class=\"h3\" style=\"\"  >Bambou<\/p><div class=\"fc-boutons display-flex \" style=\"justify-content:center;\"><a href=\"https:\/\/www.palmex.fr\/pt-pt\/telhados-exoticos\/le-bambou\/\" rel=\"noreferrer noopener\" rel=\"noreferrer noopener\" class=\"fc-boutons__btn\">Ver mais<\/a><\/div><\/div><div class=\"colonnes__item\"><figure class=\"\"><picture><source srcset=\"https:\/\/www.palmex.fr\/wp-content\/uploads\/2025\/01\/asian_reed_01-210x210.jpg\" media=\"(max-width: 210px)\"><source srcset=\"https:\/\/www.palmex.fr\/wp-content\/uploads\/2025\/01\/asian_reed_01-420x277.jpg\" media=\"(max-width: 421px)\"><source srcset=\"https:\/\/www.palmex.fr\/wp-content\/uploads\/2025\/01\/asian_reed_01.jpg\" media=\"(max-width: 1025px)\"><source srcset=\"https:\/\/www.palmex.fr\/wp-content\/uploads\/2025\/01\/asian_reed_01.jpg\" media=\"(max-width: 1537px)\"><source srcset=\"https:\/\/www.palmex.fr\/wp-content\/uploads\/2025\/01\/asian_reed_01.jpg\" media=\"(max-width: 1921px)\"><img decoding=\"async\" width=\"420\" height=\"210\" src=\"https:\/\/www.palmex.fr\/wp-content\/uploads\/2025\/01\/asian_reed_01-210x210.jpg\" alt=\"Palmex \" loading=\"lazy\" title=\"\"><\/picture><\/figure><p class=\"h3\" style=\"\"  >Asian Reed<\/p><div class=\"fc-boutons display-flex \" style=\"justify-content:center;\"><a href=\"https:\/\/www.palmex.fr\/pt-pt\/telhados-exoticos\/asian-reed\/\" rel=\"noreferrer noopener\" rel=\"noreferrer noopener\" class=\"fc-boutons__btn\">Ver mais<\/a><\/div><\/div><\/div><\/div>","protected":false},"excerpt":{"rendered":"<p>A Palmex \u00e9 especializada no fabrico de folhas de palmeira sint\u00e9ticas utilizadas na constru\u00e7\u00e3o de telhados ex\u00f3ticos. Ao escolher os nossos materiais, est\u00e1 a optar por produtos dur\u00e1veis, resistentes e 100% recicl\u00e1veis. Respeitamos o ambiente: folhas 100% recicl\u00e1veis Os produtos Palmex foram concebidos para fornecer uma solu\u00e7\u00e3o permanente para o problema da recolha maci\u00e7a e [&hellip;]<\/p>\n","protected":false},"author":1,"featured_media":0,"parent":0,"menu_order":0,"comment_status":"closed","ping_status":"closed","template":"","meta":{"_acf_changed":false,"footnotes":""},"acf":[],"_links":{"self":[{"href":"https:\/\/www.palmex.fr\/pt-pt\/wp-json\/wp\/v2\/pages\/1056"}],"collection":[{"href":"https:\/\/www.palmex.fr\/pt-pt\/wp-json\/wp\/v2\/pages"}],"about":[{"href":"https:\/\/www.palmex.fr\/pt-pt\/wp-json\/wp\/v2\/types\/page"}],"author":[{"embeddable":true,"href":"https:\/\/www.palmex.fr\/pt-pt\/wp-json\/wp\/v2\/users\/1"}],"replies":[{"embeddable":true,"href":"https:\/\/www.palmex.fr\/pt-pt\/wp-json\/wp\/v2\/comments?post=1056"}],"version-history":[{"count":8,"href":"https:\/\/www.palmex.fr\/pt-pt\/wp-json\/wp\/v2\/pages\/1056\/revisions"}],"predecessor-version":[{"id":1693,"href":"https:\/\/www.palmex.fr\/pt-pt\/wp-json\/wp\/v2\/pages\/1056\/revisions\/1693"}],"wp:attachment":[{"href":"https:\/\/www.palmex.fr\/pt-pt\/wp-json\/wp\/v2\/media?parent=1056"}],"curies":[{"name":"wp","href":"https:\/\/api.w.org\/{rel}","templated":true}]}}