{"id":1077,"date":"2024-07-17T09:36:03","date_gmt":"2024-07-17T07:36:03","guid":{"rendered":"https:\/\/www.palmex.fr\/f-a-q\/"},"modified":"2024-09-18T16:12:22","modified_gmt":"2024-09-18T14:12:22","slug":"f-a-q","status":"publish","type":"page","link":"https:\/\/www.palmex.fr\/pt-pt\/f-a-q\/","title":{"rendered":"FAQ"},"content":{"rendered":"<div class=\"fc-cover sec-00 is-fixed align-full\" style=\"background-position-x:54%;background-position-y:05%;\" data-bgimage=\"https:\/\/www.palmex.fr\/wp-content\/uploads\/2024\/07\/IMG_0021-1024x683.webp\" data-bgimagexs=\"https:\/\/www.palmex.fr\/wp-content\/uploads\/2024\/07\/IMG_0021-768x512.webp\"><span style=\"filter: opacity(50%);background-color:var(--vert-fonce);\"><\/span><div class=\"fc-cover__inner\" style=\"\"><h1 style=\"text-align: center;\">Tens alguma d\u00favida sobre os nossos telhados tropicais?<\/h1><\/div><\/div>\n\n<h2 style=\"text-align: center;\">As respostas sobre as coberturas de chapa sint\u00e9tica est\u00e3o aqui!<\/h2>\n\n<p    >Clica na pergunta para ver a resposta.<\/p>\n\n<div class=\"fc-accordeon fc-desk\"style=\"\"><p  style=\"\"  ><strong>Como \u00e9 fornecida a prote\u00e7\u00e3o t\u00e9rmica?<\/strong><\/p><div class=\"fc-group\"><p  style=\"\"  >A prote\u00e7\u00e3o solar \u00e9 assegurada pelo grande n\u00famero de c\u00e9lulas que cont\u00eam ar entre cada folha de palmeira sint\u00e9tica.\nEsta carater\u00edstica particular dos telhados tropicais Palmex oferece resultados muito convincentes em termos de prote\u00e7\u00e3o contra o calor. <\/p><\/div><\/div>\n\n<div class=\"fc-accordeon fc-desk\"style=\"\"><p  style=\"\"  ><strong><strong>E o ru\u00eddo da chuva?<\/strong><\/strong><\/p><div class=\"fc-group\"><p    ><strong>Os tectos tropicais Palmex<\/strong> s\u00e3o particularmente resistentes ao ru\u00eddo da chuva.\nO pol\u00edmero de base permite que a \u00e1gua escorra rapidamente das <strong>folhas de palmeira artificiais<\/strong>.\nAs propriedades das <strong>folhas sint\u00e9ticas<\/strong> e a sua quantidade garantem que a \u00e1gua escorra rapidamente.  <\/p><\/div><\/div>\n\n<div class=\"fc-accordeon fc-desk\"style=\"\"><p  style=\"\"  ><strong><strong><strong>Quanto tempo dura um telhado de folha de palmeira Palmex?<\/strong><\/strong><\/strong><\/p><div class=\"fc-group\"><p    >Quando uma <strong>cobertura Palmex<\/strong> \u00e9 instalada nas condi\u00e7\u00f5es recomendadas pelo fabricante, a sua textura e composi\u00e7\u00e3o t\u00eam uma garantia de 20 anos e a sua cor tem uma garantia de 15 anos.\nA descolora\u00e7\u00e3o m\u00e9dia das <strong>folhas de palmeira sint\u00e9tica<\/strong> de 1% por ano est\u00e1 inclu\u00edda na garantia.\nO processo de envelhecimento prematuro na f\u00e1brica garante a conserva\u00e7\u00e3o da cor das <strong>folhas de palmeira artificiais <\/strong>ao longo dos anos.  <\/p><\/div><\/div>\n\n<div class=\"fc-accordeon fc-desk\"style=\"\"><p  style=\"\"  ><strong><strong><strong><strong>Quais s\u00e3o as vantagens da instala\u00e7\u00e3o de telhados tropicais Palmex?<\/strong><\/strong><\/strong><\/strong><\/p><div class=\"fc-group\"><p    ><strong>A instala\u00e7\u00e3o de<\/strong> um <strong>telhado de palmeiras tropicais Palmex<\/strong> poupa-te muito tempo.\nMesmo quando <strong>a instala\u00e7\u00e3o de um telhado<\/strong> requer uma per\u00edcia precisa, as nossas <strong>folhas de palmeira sint\u00e9ticas <\/strong>s\u00e3o f\u00e1ceis de instalar.\nA empresa fornece instru\u00e7\u00f5es para a<strong>instala\u00e7\u00e3o de telhados tropicais<\/strong>.\n <strong>A instala\u00e7\u00e3o de<\/strong> um <strong>telhado<\/strong> \u00e9 uma opera\u00e7\u00e3o meticulosa que deve ser efectuada com cuidado, mas poupar tempo \u00e9 a grande vantagem dos <strong>produtos de decora\u00e7\u00e3o ex\u00f3tica da Palmex<\/strong>.   <\/p><\/div><\/div>\n\n<div class=\"fc-accordeon fc-desk\"style=\"\"><p  style=\"\"  ><strong><strong><strong><strong><strong>Qual \u00e9 a cobertura contra inc\u00eandios?<\/strong><\/strong><\/strong><\/strong><\/strong><\/p><div class=\"fc-group\"><p    >Desenvolvido pela <strong>Palmex<\/strong>, o material retardador de fogo que utilizamos no <strong>fabrico das folhas de palmeira sint\u00e9tica<\/strong> cumpre as normas VO canadianas e americanas. Respeita, portanto, a regulamenta\u00e7\u00e3o em vigor para a <strong>constru\u00e7\u00e3o de telhados<\/strong> e edif\u00edcios p\u00fablicos.<\/p><\/div><\/div>\n\n<div class=\"fc-accordeon fc-desk\"style=\"\"><p  style=\"\"  ><strong><strong><strong><strong><strong><strong>Como \u00e9 que os telhados de folha reagem a ventos fortes?<\/strong><\/strong><\/strong><\/strong><\/strong><\/strong><\/p><div class=\"fc-group\"><p    >A flexibilidade das <strong>folhas de palmeira sint\u00e9ticas<\/strong> tamb\u00e9m se torna um fator de seguran\u00e7a altamente eficaz em condi\u00e7\u00f5es de vento.\n <strong>As folhas de palmeira artificiais<\/strong> permitem que a press\u00e3o de um vento extremo passe atrav\u00e9s delas, poupando o <strong>telhado ex\u00f3tico<\/strong> do devastador efeito &#8220;delta&#8221;, bem conhecido na <strong>constru\u00e7\u00e3o de telhados<\/strong>. <\/p><\/div><\/div>\n\n<div class=\"fc-accordeon fc-desk\"style=\"\"><p  style=\"\"  ><strong><strong><strong><strong><strong><strong><strong><strong>As folhas de pl\u00e1stico dos telhados tropicais libertam odores?<\/strong><\/strong><\/strong><\/strong><\/strong><\/strong><\/strong><\/strong><\/p><div class=\"fc-group\"><p    >Nenhum elemento qu\u00edmico ou org\u00e2nico estranho \u00e9 inclu\u00eddo nas propriedades do pol\u00edmero utilizado no <strong>fabrico dos telhados tropicais Palmex<\/strong>.\nO pol\u00edmero utilizado no fabrico das <strong>folhas de palmeira sint\u00e9ticas<\/strong> \u00e9 absolutamente neutro, o que o torna ideal para a utiliza\u00e7\u00e3o em bid\u00f5es de \u00e1gua, leite e gasolina, caiaques, escorregas para crian\u00e7as, etc. <\/p><\/div><\/div>\n\n<div class=\"fc-accordeon fc-desk\"style=\"\"><p  style=\"\"  ><strong><strong><strong><strong><strong><strong><strong><strong><strong>Que tipo de manuten\u00e7\u00e3o requerem os telhados tropicais Palmex?<\/strong><\/strong><\/strong><\/strong><\/strong><\/strong><\/strong><\/strong><\/strong><\/p><div class=\"fc-group\"><p    >Os telhados de <strong>folha de palmeira sint\u00e9tica da Palmex<\/strong> praticamente n\u00e3o necessitam de manuten\u00e7\u00e3o!\nA sujidade e os galhos das \u00e1rvores desaparecem com a primeira chuva ou com um simples jato de \u00e1gua.\nAl\u00e9m disso, o pol\u00edmero de alta qualidade utilizado no fabrico das <strong>folhas ex\u00f3ticas artificiais<\/strong> oferece uma prote\u00e7\u00e3o excecional contra insectos e outros organismos destrutivos.  <\/p><\/div><\/div>","protected":false},"excerpt":{"rendered":"<p>As respostas sobre as coberturas de chapa sint\u00e9tica est\u00e3o aqui! Clica na pergunta para ver a resposta.<\/p>\n","protected":false},"author":1,"featured_media":0,"parent":0,"menu_order":0,"comment_status":"closed","ping_status":"closed","template":"","meta":{"_acf_changed":false,"footnotes":""},"acf":[],"_links":{"self":[{"href":"https:\/\/www.palmex.fr\/pt-pt\/wp-json\/wp\/v2\/pages\/1077"}],"collection":[{"href":"https:\/\/www.palmex.fr\/pt-pt\/wp-json\/wp\/v2\/pages"}],"about":[{"href":"https:\/\/www.palmex.fr\/pt-pt\/wp-json\/wp\/v2\/types\/page"}],"author":[{"embeddable":true,"href":"https:\/\/www.palmex.fr\/pt-pt\/wp-json\/wp\/v2\/users\/1"}],"replies":[{"embeddable":true,"href":"https:\/\/www.palmex.fr\/pt-pt\/wp-json\/wp\/v2\/comments?post=1077"}],"version-history":[{"count":2,"href":"https:\/\/www.palmex.fr\/pt-pt\/wp-json\/wp\/v2\/pages\/1077\/revisions"}],"predecessor-version":[{"id":1592,"href":"https:\/\/www.palmex.fr\/pt-pt\/wp-json\/wp\/v2\/pages\/1077\/revisions\/1592"}],"wp:attachment":[{"href":"https:\/\/www.palmex.fr\/pt-pt\/wp-json\/wp\/v2\/media?parent=1077"}],"curies":[{"name":"wp","href":"https:\/\/api.w.org\/{rel}","templated":true}]}}