{"id":1087,"date":"2024-07-17T09:36:03","date_gmt":"2024-07-17T07:36:03","guid":{"rendered":"https:\/\/www.palmex.fr\/telhados-exoticos\/meia-palmeira-sintetica-decoracao-folhas-coco-palmeira\/"},"modified":"2024-09-18T16:01:01","modified_gmt":"2024-09-18T14:01:01","slug":"meia-palmeira-sintetica-decoracao-folhas-coco-palmeira","status":"publish","type":"page","link":"https:\/\/www.palmex.fr\/pt-pt\/telhados-exoticos\/meia-palmeira-sintetica-decoracao-folhas-coco-palmeira\/","title":{"rendered":"Folhas de Tahiti e Coco Palm"},"content":{"rendered":"<div class=\"fc-cover sec-00 is-fixed align-full\" style=\"\" data-bgimage=\"https:\/\/www.palmex.fr\/wp-content\/uploads\/2024\/07\/IMG_0014-1024x683.webp\" data-bgimagexs=\"https:\/\/www.palmex.fr\/wp-content\/uploads\/2024\/07\/IMG_0014-768x512.webp\"><span style=\"filter: opacity(50%);background-color:var(--vert-fonce);\"><\/span><div class=\"fc-cover__inner\" style=\"\"><p class=\"h1\" style=\"text-align: center;\"  >Folhas de Tahiti Palm e Coco Palm<\/p><\/div><\/div>\n\n<div class=\"colonnes\"><div class=\"colonnes__item\" style=\"align-self:center;\"><h1 class=\"h2\">Folhas de Tahiti Palm e Coco Palm<\/h1><h2 class=\"h3\">Embalagem de 10 meias folhas decorativas que cobrem \u22481m\u00b2, \u00e0 venda a particulares :<\/h2><p    ><br>10 meias folhas de palmeira artificiais cobrindo <strong>\u22481m\u00b2 <\/strong>&#8211;<strong> Revestimento decorativo topo de gama<\/strong> para telhados de madeira, ecol\u00f3gico e resistente &#8211; Decora\u00e7\u00e3o ex\u00f3tica para abrigos de jardim, telheiros, gazebos&#8230; <strong>As folhas ex\u00f3ticas sint\u00e9ticas de palmeira Tahiti e Coco Palm<\/strong> foram concebidas para serem <strong>fixadas diretamente num telhado existente<\/strong>, como pain\u00e9is de madeira, telhas, chapas met\u00e1licas ou qualquer outro revestimento acabado.<br><strong>Instala\u00e7\u00e3o r\u00e1pida e f\u00e1cil<\/strong>: apenas 30 minutos por embalagem de 1 m\u00b2! Pega num martelo e em pregos (20 mm de comprimento). As nossas folhas de palmeira artificiais adaptam-se diretamente a todos os suportes de madeira. Instru\u00e7\u00f5es de instala\u00e7\u00e3o no verso da embalagem.<br><strong>Amigo do ambiente porque \u00e9 recicl\u00e1vel e reciclado<\/strong>: os nossos processos de fabrico n\u00e3o utilizam subst\u00e2ncias t\u00f3xicas. S\u00e3o produzidos de acordo com as normas ISO 9001-2015. <br>Temos orgulho em oferecer os nossos <strong>produtos ecol\u00f3gicos<\/strong>, parcialmente fabricados a partir de materiais reciclados e totalmente recicl\u00e1veis! As folhas ex\u00f3ticas Tahiti Palm &amp; Coco Palm t\u00eam <strong>carater\u00edsticas t\u00e9cnicas excepcionais<\/strong>, tanto em termos de <strong>vida \u00fatil de 50 anos<\/strong> e <strong>garantia de 20 anos,<\/strong> como em termos de resist\u00eancia a ventos fortes de 180 km\/h. O seu aspeto \u00e9 semelhante ao de um<strong> coco<\/strong> ou de uma<strong> folha de<\/strong> <strong>Pandanus<\/strong>.<\/p><\/div><div class=\"colonnes__item zoom-out\" style=\"align-self:center;\">\n<figure class=\"wp-block-embed alignfull is-type-video is-provider-youtube wp-block-embed-youtube wp-embed-aspect-16-9 wp-has-aspect-ratio\"><div class=\"wp-block-embed__wrapper\">\n<iframe loading=\"lazy\" title=\"R\u00caVEZ AVEC TAHITI PALM by Palmex\" width=\"500\" height=\"281\" src=\"https:\/\/www.youtube.com\/embed\/JUaP_-VxNVU?feature=oembed\" frameborder=\"0\" allow=\"accelerometer; autoplay; clipboard-write; encrypted-media; gyroscope; picture-in-picture; web-share\" referrerpolicy=\"strict-origin-when-cross-origin\" allowfullscreen><\/iframe>\n<\/div><\/figure>\n<\/div><\/div>\n\n<h2 class=\"h3\" style=\"text-align: center;\">Detalhes do produto :<\/h2>\n\n<div class=\"colonnes\"><div class=\"colonnes__item\"><h3>Materiais<\/h3><ul    >\n<li>Polietileno HDPE.<\/li>\n\n<li>Tratamento anti-UV em toda a sua extens\u00e3o.<\/li>\n\n<li>Todo o edif\u00edcio est\u00e1 pintado.<\/li>\n\n<li>Alta resist\u00eancia.<\/li>\n\n<li>Termo-moldado.<\/li>\n\n<li>100% recicl\u00e1vel.<\/li>\n<\/ul><h3>Especifica\u00e7\u00f5es<\/h3><ul    >\n<li>Cor: tabaco ou branco.<\/li>\n\n<li>Dimens\u00f5es: 50 cm x 60 cm.<\/li>\n\n<li>Espessura: 0,7 mm.<\/li>\n\n<li>Peso: 2,77 kg\/m2.<\/li>\n<\/ul><h3>Embalagem<\/h3><ul    >\n<li>Embalagem de 10 meias folhas 50 cm x 64 cm x 7 cm &#8211; aprox. 2 kg<\/li>\n<\/ul><\/div><div class=\"colonnes__item\"><h3>Instala\u00e7\u00e3o<\/h3><ul    >\n<li>Fixa-o com pregos ou agrafos com uma profundidade m\u00ednima de 20 mm.<\/li>\n\n<li>Coloca filas de folhas de 20 em 20 cm, escalonadas 2\/1.m<\/li>\n\n<li>Instalado em pain\u00e9is de madeira (agrafos ou pregos de 20 mm), em ripas.<\/li>\n\n<li><strong>ESTANQUE com 14 meias folhas \/ m\u00b2 e 30 graus de inclina\u00e7\u00e3o.<\/strong><\/li>\n\n<li>R\u00e1pido e f\u00e1cil de instalar<\/li>\n\n<li>Estanquidade garantida com 14 meias folhas\/m\u00b2 e uma inclina\u00e7\u00e3o m\u00ednima de 30\u00b0 a respeitar<\/li>\n<\/ul><h3>C\u00f3digo aduaneiro<\/h3><ul    >\n<li>39.21.19.90<\/li>\n<\/ul><\/div><\/div>\n\n<p class=\"h3\" style=\"text-align: center;\"  >Transfer\u00eancias  <\/p>\n\n<ul class=\"pictos\" style=\"\"  >\n<li>\r\n\t\t\t\t\t\t<a href=\"https:\/\/www.palmex.fr\/wp-content\/uploads\/2024\/07\/garantie-avril-2021.pdf\" target=\"_blank\">Garantia Palmex<\/a>\r\n\t\t\t\r\n\t\t\t<\/li>\n\n<li>\r\n\t\t\t\t\t\t<a href=\"https:\/\/www.palmex.fr\/wp-content\/uploads\/2024\/07\/fiche-implantations.pdf\" target=\"_blank\">Instru\u00e7\u00f5es de montagem dos acess\u00f3rios<\/a>\r\n\t\t\t\r\n\t\t\t<\/li>\n\n<li>\r\n\t\t\t\t\t\t<a href=\"https:\/\/www.palmex.fr\/wp-content\/uploads\/2024\/07\/fiche-accessoires.pdf\" target=\"_blank\">Acess\u00f3rios<\/a>\r\n\t\t\t\r\n\t\t\t<\/li>\n<\/ul>\n\n<div class=\"fc-cover sec-00 is-fixed align-full\" style=\"\" data-bgimage=\"https:\/\/www.palmex.fr\/wp-content\/uploads\/2024\/07\/IMG_0015-1024x683.webp\" data-bgimagexs=\"https:\/\/www.palmex.fr\/wp-content\/uploads\/2024\/07\/IMG_0015-768x512.webp\"><span style=\"filter: opacity(50%);background-color:var(--vert-fonce);\"><\/span><div class=\"fc-cover__inner\" style=\"\"><p class=\"h2\" style=\"text-align: center;\"  >Encomenda folhas de Tahiti e Coco Palm:<\/p><div class=\"fc-boutons display-flex \" style=\"justify-content:center;\"><span class=\"fc-boutons__btn btn-contact is-style-1\">Contacta-nos<\/span><\/div><\/div><\/div>","protected":false},"excerpt":{"rendered":"<p>Folhas de Tahiti Palm e Coco Palm Embalagem de 10 meias folhas decorativas que cobrem \u22481m\u00b2, \u00e0 venda a particulares : 10 meias folhas de palmeira artificiais cobrindo \u22481m\u00b2 &#8211; Revestimento decorativo topo de gama para telhados de madeira, ecol\u00f3gico e resistente &#8211; Decora\u00e7\u00e3o ex\u00f3tica para abrigos de jardim, telheiros, gazebos&#8230; As folhas ex\u00f3ticas sint\u00e9ticas [&hellip;]<\/p>\n","protected":false},"author":1,"featured_media":0,"parent":1056,"menu_order":0,"comment_status":"closed","ping_status":"closed","template":"","meta":{"_acf_changed":false,"footnotes":""},"acf":[],"_links":{"self":[{"href":"https:\/\/www.palmex.fr\/pt-pt\/wp-json\/wp\/v2\/pages\/1087"}],"collection":[{"href":"https:\/\/www.palmex.fr\/pt-pt\/wp-json\/wp\/v2\/pages"}],"about":[{"href":"https:\/\/www.palmex.fr\/pt-pt\/wp-json\/wp\/v2\/types\/page"}],"author":[{"embeddable":true,"href":"https:\/\/www.palmex.fr\/pt-pt\/wp-json\/wp\/v2\/users\/1"}],"replies":[{"embeddable":true,"href":"https:\/\/www.palmex.fr\/pt-pt\/wp-json\/wp\/v2\/comments?post=1087"}],"version-history":[{"count":3,"href":"https:\/\/www.palmex.fr\/pt-pt\/wp-json\/wp\/v2\/pages\/1087\/revisions"}],"predecessor-version":[{"id":1578,"href":"https:\/\/www.palmex.fr\/pt-pt\/wp-json\/wp\/v2\/pages\/1087\/revisions\/1578"}],"up":[{"embeddable":true,"href":"https:\/\/www.palmex.fr\/pt-pt\/wp-json\/wp\/v2\/pages\/1056"}],"wp:attachment":[{"href":"https:\/\/www.palmex.fr\/pt-pt\/wp-json\/wp\/v2\/media?parent=1087"}],"curies":[{"name":"wp","href":"https:\/\/api.w.org\/{rel}","templated":true}]}}