{"id":1112,"date":"2024-07-17T09:36:03","date_gmt":"2024-07-17T07:36:03","guid":{"rendered":"https:\/\/www.palmex.fr\/telhados-exoticos\/guarda-sol-exotico-em-folhas-de-palmeira\/"},"modified":"2024-09-18T15:13:27","modified_gmt":"2024-09-18T13:13:27","slug":"guarda-sol-exotico-em-folhas-de-palmeira","status":"publish","type":"page","link":"https:\/\/www.palmex.fr\/pt-pt\/telhados-exoticos\/guarda-sol-exotico-em-folhas-de-palmeira\/","title":{"rendered":"Guarda-sol ex\u00f3tico"},"content":{"rendered":"<div class=\"fc-cover sec-00 is-fixed align-full\" style=\"\" data-bgimage=\"https:\/\/www.palmex.fr\/wp-content\/uploads\/2024\/07\/IMG_0122-1024x768.webp\" data-bgimagexs=\"https:\/\/www.palmex.fr\/wp-content\/uploads\/2024\/07\/IMG_0122-768x576.webp\"><span style=\"filter: opacity(50%);background-color:var(--vert-fonce);\"><\/span><div class=\"fc-cover__inner\" style=\"\"><p class=\"h1\" style=\"text-align: center;\"  >Guarda-sol ex\u00f3tico<\/p><\/div><\/div>\n\n<div class=\"colonnes\"><div class=\"colonnes__item\" style=\"align-self:center;\"><h1 class=\"h2\">Guarda-chuva de folha de palmeira ex\u00f3tica<\/h1><h2 class=\"h3\">Descri\u00e7\u00e3o do produto :<\/h2><p    >A beleza do nosso guarda-sol reside no facto de ser muito<strong> r\u00e1pido de instalar<\/strong>. A partir de uma estrutura met\u00e1lica de ferro redondo galvanizado de 8 mm, utilizamos um sistema de clipes para fixar as folhas Fiji adequadas. Toda a estrutura tem um di\u00e2metro de 2,20 m, e as nossas folhas sint\u00e9ticas Fiji t\u00eam uma<strong> garantia<\/strong> de 10 anos.<\/p><p    >Ficar\u00e1s surpreendido com a <strong>rapidez<\/strong> e a <strong>facilidade<\/strong> de instala\u00e7\u00e3o.\nA vantagem deste guarda-sol \u00e9 que pode ser mantido no exterior durante todo o ano, independentemente do clima.\nResiste a<strong> temperaturas extremas<\/strong> de -20\u00b0C a +40\u00b0C e \u00e9 tamb\u00e9m resistente ao vento.  <\/p><\/div><div class=\"colonnes__item zoom-out\"><figure class=\"\"><picture><source srcset=\"https:\/\/www.palmex.fr\/wp-content\/uploads\/2024\/07\/Min-Parasol-Club-1024x768-1-210x210.jpg\" media=\"(max-width: 210px)\"><source srcset=\"https:\/\/www.palmex.fr\/wp-content\/uploads\/2024\/07\/Min-Parasol-Club-1024x768-1-420x315.jpg\" media=\"(max-width: 421px)\"><source srcset=\"https:\/\/www.palmex.fr\/wp-content\/uploads\/2024\/07\/Min-Parasol-Club-1024x768-1-768x576.jpg\" media=\"(max-width: 1025px)\"><source srcset=\"https:\/\/www.palmex.fr\/wp-content\/uploads\/2024\/07\/Min-Parasol-Club-1024x768-1.jpg\" media=\"(max-width: 1537px)\"><source srcset=\"https:\/\/www.palmex.fr\/wp-content\/uploads\/2024\/07\/Min-Parasol-Club-1024x768-1.jpg\" media=\"(max-width: 1921px)\"><img decoding=\"async\" width=\"420\" height=\"210\" src=\"https:\/\/www.palmex.fr\/wp-content\/uploads\/2024\/07\/Min-Parasol-Club-1024x768-1-210x210.jpg\" alt=\"Palmex \" loading=\"lazy\" title=\"\"><\/picture><\/figure><\/div><\/div>\n\n<h2 class=\"h3\" style=\"text-align: center;\">Detalhes do produto :<\/h2>\n\n<div class=\"colonnes\"><div class=\"colonnes__item\"><h3>Materiais<\/h3><ul    >\n<li>Polietileno HDPE.<\/li>\n\n<li>Tratamento anti-UV em toda a sua extens\u00e3o.<\/li>\n\n<li>Todo o edif\u00edcio est\u00e1 pintado.<\/li>\n\n<li>Alta resist\u00eancia.<\/li>\n\n<li>Termo-moldado.<\/li>\n\n<li>100% recicl\u00e1vel.<\/li>\n<\/ul><h3>Especifica\u00e7\u00f5es<\/h3><ul    >\n<li>Cor: Tabaco.<\/li>\n\n<li>Dimens\u00f5es: 65 cm x 25 cm<\/li>\n\n<li>Espessura: 0,7 mm<\/li>\n\n<li>2 embalagem de 75 folhas de Fiji<\/li>\n\n<li>150 clipes de fixa\u00e7\u00e3o<\/li>\n\n<li>Cone superior (chap\u00e9u)<\/li>\n\n<li>Sem mastro, sem placa<\/li>\n<\/ul><h3>Embalagem<\/h3><ul    >\n<li>Estrutura met\u00e1lica galvanizada em ferro redondo de 8 mm &#8211; 13 kg<\/li>\n\n<li>Embalagem de 75 folhas Fiji 65 cm x 25 cm x 15 cm &#8211; 10 kg<\/li>\n\n<li>Embalagem de 150 clipes de fixa\u00e7\u00e3o &#8211; 1 kg e topo de cone com 20 cm de di\u00e2metro &#8211; 1 kg<\/li>\n<\/ul><\/div><div class=\"colonnes__item\"><h3>Instala\u00e7\u00e3o<\/h3><ul    >\n<li>As folhas sint\u00e9ticas s\u00e3o fixadas \u00e0 estrutura met\u00e1lica galvanizada por meio de clipes (150 unidades por embalagem)<\/li>\n\n<li>150 folhas de Fiji por guarda-sol<\/li>\n\n<li>Dimens\u00f5es: 2,20 m de di\u00e2metro<\/li>\n\n<li>Tempo de montagem: Cerca de 30 minutos<\/li>\n\n<li>Resistente ao vento<\/li>\n\n<li>Cobertura garantida durante 10 anos<\/li>\n\n<li>Consiste em 2 embalagem de 75 folhas Fiji com topo em cone e clipes de fixa\u00e7\u00e3o<\/li>\n\n<li><strong>Vendido sem mastro (80mm x 3,00m)<\/strong><\/li>\n<\/ul><h3>C\u00f3digo aduaneiro<\/h3><ul    >\n<li>39.21.19.90<\/li>\n<\/ul><\/div><\/div>\n\n<p class=\"h3\" style=\"text-align: center;\"  >Transfer\u00eancias  <\/p>\n\n<ul class=\"pictos\" style=\"\"  >\n<li>\t\r\n\t\t\t  \t\t\t\t<a href=\"https:\/\/www.palmex.fr\/wp-content\/uploads\/2024\/07\/Guide-Utilisation-PORTUGAIS_compressed.pdf\" target=\"_blank\">Guia de instala\u00e7\u00e3o<\/a>\r\n\t\t\t\t\t\r\n\t\t\t  <\/li>\n\n<li>\r\n\t\t\t\t\t\t<a href=\"https:\/\/www.palmex.fr\/wp-content\/uploads\/2024\/07\/Notice-dinstallation-avec-rails-Aloha-Coco-FR.pdf\" target=\"_blank\">Instru\u00e7\u00f5es de montagem<\/a>\r\n\t\t\t\r\n\t\t\t<\/li>\n\n<li>\r\n\t\t\t\t\t\t<a href=\"https:\/\/www.palmex.fr\/wp-content\/uploads\/2024\/07\/garantie-avril-2021.pdf\" target=\"_blank\">Garantia Palmex<\/a>\r\n\t\t\t\r\n\t\t\t<\/li>\n\n<li>\r\n\t\t\t\t\t\t<a href=\"https:\/\/www.palmex.fr\/wp-content\/uploads\/2024\/07\/Sens-de-pose-des-feuilles-2.pdf\" target=\"_blank\">Dire\u00e7\u00e3o de coloca\u00e7\u00e3o da folha<\/a>\r\n\t\t\t\r\n\t\t\t<\/li>\n\n<li>\r\n\t\t\t\t\t\t<a href=\"https:\/\/www.palmex.fr\/wp-content\/uploads\/2024\/07\/fiche-implantations.pdf\" target=\"_blank\">Instru\u00e7\u00f5es de montagem dos acess\u00f3rios<\/a>\r\n\t\t\t\r\n\t\t\t<\/li>\n\n<li>\r\n\t\t\t\t\t\t<a href=\"https:\/\/www.palmex.fr\/wp-content\/uploads\/2024\/07\/fiche-accessoires.pdf\" target=\"_blank\">Acess\u00f3rios<\/a>\r\n\t\t\t\r\n\t\t\t<\/li>\n<\/ul>\n\n<div class=\"fc-group sec-25 align-full\"><p class=\"h2\" style=\"text-align: center;\"  >Parasol Exotique em fotos<\/p><div class=\"colonnes\"><div class=\"colonnes__item texte\" style=\"align-self:center;\"><p class=\"text-rotate\" style=\"text-align: center;\"  >Realiza\u00e7\u00f5es<\/p><\/div><div class=\"colonnes__item galerie\"><div class=\"fc-galerie col-5\"><figure class=\"fc-galerie__item\" ><picture><source srcset=\"https:\/\/www.palmex.fr\/wp-content\/uploads\/2024\/07\/20240624_153221-210x210.webp\" media=\"(max-width: 210px)\"><source srcset=\"https:\/\/www.palmex.fr\/wp-content\/uploads\/2024\/07\/20240624_153221-420x420.webp\" media=\"(max-width: 421px)\"><source srcset=\"https:\/\/www.palmex.fr\/wp-content\/uploads\/2024\/07\/20240624_153221-768x766.webp\" media=\"(max-width: 1025px)\"><source srcset=\"https:\/\/www.palmex.fr\/wp-content\/uploads\/2024\/07\/20240624_153221-1024x1021.webp\" media=\"(max-width: 1537px)\"><source srcset=\"https:\/\/www.palmex.fr\/wp-content\/uploads\/2024\/07\/20240624_153221.webp\" media=\"(max-width: 1921px)\"><img decoding=\"async\" width=\"420\" height=\"210\" src=\"https:\/\/www.palmex.fr\/wp-content\/uploads\/2024\/07\/20240624_153221-210x210.webp\" alt=\"Palmex \" loading=\"lazy\" title=\"\"><\/picture><\/figure><figure class=\"fc-galerie__item\" ><picture><source srcset=\"https:\/\/www.palmex.fr\/wp-content\/uploads\/2024\/07\/4-france-cobac-parc2-700x420-2-210x210.jpg\" media=\"(max-width: 210px)\"><source srcset=\"https:\/\/www.palmex.fr\/wp-content\/uploads\/2024\/07\/4-france-cobac-parc2-700x420-2-420x252.jpg\" media=\"(max-width: 421px)\"><source srcset=\"https:\/\/www.palmex.fr\/wp-content\/uploads\/2024\/07\/4-france-cobac-parc2-700x420-2.jpg\" media=\"(max-width: 1025px)\"><source srcset=\"https:\/\/www.palmex.fr\/wp-content\/uploads\/2024\/07\/4-france-cobac-parc2-700x420-2.jpg\" media=\"(max-width: 1537px)\"><source srcset=\"https:\/\/www.palmex.fr\/wp-content\/uploads\/2024\/07\/4-france-cobac-parc2-700x420-2.jpg\" media=\"(max-width: 1921px)\"><img decoding=\"async\" width=\"420\" height=\"210\" src=\"https:\/\/www.palmex.fr\/wp-content\/uploads\/2024\/07\/4-france-cobac-parc2-700x420-2-210x210.jpg\" alt=\"Palmex \" loading=\"lazy\" title=\"\"><\/picture><\/figure><figure class=\"fc-galerie__item\" ><picture><source srcset=\"https:\/\/www.palmex.fr\/wp-content\/uploads\/2024\/07\/9-grece-residence-de-charme-700x420-1-210x210.jpg\" media=\"(max-width: 210px)\"><source srcset=\"https:\/\/www.palmex.fr\/wp-content\/uploads\/2024\/07\/9-grece-residence-de-charme-700x420-1-420x252.jpg\" media=\"(max-width: 421px)\"><source srcset=\"https:\/\/www.palmex.fr\/wp-content\/uploads\/2024\/07\/9-grece-residence-de-charme-700x420-1.jpg\" media=\"(max-width: 1025px)\"><source srcset=\"https:\/\/www.palmex.fr\/wp-content\/uploads\/2024\/07\/9-grece-residence-de-charme-700x420-1.jpg\" media=\"(max-width: 1537px)\"><source srcset=\"https:\/\/www.palmex.fr\/wp-content\/uploads\/2024\/07\/9-grece-residence-de-charme-700x420-1.jpg\" media=\"(max-width: 1921px)\"><img decoding=\"async\" width=\"420\" height=\"210\" src=\"https:\/\/www.palmex.fr\/wp-content\/uploads\/2024\/07\/9-grece-residence-de-charme-700x420-1-210x210.jpg\" alt=\"Palmex \" loading=\"lazy\" title=\"\"><\/picture><\/figure><figure class=\"fc-galerie__item\" ><picture><source srcset=\"https:\/\/www.palmex.fr\/wp-content\/uploads\/2024\/07\/7-italie-hotel-tre-poggi-640x420-1-210x210.jpg\" media=\"(max-width: 210px)\"><source srcset=\"https:\/\/www.palmex.fr\/wp-content\/uploads\/2024\/07\/7-italie-hotel-tre-poggi-640x420-1-420x276.jpg\" media=\"(max-width: 421px)\"><source srcset=\"https:\/\/www.palmex.fr\/wp-content\/uploads\/2024\/07\/7-italie-hotel-tre-poggi-640x420-1.jpg\" media=\"(max-width: 1025px)\"><source srcset=\"https:\/\/www.palmex.fr\/wp-content\/uploads\/2024\/07\/7-italie-hotel-tre-poggi-640x420-1.jpg\" media=\"(max-width: 1537px)\"><source srcset=\"https:\/\/www.palmex.fr\/wp-content\/uploads\/2024\/07\/7-italie-hotel-tre-poggi-640x420-1.jpg\" media=\"(max-width: 1921px)\"><img decoding=\"async\" width=\"420\" height=\"210\" src=\"https:\/\/www.palmex.fr\/wp-content\/uploads\/2024\/07\/7-italie-hotel-tre-poggi-640x420-1-210x210.jpg\" alt=\"Palmex \" loading=\"lazy\" title=\"\"><\/picture><\/figure><figure class=\"fc-galerie__item\" ><picture><source srcset=\"https:\/\/www.palmex.fr\/wp-content\/uploads\/2024\/07\/5-polynesie-francaise-jardin-villa-700x420-1-210x210.jpg\" media=\"(max-width: 210px)\"><source srcset=\"https:\/\/www.palmex.fr\/wp-content\/uploads\/2024\/07\/5-polynesie-francaise-jardin-villa-700x420-1-420x252.jpg\" media=\"(max-width: 421px)\"><source srcset=\"https:\/\/www.palmex.fr\/wp-content\/uploads\/2024\/07\/5-polynesie-francaise-jardin-villa-700x420-1.jpg\" media=\"(max-width: 1025px)\"><source srcset=\"https:\/\/www.palmex.fr\/wp-content\/uploads\/2024\/07\/5-polynesie-francaise-jardin-villa-700x420-1.jpg\" media=\"(max-width: 1537px)\"><source srcset=\"https:\/\/www.palmex.fr\/wp-content\/uploads\/2024\/07\/5-polynesie-francaise-jardin-villa-700x420-1.jpg\" media=\"(max-width: 1921px)\"><img decoding=\"async\" width=\"420\" height=\"210\" src=\"https:\/\/www.palmex.fr\/wp-content\/uploads\/2024\/07\/5-polynesie-francaise-jardin-villa-700x420-1-210x210.jpg\" alt=\"Palmex \" loading=\"lazy\" title=\"\"><\/picture><\/figure><figure class=\"fc-galerie__item\" ><picture><source srcset=\"https:\/\/www.palmex.fr\/wp-content\/uploads\/2024\/07\/3-iles-de-porquerolles-210x210.jpg\" media=\"(max-width: 210px)\"><source srcset=\"https:\/\/www.palmex.fr\/wp-content\/uploads\/2024\/07\/3-iles-de-porquerolles-420x318.jpg\" media=\"(max-width: 421px)\"><source srcset=\"https:\/\/www.palmex.fr\/wp-content\/uploads\/2024\/07\/3-iles-de-porquerolles.jpg\" media=\"(max-width: 1025px)\"><source srcset=\"https:\/\/www.palmex.fr\/wp-content\/uploads\/2024\/07\/3-iles-de-porquerolles.jpg\" media=\"(max-width: 1537px)\"><source srcset=\"https:\/\/www.palmex.fr\/wp-content\/uploads\/2024\/07\/3-iles-de-porquerolles.jpg\" media=\"(max-width: 1921px)\"><img decoding=\"async\" width=\"420\" height=\"210\" src=\"https:\/\/www.palmex.fr\/wp-content\/uploads\/2024\/07\/3-iles-de-porquerolles-210x210.jpg\" alt=\"Palmex \" loading=\"lazy\" title=\"\"><\/picture><\/figure><figure class=\"fc-galerie__item\" ><picture><source srcset=\"https:\/\/www.palmex.fr\/wp-content\/uploads\/2024\/07\/Min-Parasol-Club-1024x768-1-210x210.jpg\" media=\"(max-width: 210px)\"><source srcset=\"https:\/\/www.palmex.fr\/wp-content\/uploads\/2024\/07\/Min-Parasol-Club-1024x768-1-420x315.jpg\" media=\"(max-width: 421px)\"><source srcset=\"https:\/\/www.palmex.fr\/wp-content\/uploads\/2024\/07\/Min-Parasol-Club-1024x768-1-768x576.jpg\" media=\"(max-width: 1025px)\"><source srcset=\"https:\/\/www.palmex.fr\/wp-content\/uploads\/2024\/07\/Min-Parasol-Club-1024x768-1.jpg\" media=\"(max-width: 1537px)\"><source srcset=\"https:\/\/www.palmex.fr\/wp-content\/uploads\/2024\/07\/Min-Parasol-Club-1024x768-1.jpg\" media=\"(max-width: 1921px)\"><img decoding=\"async\" width=\"420\" height=\"210\" src=\"https:\/\/www.palmex.fr\/wp-content\/uploads\/2024\/07\/Min-Parasol-Club-1024x768-1-210x210.jpg\" alt=\"Palmex \" loading=\"lazy\" title=\"\"><\/picture><\/figure><\/div><\/div><\/div><\/div>\n\n<div class=\"fc-cover sec-00 is-fixed align-full\" style=\"\" data-bgimage=\"https:\/\/www.palmex.fr\/wp-content\/uploads\/2024\/07\/IMG_0015-1024x683.webp\" data-bgimagexs=\"https:\/\/www.palmex.fr\/wp-content\/uploads\/2024\/07\/IMG_0015-768x512.webp\"><span style=\"filter: opacity(50%);background-color:var(--vert-fonce);\"><\/span><div class=\"fc-cover__inner\" style=\"\"><p class=\"h2\" style=\"text-align: center;\"  >Compra o teu guarda-sol ex\u00f3tico:<\/p><div class=\"fc-boutons display-flex \" style=\"justify-content:center;\"><span class=\"fc-boutons__btn btn-contact is-style-1\">Contacta-nos<\/span><\/div><\/div><\/div>","protected":false},"excerpt":{"rendered":"<p>Guarda-chuva de folha de palmeira ex\u00f3tica Descri\u00e7\u00e3o do produto : A beleza do nosso guarda-sol reside no facto de ser muito r\u00e1pido de instalar. A partir de uma estrutura met\u00e1lica de ferro redondo galvanizado de 8 mm, utilizamos um sistema de clipes para fixar as folhas Fiji adequadas. Toda a estrutura tem um di\u00e2metro de [&hellip;]<\/p>\n","protected":false},"author":1,"featured_media":0,"parent":1056,"menu_order":0,"comment_status":"closed","ping_status":"closed","template":"","meta":{"_acf_changed":false,"footnotes":""},"acf":[],"_links":{"self":[{"href":"https:\/\/www.palmex.fr\/pt-pt\/wp-json\/wp\/v2\/pages\/1112"}],"collection":[{"href":"https:\/\/www.palmex.fr\/pt-pt\/wp-json\/wp\/v2\/pages"}],"about":[{"href":"https:\/\/www.palmex.fr\/pt-pt\/wp-json\/wp\/v2\/types\/page"}],"author":[{"embeddable":true,"href":"https:\/\/www.palmex.fr\/pt-pt\/wp-json\/wp\/v2\/users\/1"}],"replies":[{"embeddable":true,"href":"https:\/\/www.palmex.fr\/pt-pt\/wp-json\/wp\/v2\/comments?post=1112"}],"version-history":[{"count":2,"href":"https:\/\/www.palmex.fr\/pt-pt\/wp-json\/wp\/v2\/pages\/1112\/revisions"}],"predecessor-version":[{"id":1564,"href":"https:\/\/www.palmex.fr\/pt-pt\/wp-json\/wp\/v2\/pages\/1112\/revisions\/1564"}],"up":[{"embeddable":true,"href":"https:\/\/www.palmex.fr\/pt-pt\/wp-json\/wp\/v2\/pages\/1056"}],"wp:attachment":[{"href":"https:\/\/www.palmex.fr\/pt-pt\/wp-json\/wp\/v2\/media?parent=1112"}],"curies":[{"name":"wp","href":"https:\/\/api.w.org\/{rel}","templated":true}]}}