{"id":1116,"date":"2024-07-17T09:36:03","date_gmt":"2024-07-17T07:36:03","guid":{"rendered":"https:\/\/www.palmex.fr\/telhados-exoticos\/folhas-sinteticas-rio\/"},"modified":"2024-09-18T15:45:33","modified_gmt":"2024-09-18T13:45:33","slug":"folhas-sinteticas-rio","status":"publish","type":"page","link":"https:\/\/www.palmex.fr\/pt-pt\/telhados-exoticos\/folhas-sinteticas-rio\/","title":{"rendered":"Rio deixa"},"content":{"rendered":"<div class=\"fc-cover sec-00 is-fixed align-full\" style=\"\" data-bgimage=\"https:\/\/www.palmex.fr\/wp-content\/uploads\/2024\/07\/IMG_0024-1024x1024.webp\" data-bgimagexs=\"https:\/\/www.palmex.fr\/wp-content\/uploads\/2024\/07\/IMG_0024-768x768.webp\"><span style=\"filter: opacity(50%);background-color:var(--vert-fonce);\"><\/span><div class=\"fc-cover__inner\" style=\"\"><p class=\"h1\" style=\"text-align: center;\"  >Rio deixa, tabaco, coco &amp; verde<\/p><\/div><\/div>\n\n<div class=\"colonnes\"><div class=\"colonnes__item\" style=\"align-self:center;\"><h1 class=\"h2\">Folhas Rio (tabaco) Coco (branco) ou Verde (verde)<\/h1><h2 class=\"h3\">Embalagem de 72 folhas que cobrem 10,30 m\u00b2 :<\/h2><p    ><strong>As chapas sint\u00e9ticas ex\u00f3ticas Rio, Coco e Verde<\/strong> foram concebidas para serem <strong>fixadas diretamente sobre um telhado existente<\/strong>, como pain\u00e9is de madeira, telhas, chapas met\u00e1licas ou qualquer outro revestimento acabado.<br><strong>F\u00e1ceis de instalar<\/strong>, estes produtos oferecem uma <strong>solu\u00e7\u00e3o est\u00e9tica<\/strong> ideal para os teus projectos de renova\u00e7\u00e3o ou para substituir os produtos naturais, nomeadamente no dom\u00ednio da <strong>decora\u00e7\u00e3o<\/strong>. Estas <strong>telas sint\u00e9ticas<\/strong> est\u00e3o tamb\u00e9m dispon\u00edveis numa vers\u00e3o ign\u00edfuga por encomenda, correspondente \u00e0 norma europeia M1.<\/p><p    >A folha ex\u00f3tica Rio, Coco &amp; Verde possui <strong>carater\u00edsticas t\u00e9cnicas excepcionais<\/strong>, tanto em termos de <strong>vida \u00fatil de 50 anos<\/strong> e de <strong>garantia de 20 anos<\/strong>, como de resist\u00eancia a ventos fortes de 180 km\/h. \u00c9 <strong>f\u00e1cil de colocar<\/strong> com agrafos ou pregos de, pelo menos, 20 mm de di\u00e2metro, pelo que \u00e9 \u00e0 prova de vento. O seu aspeto \u00e9 semelhante ao de um <strong>coco<\/strong> ou de uma <strong>folha de<\/strong> <strong>Pandanus<\/strong>.<\/p><\/div><div class=\"colonnes__item zoom-out\"><figure class=\"\"><picture><source srcset=\"https:\/\/www.palmex.fr\/wp-content\/uploads\/2024\/07\/IMG_0009-210x210.webp\" media=\"(max-width: 210px)\"><source srcset=\"https:\/\/www.palmex.fr\/wp-content\/uploads\/2024\/07\/IMG_0009-420x420.webp\" media=\"(max-width: 421px)\"><source srcset=\"https:\/\/www.palmex.fr\/wp-content\/uploads\/2024\/07\/IMG_0009.webp\" media=\"(max-width: 1025px)\"><source srcset=\"https:\/\/www.palmex.fr\/wp-content\/uploads\/2024\/07\/IMG_0009.webp\" media=\"(max-width: 1537px)\"><source srcset=\"https:\/\/www.palmex.fr\/wp-content\/uploads\/2024\/07\/IMG_0009.webp\" media=\"(max-width: 1921px)\"><img decoding=\"async\" width=\"420\" height=\"210\" src=\"https:\/\/www.palmex.fr\/wp-content\/uploads\/2024\/07\/IMG_0009-210x210.webp\" alt=\"Palmex \" loading=\"lazy\" title=\"\"><\/picture><\/figure><\/div><\/div>\n\n<h2 class=\"h3\" style=\"text-align: center;\">Detalhes do produto :<\/h2>\n\n<div class=\"colonnes\"><div class=\"colonnes__item\"><h3>Materiais<\/h3><ul    >\n<li>Polietileno HDPE.<\/li>\n\n<li>Tratamento anti-UV em toda a sua extens\u00e3o.<\/li>\n\n<li>Todo o edif\u00edcio est\u00e1 pintado.<\/li>\n\n<li>Alta resist\u00eancia.<\/li>\n\n<li>Termo-moldado.<\/li>\n\n<li>100% recicl\u00e1vel.<\/li>\n<\/ul><h3>Especifica\u00e7\u00f5es<\/h3><ul    >\n<li>Cor: tabaco ou branco<\/li>\n\n<li>Dimens\u00f5es: 100 cm x 60 cm<\/li>\n\n<li>Espessura: 0,7 mm<\/li>\n\n<li>Peso: 2,77 kg\/m2<\/li>\n<\/ul><h3>Embalagem<\/h3><ul    >\n<li>Embalagem de 72 folhas 98 cm x 64 cm x 15 cm &#8211; 25 kg, cobrindo 10,30 m\u00b2.<\/li>\n<\/ul><\/div><div class=\"colonnes__item\"><h3>Instala\u00e7\u00e3o<\/h3><ul    >\n<li>Fixa-o com pregos ou agrafos de, pelo menos, 20 mm de profundidade, ou com folhas fixas a uma calha.<\/li>\n\n<li>Em pain\u00e9is de madeira, contraplacado ou chapa met\u00e1lica<\/li>\n\n<li>M\u00ednimo de 7 folhas por m\u00b2, ou seja, uma superf\u00edcie de 14,3 cm<\/li>\n\n<li>Coloca as filas de folhas em filas escalonadas de 2\/1.<\/li>\n\n<li>Instalado sem calhas em pain\u00e9is de madeira (20 mm), ripas ou chapa met\u00e1lica.<\/li>\n\n<li>Sobrep\u00f5e as 2 primeiras carreiras para obteres um rebordo mais grosso.<\/li>\n\n<li>R\u00e1pido e f\u00e1cil de instalar<\/li>\n\n<li>Estanquidade garantida com uma inclina\u00e7\u00e3o m\u00ednima de 30\u00b0 a respeitar<\/li>\n<\/ul><h3>C\u00f3digo aduaneiro<\/h3><ul    >\n<li>39.21.19.90<\/li>\n<\/ul><\/div><\/div>\n\n<p class=\"h3\" style=\"text-align: center;\"  >Transfer\u00eancias  <\/p>\n\n<ul class=\"pictos\" style=\"\"  >\n<li>\t\r\n\t\t\t  \t\t\t\t<a href=\"https:\/\/www.palmex.fr\/wp-content\/uploads\/2024\/07\/Guide-Utilisation-PORTUGAIS_compressed.pdf\" target=\"_blank\">Guia de instala\u00e7\u00e3o<\/a>\r\n\t\t\t\t\t\r\n\t\t\t  <\/li>\n\n<li>\r\n\t\t\t\t\t\t<a href=\"https:\/\/www.palmex.fr\/wp-content\/uploads\/2024\/07\/Notice-dinstallation-avec-rails-Aloha-Coco-FR.pdf\" target=\"_blank\">Instru\u00e7\u00f5es de montagem<\/a>\r\n\t\t\t\r\n\t\t\t<\/li>\n\n<li>\r\n\t\t\t\t\t\t<a href=\"https:\/\/www.palmex.fr\/wp-content\/uploads\/2024\/07\/garantie-avril-2021.pdf\" target=\"_blank\">Garantia Palmex<\/a>\r\n\t\t\t\r\n\t\t\t<\/li>\n\n<li>\r\n\t\t\t\t\t\t<a href=\"https:\/\/www.palmex.fr\/wp-content\/uploads\/2024\/07\/Sens-de-pose-des-feuilles-2.pdf\" target=\"_blank\">Dire\u00e7\u00e3o de coloca\u00e7\u00e3o da folha<\/a>\r\n\t\t\t\r\n\t\t\t<\/li>\n\n<li>\r\n\t\t\t\t\t\t<a href=\"https:\/\/www.palmex.fr\/wp-content\/uploads\/2024\/07\/fiche-implantations.pdf\" target=\"_blank\">Instru\u00e7\u00f5es de montagem dos acess\u00f3rios<\/a>\r\n\t\t\t\r\n\t\t\t<\/li>\n\n<li>\r\n\t\t\t\t\t\t<a href=\"https:\/\/www.palmex.fr\/wp-content\/uploads\/2024\/07\/fiche-accessoires.pdf\" target=\"_blank\">Acess\u00f3rios<\/a>\r\n\t\t\t\r\n\t\t\t<\/li>\n<\/ul>\n\n<div class=\"fc-group sec-25 align-full\"><p class=\"h2\" style=\"text-align: center;\"  >O Rio em fotos<\/p><div class=\"colonnes\"><div class=\"colonnes__item texte\" style=\"align-self:center;\"><p class=\"text-rotate\" style=\"text-align: center;\"  >Realiza\u00e7\u00f5es<\/p><\/div><div class=\"colonnes__item galerie\"><div class=\"fc-galerie col-5\"><figure class=\"fc-galerie__item\" ><picture><source srcset=\"https:\/\/www.palmex.fr\/wp-content\/uploads\/2024\/07\/20240624_153221-210x210.webp\" media=\"(max-width: 210px)\"><source srcset=\"https:\/\/www.palmex.fr\/wp-content\/uploads\/2024\/07\/20240624_153221-420x420.webp\" media=\"(max-width: 421px)\"><source srcset=\"https:\/\/www.palmex.fr\/wp-content\/uploads\/2024\/07\/20240624_153221-768x766.webp\" media=\"(max-width: 1025px)\"><source srcset=\"https:\/\/www.palmex.fr\/wp-content\/uploads\/2024\/07\/20240624_153221-1024x1021.webp\" media=\"(max-width: 1537px)\"><source srcset=\"https:\/\/www.palmex.fr\/wp-content\/uploads\/2024\/07\/20240624_153221.webp\" media=\"(max-width: 1921px)\"><img decoding=\"async\" width=\"420\" height=\"210\" src=\"https:\/\/www.palmex.fr\/wp-content\/uploads\/2024\/07\/20240624_153221-210x210.webp\" alt=\"Palmex \" loading=\"lazy\" title=\"\"><\/picture><\/figure><figure class=\"fc-galerie__item\" ><picture><source srcset=\"https:\/\/www.palmex.fr\/wp-content\/uploads\/2024\/07\/20240624_153424-210x210.webp\" media=\"(max-width: 210px)\"><source srcset=\"https:\/\/www.palmex.fr\/wp-content\/uploads\/2024\/07\/20240624_153424-408x420.webp\" media=\"(max-width: 421px)\"><source srcset=\"https:\/\/www.palmex.fr\/wp-content\/uploads\/2024\/07\/20240624_153424-768x791.webp\" media=\"(max-width: 1025px)\"><source srcset=\"https:\/\/www.palmex.fr\/wp-content\/uploads\/2024\/07\/20240624_153424-994x1024.webp\" media=\"(max-width: 1537px)\"><source srcset=\"https:\/\/www.palmex.fr\/wp-content\/uploads\/2024\/07\/20240624_153424.webp\" media=\"(max-width: 1921px)\"><img decoding=\"async\" width=\"420\" height=\"210\" src=\"https:\/\/www.palmex.fr\/wp-content\/uploads\/2024\/07\/20240624_153424-210x210.webp\" alt=\"Palmex \" loading=\"lazy\" title=\"\"><\/picture><\/figure><figure class=\"fc-galerie__item\" ><picture><source srcset=\"https:\/\/www.palmex.fr\/wp-content\/uploads\/2024\/07\/image8-210x210.webp\" media=\"(max-width: 210px)\"><source srcset=\"https:\/\/www.palmex.fr\/wp-content\/uploads\/2024\/07\/image8-420x315.webp\" media=\"(max-width: 421px)\"><source srcset=\"https:\/\/www.palmex.fr\/wp-content\/uploads\/2024\/07\/image8.webp\" media=\"(max-width: 1025px)\"><source srcset=\"https:\/\/www.palmex.fr\/wp-content\/uploads\/2024\/07\/image8.webp\" media=\"(max-width: 1537px)\"><source srcset=\"https:\/\/www.palmex.fr\/wp-content\/uploads\/2024\/07\/image8.webp\" media=\"(max-width: 1921px)\"><img decoding=\"async\" width=\"420\" height=\"210\" src=\"https:\/\/www.palmex.fr\/wp-content\/uploads\/2024\/07\/image8-210x210.webp\" alt=\"Palmex \" loading=\"lazy\" title=\"\"><\/picture><\/figure><figure class=\"fc-galerie__item\" ><picture><source srcset=\"https:\/\/www.palmex.fr\/wp-content\/uploads\/2024\/07\/image9-210x210.webp\" media=\"(max-width: 210px)\"><source srcset=\"https:\/\/www.palmex.fr\/wp-content\/uploads\/2024\/07\/image9-420x315.webp\" media=\"(max-width: 421px)\"><source srcset=\"https:\/\/www.palmex.fr\/wp-content\/uploads\/2024\/07\/image9-768x576.webp\" media=\"(max-width: 1025px)\"><source srcset=\"https:\/\/www.palmex.fr\/wp-content\/uploads\/2024\/07\/image9-1024x768.webp\" media=\"(max-width: 1537px)\"><source srcset=\"https:\/\/www.palmex.fr\/wp-content\/uploads\/2024\/07\/image9.webp\" media=\"(max-width: 1921px)\"><img decoding=\"async\" width=\"420\" height=\"210\" src=\"https:\/\/www.palmex.fr\/wp-content\/uploads\/2024\/07\/image9-210x210.webp\" alt=\"Palmex \" loading=\"lazy\" title=\"\"><\/picture><\/figure><figure class=\"fc-galerie__item\" ><picture><source srcset=\"https:\/\/www.palmex.fr\/wp-content\/uploads\/2024\/07\/IMG_0027-210x210.webp\" media=\"(max-width: 210px)\"><source srcset=\"https:\/\/www.palmex.fr\/wp-content\/uploads\/2024\/07\/IMG_0027.webp\" media=\"(max-width: 421px)\"><source srcset=\"https:\/\/www.palmex.fr\/wp-content\/uploads\/2024\/07\/IMG_0027.webp\" media=\"(max-width: 1025px)\"><source srcset=\"https:\/\/www.palmex.fr\/wp-content\/uploads\/2024\/07\/IMG_0027.webp\" media=\"(max-width: 1537px)\"><source srcset=\"https:\/\/www.palmex.fr\/wp-content\/uploads\/2024\/07\/IMG_0027.webp\" media=\"(max-width: 1921px)\"><img decoding=\"async\" width=\"420\" height=\"210\" src=\"https:\/\/www.palmex.fr\/wp-content\/uploads\/2024\/07\/IMG_0027-210x210.webp\" alt=\"Palmex \" loading=\"lazy\" title=\"\"><\/picture><\/figure><figure class=\"fc-galerie__item\" ><picture><source srcset=\"https:\/\/www.palmex.fr\/wp-content\/uploads\/2024\/07\/IMG_0079-210x210.webp\" media=\"(max-width: 210px)\"><source srcset=\"https:\/\/www.palmex.fr\/wp-content\/uploads\/2024\/07\/IMG_0079-315x420.webp\" media=\"(max-width: 421px)\"><source srcset=\"https:\/\/www.palmex.fr\/wp-content\/uploads\/2024\/07\/IMG_0079-768x1024.webp\" media=\"(max-width: 1025px)\"><source srcset=\"https:\/\/www.palmex.fr\/wp-content\/uploads\/2024\/07\/IMG_0079-768x1024.webp\" media=\"(max-width: 1537px)\"><source srcset=\"https:\/\/www.palmex.fr\/wp-content\/uploads\/2024\/07\/IMG_0079.webp\" media=\"(max-width: 1921px)\"><img decoding=\"async\" width=\"420\" height=\"210\" src=\"https:\/\/www.palmex.fr\/wp-content\/uploads\/2024\/07\/IMG_0079-210x210.webp\" alt=\"Palmex \" loading=\"lazy\" title=\"\"><\/picture><\/figure><figure class=\"fc-galerie__item\" ><picture><source srcset=\"https:\/\/www.palmex.fr\/wp-content\/uploads\/2024\/07\/IMG_0122-210x210.webp\" media=\"(max-width: 210px)\"><source srcset=\"https:\/\/www.palmex.fr\/wp-content\/uploads\/2024\/07\/IMG_0122-420x315.webp\" media=\"(max-width: 421px)\"><source srcset=\"https:\/\/www.palmex.fr\/wp-content\/uploads\/2024\/07\/IMG_0122-768x576.webp\" media=\"(max-width: 1025px)\"><source srcset=\"https:\/\/www.palmex.fr\/wp-content\/uploads\/2024\/07\/IMG_0122-1024x768.webp\" media=\"(max-width: 1537px)\"><source srcset=\"https:\/\/www.palmex.fr\/wp-content\/uploads\/2024\/07\/IMG_0122.webp\" media=\"(max-width: 1921px)\"><img decoding=\"async\" width=\"420\" height=\"210\" src=\"https:\/\/www.palmex.fr\/wp-content\/uploads\/2024\/07\/IMG_0122-210x210.webp\" alt=\"Palmex \" loading=\"lazy\" title=\"\"><\/picture><\/figure><figure class=\"fc-galerie__item\" ><picture><source srcset=\"https:\/\/www.palmex.fr\/wp-content\/uploads\/2024\/07\/IMG_03611-210x210.webp\" media=\"(max-width: 210px)\"><source srcset=\"https:\/\/www.palmex.fr\/wp-content\/uploads\/2024\/07\/IMG_03611-420x420.webp\" media=\"(max-width: 421px)\"><source srcset=\"https:\/\/www.palmex.fr\/wp-content\/uploads\/2024\/07\/IMG_03611-768x767.webp\" media=\"(max-width: 1025px)\"><source srcset=\"https:\/\/www.palmex.fr\/wp-content\/uploads\/2024\/07\/IMG_03611.webp\" media=\"(max-width: 1537px)\"><source srcset=\"https:\/\/www.palmex.fr\/wp-content\/uploads\/2024\/07\/IMG_03611.webp\" media=\"(max-width: 1921px)\"><img decoding=\"async\" width=\"420\" height=\"210\" src=\"https:\/\/www.palmex.fr\/wp-content\/uploads\/2024\/07\/IMG_03611-210x210.webp\" alt=\"Palmex \" loading=\"lazy\" title=\"\"><\/picture><\/figure><figure class=\"fc-galerie__item\" ><picture><source srcset=\"https:\/\/www.palmex.fr\/wp-content\/uploads\/2024\/07\/IMG_4625-210x210.webp\" media=\"(max-width: 210px)\"><source srcset=\"https:\/\/www.palmex.fr\/wp-content\/uploads\/2024\/07\/IMG_4625-315x420.webp\" media=\"(max-width: 421px)\"><source srcset=\"https:\/\/www.palmex.fr\/wp-content\/uploads\/2024\/07\/IMG_4625-768x1024.webp\" media=\"(max-width: 1025px)\"><source srcset=\"https:\/\/www.palmex.fr\/wp-content\/uploads\/2024\/07\/IMG_4625-768x1024.webp\" media=\"(max-width: 1537px)\"><source srcset=\"https:\/\/www.palmex.fr\/wp-content\/uploads\/2024\/07\/IMG_4625.webp\" media=\"(max-width: 1921px)\"><img decoding=\"async\" width=\"420\" height=\"210\" src=\"https:\/\/www.palmex.fr\/wp-content\/uploads\/2024\/07\/IMG_4625-210x210.webp\" alt=\"Palmex \" loading=\"lazy\" title=\"\"><\/picture><\/figure><\/div><\/div><\/div><\/div>\n\n<div class=\"fc-cover sec-00 is-fixed align-full\" style=\"\" data-bgimage=\"https:\/\/www.palmex.fr\/wp-content\/uploads\/2024\/07\/IMG_0015-1024x683.webp\" data-bgimagexs=\"https:\/\/www.palmex.fr\/wp-content\/uploads\/2024\/07\/IMG_0015-768x512.webp\"><span style=\"filter: opacity(50%);background-color:var(--vert-fonce);\"><\/span><div class=\"fc-cover__inner\" style=\"\"><p class=\"h2\" style=\"text-align: center;\"  >Candidata-te \u00e0s folhas Rio:<\/p><div class=\"fc-boutons display-flex \" style=\"justify-content:center;\"><span class=\"fc-boutons__btn btn-contact is-style-1\">Contacta-nos<\/span><\/div><\/div><\/div>","protected":false},"excerpt":{"rendered":"<p>Folhas Rio (tabaco) Coco (branco) ou Verde (verde) Embalagem de 72 folhas que cobrem 10,30 m\u00b2 : As chapas sint\u00e9ticas ex\u00f3ticas Rio, Coco e Verde foram concebidas para serem fixadas diretamente sobre um telhado existente, como pain\u00e9is de madeira, telhas, chapas met\u00e1licas ou qualquer outro revestimento acabado.F\u00e1ceis de instalar, estes produtos oferecem uma solu\u00e7\u00e3o est\u00e9tica [&hellip;]<\/p>\n","protected":false},"author":1,"featured_media":0,"parent":1056,"menu_order":0,"comment_status":"closed","ping_status":"closed","template":"","meta":{"_acf_changed":false,"footnotes":""},"acf":[],"_links":{"self":[{"href":"https:\/\/www.palmex.fr\/pt-pt\/wp-json\/wp\/v2\/pages\/1116"}],"collection":[{"href":"https:\/\/www.palmex.fr\/pt-pt\/wp-json\/wp\/v2\/pages"}],"about":[{"href":"https:\/\/www.palmex.fr\/pt-pt\/wp-json\/wp\/v2\/types\/page"}],"author":[{"embeddable":true,"href":"https:\/\/www.palmex.fr\/pt-pt\/wp-json\/wp\/v2\/users\/1"}],"replies":[{"embeddable":true,"href":"https:\/\/www.palmex.fr\/pt-pt\/wp-json\/wp\/v2\/comments?post=1116"}],"version-history":[{"count":3,"href":"https:\/\/www.palmex.fr\/pt-pt\/wp-json\/wp\/v2\/pages\/1116\/revisions"}],"predecessor-version":[{"id":1569,"href":"https:\/\/www.palmex.fr\/pt-pt\/wp-json\/wp\/v2\/pages\/1116\/revisions\/1569"}],"up":[{"embeddable":true,"href":"https:\/\/www.palmex.fr\/pt-pt\/wp-json\/wp\/v2\/pages\/1056"}],"wp:attachment":[{"href":"https:\/\/www.palmex.fr\/pt-pt\/wp-json\/wp\/v2\/media?parent=1116"}],"curies":[{"name":"wp","href":"https:\/\/api.w.org\/{rel}","templated":true}]}}