{"id":1125,"date":"2024-07-17T09:45:02","date_gmt":"2024-07-17T07:45:02","guid":{"rendered":"https:\/\/www.palmex.fr\/compromissos\/"},"modified":"2024-09-18T16:09:12","modified_gmt":"2024-09-18T14:09:12","slug":"compromissos","status":"publish","type":"page","link":"https:\/\/www.palmex.fr\/pt-pt\/compromissos\/","title":{"rendered":"Os nossos compromissos"},"content":{"rendered":"<div class=\"fc-cover sec-00 is-fixed align-full\" style=\"\" data-bgimage=\"https:\/\/www.palmex.fr\/wp-content\/uploads\/2024\/07\/IMG_0012-1024x683.webp\" data-bgimagexs=\"https:\/\/www.palmex.fr\/wp-content\/uploads\/2024\/07\/IMG_0012-768x512.webp\"><span style=\"filter: opacity(50%);background-color:var(--vert-fonce);\"><\/span><div class=\"fc-cover__inner\" style=\"\"><h1 style=\"text-align: center;\">Compromissos <span class=\"fc-span\">da Palmex France<\/span><\/h1><\/div><\/div>\n\n<div class=\"fc-group sec-30\"><h2 style=\"text-align: center;\">Produtos eco-respons\u00e1veis<\/h2><h3 style=\"text-align: center;\">N\u00e3o compromete o planeta e a qualidade<\/h3><p  style=\"text-align: center;\"  >A Palmex tem o prazer de oferecer aos seus clientes<strong> telhados ex\u00f3ticos eco-respons\u00e1veis, 100% recicl\u00e1veis, s\u00f3lidos e dur\u00e1veis<\/strong>.<\/p><p  style=\"text-align: center;\"  >Os nossos produtos <strong>n\u00e3o<\/strong> cont\u00eam <strong>subst\u00e2ncias t\u00f3xicas<\/strong>, s\u00e3o fabricados de acordo com as normas ISO 9001-2015 e s\u00e3o parcialmente fabricados com <strong>materiais reciclados<\/strong>.<\/p><p  style=\"text-align: center;\"  >Durante a produ\u00e7\u00e3o, as nossas folhas de palmeira sint\u00e9ticas s\u00e3o submetidas a um <strong>tratamento anti-UV<\/strong> espec\u00edfico que, uma vez instalado, resulta em poupan\u00e7as de energia valiosas em ar condicionado e ventila\u00e7\u00e3o, entre outras coisas.<\/p><p  style=\"text-align: center;\"  >A bem do ambiente, \u00e9 tamb\u00e9m importante notar que utilizamos muito <strong>poucas embalagens<\/strong> na entrega dos nossos produtos.<\/p><p  style=\"text-align: center;\"  >Os nossos materiais de qualidade industrial s\u00e3o suficientemente resistentes para suportar todos os tipos de clima. A <strong>durabilidade dos produtos<\/strong> PALMEX \u00e9 estimada em 50 anos ou mais. No entanto, se necess\u00e1rio, as placas PALMEX podem ser desmontadas e reutilizadas.<\/p><p  style=\"text-align: center;\"  >Os produtos PALMEX foram concebidos para fornecer uma <strong>solu\u00e7\u00e3o permanente<\/strong> para o problema da recolha maci\u00e7a e crescente de recursos naturais utilizados para cobrir telhados ex\u00f3ticos que est\u00e3o a ser desenvolvidos em todo o planeta. Contribuem para minimizar o impacto global do nosso desenvolvimento econ\u00f3mico e imobili\u00e1rio sobre os recursos naturais e sustent\u00e1veis do nosso ambiente de vida.<\/p><p  style=\"text-align: center;\"  >Empenhada em partilhar a sua vis\u00e3o de desenvolvimento sustent\u00e1vel, a Palmex orgulha-se de oferecer uma<strong> gama de produtos eco-respons\u00e1veis<\/strong> que satisfazem as necessidades do presente sem comprometer a capacidade das gera\u00e7\u00f5es futuras de satisfazerem as suas pr\u00f3prias necessidades.  <\/p><div class=\"fc-boutons display-flex \" style=\"justify-content:center;\"><a href=\"https:\/\/www.palmex.fr\/wp-content\/uploads\/2024\/07\/garantie-avril-2021.pdf\" rel=\"noreferrer noopener\" rel=\"noreferrer noopener\" target=\"_blank\" rel=\"noreferrer noopener\" rel=\"noreferrer noopener\" rel=\"noreferrer noopener nofollow\" rel=\"noreferrer noopener\" class=\"fc-boutons__btn is-style-1\">V\u00ea a garantia Palmex<\/a><\/div><\/div>\n\n<div class=\"colonnes sec-05\" style=\"align-items:center;\"><div class=\"colonnes__item parallax-up\" style=\"align-self:center;\">\n<figure class=\"wp-block-embed is-type-video is-provider-youtube wp-block-embed-youtube video wp-embed-aspect-4-3 wp-has-aspect-ratio figcaption\"><div class=\"wp-block-embed__wrapper\">\n<iframe loading=\"lazy\" title=\"Toiture tropicale synth\u00e9tique ignifuge de Palmex France\" width=\"500\" height=\"375\" src=\"https:\/\/www.youtube.com\/embed\/HyMCHWMnclc?feature=oembed\" frameborder=\"0\" allow=\"accelerometer; autoplay; clipboard-write; encrypted-media; gyroscope; picture-in-picture; web-share\" referrerpolicy=\"strict-origin-when-cross-origin\" allowfullscreen><\/iframe>\n<\/div><\/figure>\n<p class=\"figcaption\" style=\"\"  >Ensaio de fogo<\/p><\/div><div class=\"colonnes__item texte\" style=\"align-self:center;\"><h2 class=\"h2\">Resist\u00eancia ao fogo<\/h2><p    >As chapas Palmex obtiveram a <strong>classifica\u00e7\u00e3o europeia CSTB M1<\/strong>. Descobre o nosso teste comparativo entre um len\u00e7ol cl\u00e1ssico e um len\u00e7ol Palmex.<\/p><div class=\"fc-boutons\"><a href=\"https:\/\/www.palmex.fr\/wp-content\/uploads\/2024\/07\/Fire-retartdant-M1-20213.pdf\" rel=\"noreferrer noopener\" rel=\"noreferrer noopener\" target=\"_blank\" rel=\"noreferrer noopener\" rel=\"noreferrer noopener\" rel=\"noreferrer noopener\" rel=\"noreferrer noopener\" class=\"fc-boutons__btn is-style-1\">Relat\u00f3rio de classifica\u00e7\u00e3o de inc\u00eandios<\/a><\/div><\/div><\/div>","protected":false},"excerpt":{"rendered":"<p>Produtos eco-respons\u00e1veis N\u00e3o compromete o planeta e a qualidade A Palmex tem o prazer de oferecer aos seus clientes telhados ex\u00f3ticos eco-respons\u00e1veis, 100% recicl\u00e1veis, s\u00f3lidos e dur\u00e1veis. Os nossos produtos n\u00e3o cont\u00eam subst\u00e2ncias t\u00f3xicas, s\u00e3o fabricados de acordo com as normas ISO 9001-2015 e s\u00e3o parcialmente fabricados com materiais reciclados. Durante a produ\u00e7\u00e3o, as nossas [&hellip;]<\/p>\n","protected":false},"author":1,"featured_media":0,"parent":0,"menu_order":0,"comment_status":"closed","ping_status":"closed","template":"","meta":{"_acf_changed":false,"footnotes":""},"acf":[],"_links":{"self":[{"href":"https:\/\/www.palmex.fr\/pt-pt\/wp-json\/wp\/v2\/pages\/1125"}],"collection":[{"href":"https:\/\/www.palmex.fr\/pt-pt\/wp-json\/wp\/v2\/pages"}],"about":[{"href":"https:\/\/www.palmex.fr\/pt-pt\/wp-json\/wp\/v2\/types\/page"}],"author":[{"embeddable":true,"href":"https:\/\/www.palmex.fr\/pt-pt\/wp-json\/wp\/v2\/users\/1"}],"replies":[{"embeddable":true,"href":"https:\/\/www.palmex.fr\/pt-pt\/wp-json\/wp\/v2\/comments?post=1125"}],"version-history":[{"count":3,"href":"https:\/\/www.palmex.fr\/pt-pt\/wp-json\/wp\/v2\/pages\/1125\/revisions"}],"predecessor-version":[{"id":1588,"href":"https:\/\/www.palmex.fr\/pt-pt\/wp-json\/wp\/v2\/pages\/1125\/revisions\/1588"}],"wp:attachment":[{"href":"https:\/\/www.palmex.fr\/pt-pt\/wp-json\/wp\/v2\/media?parent=1125"}],"curies":[{"name":"wp","href":"https:\/\/api.w.org\/{rel}","templated":true}]}}