{"id":1481,"date":"2024-09-03T16:16:25","date_gmt":"2024-09-03T14:16:25","guid":{"rendered":"https:\/\/www.palmex.fr\/telhados-exoticos\/folhas-rio-com-carril\/"},"modified":"2024-09-09T09:56:43","modified_gmt":"2024-09-09T07:56:43","slug":"folhas-rio-com-carril","status":"publish","type":"page","link":"https:\/\/www.palmex.fr\/pt-pt\/telhados-exoticos\/folhas-rio-com-carril\/","title":{"rendered":"Folhas de Rioha com pista"},"content":{"rendered":"<div class=\"fc-cover sec-00 is-fixed align-full\" style=\"\" data-bgimage=\"https:\/\/www.palmex.fr\/wp-content\/uploads\/2024\/08\/ae5c6c00-1.jpg\" data-bgimagexs=\"https:\/\/www.palmex.fr\/wp-content\/uploads\/2024\/08\/ae5c6c00-1.jpg\"><span style=\"filter: opacity(50%);background-color:var(--vert-fonce);\"><\/span><div class=\"fc-cover__inner\" style=\"\"><p class=\"h1\" style=\"text-align: center;\"  >Folhas de Rioha (Rio + pista)<\/p><\/div><\/div>\n\n<div class=\"colonnes\"><div class=\"colonnes__item\" style=\"align-self:center;\"><h1 class=\"h2\">Folhas Rioha (tabaco) Coco (branco) ou Verde (verde)<\/h1><h2 class=\"h3\">Embalagem de 72 folhas cobrindo 9 m\u00b2 com calha:<\/h2><p    ><strong>As chapas ex\u00f3ticas artificiais Rioha (Rio + calha)<\/strong> foram concebidas para serem <strong>fixadas diretamente<\/strong> \u00e0s traves espa\u00e7adas a um m\u00e1ximo de 40 cm, atrav\u00e9s de um sistema patenteado. Estas chapas oferecem duas vantagens t\u00e9cnicas: uma<strong> cobertura exterior eficaz<\/strong> em todas as condi\u00e7\u00f5es climat\u00e9ricas e uma <strong>subcobertura vis\u00edvel<\/strong> com <strong>uma est\u00e9tica tradicional<\/strong> muito apreciada em muitos pa\u00edses tropicais. Este conceito de cobertura garante<strong> uma resist\u00eancia excecional<\/strong> \u00e0s intemp\u00e9ries e aos ventos fortes, sendo colocado numa inclina\u00e7\u00e3o de pelo menos 30\u00b0 para garantir a estanquidade. Estas chapas artificiais est\u00e3o igualmente dispon\u00edveis numa vers\u00e3o ign\u00edfuga por encomenda, na vers\u00e3o A (normas americanas) correspondente \u00e0 norma europeia M1.<\/p><p    >A <strong>folha de palmeira ex\u00f3tica Rioha (Rio + carril)<\/strong> tem carater\u00edsticas t\u00e9cnicas excepcionais, excepcionais, quer pela sua <strong>dura\u00e7\u00e3o de vida de 50 anos<\/strong> e <strong>20 anos de garantia<\/strong>, bem como pela sua resist\u00eancia ao vento. O seu aspeto \u00e9 semelhante ao de uma <strong>folha de coco ou de pandano<\/strong>.<\/p><\/div><div class=\"colonnes__item zoom-out\"><figure class=\"\"><picture><source srcset=\"https:\/\/www.palmex.fr\/wp-content\/uploads\/2024\/08\/ae5c6c00-1-210x210.jpg\" media=\"(max-width: 210px)\"><source srcset=\"https:\/\/www.palmex.fr\/wp-content\/uploads\/2024\/08\/ae5c6c00-1-315x420.jpg\" media=\"(max-width: 421px)\"><source srcset=\"https:\/\/www.palmex.fr\/wp-content\/uploads\/2024\/08\/ae5c6c00-1.jpg\" media=\"(max-width: 1025px)\"><source srcset=\"https:\/\/www.palmex.fr\/wp-content\/uploads\/2024\/08\/ae5c6c00-1.jpg\" media=\"(max-width: 1537px)\"><source srcset=\"https:\/\/www.palmex.fr\/wp-content\/uploads\/2024\/08\/ae5c6c00-1.jpg\" media=\"(max-width: 1921px)\"><img decoding=\"async\" width=\"420\" height=\"210\" src=\"https:\/\/www.palmex.fr\/wp-content\/uploads\/2024\/08\/ae5c6c00-1-210x210.jpg\" alt=\"Palmex \" loading=\"lazy\" title=\"\"><\/picture><\/figure><\/div><\/div>\n\n<h2 class=\"h3\" style=\"text-align: center;\">Detalhes do produto :<\/h2>\n\n<div class=\"colonnes\"><div class=\"colonnes__item\"><h3>Materiais<\/h3><ul    >\n<li>Polietileno HDPE.<\/li>\n\n<li>Tratamento anti-UV em toda a sua extens\u00e3o.<\/li>\n\n<li>Todo o edif\u00edcio est\u00e1 pintado.<\/li>\n\n<li>Alta resist\u00eancia.<\/li>\n\n<li>Termo-moldado.<\/li>\n\n<li>100% recicl\u00e1vel.<\/li>\n<\/ul><h3>Especifica\u00e7\u00f5es<\/h3><ul    >\n<li>Cor: tabaco ou branco<\/li>\n\n<li>Dimens\u00f5es: 100 cm x 60 cm<\/li>\n\n<li>Espessura: 0,7 mm<\/li>\n\n<li>Peso: 3,42 kg\/m2<\/li>\n<\/ul><h3>Embalagem<\/h3><ul    >\n<li>Embalagem de 72 folhas, 98 cm x 64 cm x 15 cm &#8211; 25 kg, cobertura de 9 m\u00b2.<\/li>\n\n<li>Embalagem de 24 carris 10 cm x 10 cm x 300 cm (aprox.) &#8211; 9 kg<\/li>\n<\/ul><\/div><div class=\"colonnes__item\"><h3>Instala\u00e7\u00e3o<\/h3><ul    >\n<li>Fixa\u00e7\u00e3o por parafuso (20 mm), chapa com calha.<\/li>\n\n<li>Em pain\u00e9is de madeira, contraplacado ou chapa met\u00e1lica<\/li>\n\n<li>M\u00ednimo de 8 folhas por m\u00b2 , ou seja, uma superf\u00edcie de 12,5 cm<\/li>\n\n<li>Instalado com calhas nas vigas verticais a 40 cm de dist\u00e2ncia<\/li>\n\n<li>Filas de folhas escalonadas 2\/1<\/li>\n\n<li>Sobrepor as 2 primeiras carreiras para obter um rebordo mais grosso<\/li>\n\n<li>2 primeiras filas sobrepostas na mesma calha para dar espessura na parte inferior do telhado<\/li>\n\n<li>Decorativo e est\u00e9tico<\/li>\n\n<li>Estanquidade garantida com uma inclina\u00e7\u00e3o m\u00ednima de 30\u00b0 a respeitar<\/li>\n<\/ul><h3>C\u00f3digo aduaneiro<\/h3><ul    >\n<li>39.21.19.90<\/li>\n<\/ul><\/div><\/div>\n\n<p class=\"h3\" style=\"text-align: center;\"  >Transfer\u00eancias  <\/p>\n\n<ul class=\"pictos\" style=\"\"  >\n<li>\t\r\n\t\t\t  \t\t\t\t<a href=\"https:\/\/www.palmex.fr\/wp-content\/uploads\/2024\/07\/Guide-Utilisation-PORTUGAIS_compressed.pdf\" target=\"_blank\">Guia de instala\u00e7\u00e3o<\/a>\r\n\t\t\t\t\t\r\n\t\t\t  <\/li>\n\n<li>\r\n\t\t\t\t\t\t<a href=\"https:\/\/www.palmex.fr\/wp-content\/uploads\/2024\/07\/Notice-dinstallation-avec-rails-Aloha-Coco-FR.pdf\" target=\"_blank\">Instru\u00e7\u00f5es de montagem<\/a>\r\n\t\t\t\r\n\t\t\t<\/li>\n\n<li>\r\n\t\t\t\t\t\t<a href=\"https:\/\/www.palmex.fr\/wp-content\/uploads\/2024\/07\/garantie-avril-2021.pdf\" target=\"_blank\">Garantia Palmex<\/a>\r\n\t\t\t\r\n\t\t\t<\/li>\n\n<li>\r\n\t\t\t\t\t\t<a href=\"https:\/\/www.palmex.fr\/wp-content\/uploads\/2024\/07\/Sens-de-pose-des-feuilles-2.pdf\" target=\"_blank\">Dire\u00e7\u00e3o de coloca\u00e7\u00e3o da folha<\/a>\r\n\t\t\t\r\n\t\t\t<\/li>\n\n<li>\r\n\t\t\t\t\t\t<a href=\"https:\/\/www.palmex.fr\/wp-content\/uploads\/2024\/07\/fiche-implantations.pdf\" target=\"_blank\">Instru\u00e7\u00f5es de montagem dos acess\u00f3rios<\/a>\r\n\t\t\t\r\n\t\t\t<\/li>\n\n<li>\r\n\t\t\t\t\t\t<a href=\"https:\/\/www.palmex.fr\/wp-content\/uploads\/2024\/07\/fiche-accessoires.pdf\" target=\"_blank\">Acess\u00f3rios<\/a>\r\n\t\t\t\r\n\t\t\t<\/li>\n<\/ul>\n\n<div class=\"fc-group sec-25 align-full\"><p class=\"h2\" style=\"text-align: center;\"  >O Rioha em fotos<\/p><div class=\"colonnes\"><div class=\"colonnes__item texte\" style=\"align-self:center;\"><p class=\"text-rotate\" style=\"text-align: center;\"  >Realiza\u00e7\u00f5es<\/p><\/div><div class=\"colonnes__item galerie\"><div class=\"fc-galerie col-5\"><figure class=\"fc-galerie__item\" ><picture><source srcset=\"https:\/\/www.palmex.fr\/wp-content\/uploads\/2024\/07\/20240624_153221-210x210.webp\" media=\"(max-width: 210px)\"><source srcset=\"https:\/\/www.palmex.fr\/wp-content\/uploads\/2024\/07\/20240624_153221-420x420.webp\" media=\"(max-width: 421px)\"><source srcset=\"https:\/\/www.palmex.fr\/wp-content\/uploads\/2024\/07\/20240624_153221-768x766.webp\" media=\"(max-width: 1025px)\"><source srcset=\"https:\/\/www.palmex.fr\/wp-content\/uploads\/2024\/07\/20240624_153221-1024x1021.webp\" media=\"(max-width: 1537px)\"><source srcset=\"https:\/\/www.palmex.fr\/wp-content\/uploads\/2024\/07\/20240624_153221.webp\" media=\"(max-width: 1921px)\"><img decoding=\"async\" width=\"420\" height=\"210\" src=\"https:\/\/www.palmex.fr\/wp-content\/uploads\/2024\/07\/20240624_153221-210x210.webp\" alt=\"Palmex \" loading=\"lazy\" title=\"\"><\/picture><\/figure><figure class=\"fc-galerie__item\" ><picture><source srcset=\"https:\/\/www.palmex.fr\/wp-content\/uploads\/2024\/07\/20240624_153424-210x210.webp\" media=\"(max-width: 210px)\"><source srcset=\"https:\/\/www.palmex.fr\/wp-content\/uploads\/2024\/07\/20240624_153424-408x420.webp\" media=\"(max-width: 421px)\"><source srcset=\"https:\/\/www.palmex.fr\/wp-content\/uploads\/2024\/07\/20240624_153424-768x791.webp\" media=\"(max-width: 1025px)\"><source srcset=\"https:\/\/www.palmex.fr\/wp-content\/uploads\/2024\/07\/20240624_153424-994x1024.webp\" media=\"(max-width: 1537px)\"><source srcset=\"https:\/\/www.palmex.fr\/wp-content\/uploads\/2024\/07\/20240624_153424.webp\" media=\"(max-width: 1921px)\"><img decoding=\"async\" width=\"420\" height=\"210\" src=\"https:\/\/www.palmex.fr\/wp-content\/uploads\/2024\/07\/20240624_153424-210x210.webp\" alt=\"Palmex \" loading=\"lazy\" title=\"\"><\/picture><\/figure><figure class=\"fc-galerie__item\" ><picture><source srcset=\"https:\/\/www.palmex.fr\/wp-content\/uploads\/2024\/07\/image8-210x210.webp\" media=\"(max-width: 210px)\"><source srcset=\"https:\/\/www.palmex.fr\/wp-content\/uploads\/2024\/07\/image8-420x315.webp\" media=\"(max-width: 421px)\"><source srcset=\"https:\/\/www.palmex.fr\/wp-content\/uploads\/2024\/07\/image8.webp\" media=\"(max-width: 1025px)\"><source srcset=\"https:\/\/www.palmex.fr\/wp-content\/uploads\/2024\/07\/image8.webp\" media=\"(max-width: 1537px)\"><source srcset=\"https:\/\/www.palmex.fr\/wp-content\/uploads\/2024\/07\/image8.webp\" media=\"(max-width: 1921px)\"><img decoding=\"async\" width=\"420\" height=\"210\" src=\"https:\/\/www.palmex.fr\/wp-content\/uploads\/2024\/07\/image8-210x210.webp\" alt=\"Palmex \" loading=\"lazy\" title=\"\"><\/picture><\/figure><figure class=\"fc-galerie__item\" ><picture><source srcset=\"https:\/\/www.palmex.fr\/wp-content\/uploads\/2024\/07\/image9-210x210.webp\" media=\"(max-width: 210px)\"><source srcset=\"https:\/\/www.palmex.fr\/wp-content\/uploads\/2024\/07\/image9-420x315.webp\" media=\"(max-width: 421px)\"><source srcset=\"https:\/\/www.palmex.fr\/wp-content\/uploads\/2024\/07\/image9-768x576.webp\" media=\"(max-width: 1025px)\"><source srcset=\"https:\/\/www.palmex.fr\/wp-content\/uploads\/2024\/07\/image9-1024x768.webp\" media=\"(max-width: 1537px)\"><source srcset=\"https:\/\/www.palmex.fr\/wp-content\/uploads\/2024\/07\/image9.webp\" media=\"(max-width: 1921px)\"><img decoding=\"async\" width=\"420\" height=\"210\" src=\"https:\/\/www.palmex.fr\/wp-content\/uploads\/2024\/07\/image9-210x210.webp\" alt=\"Palmex \" loading=\"lazy\" title=\"\"><\/picture><\/figure><figure class=\"fc-galerie__item\" ><picture><source srcset=\"https:\/\/www.palmex.fr\/wp-content\/uploads\/2024\/07\/IMG_0027-210x210.webp\" media=\"(max-width: 210px)\"><source srcset=\"https:\/\/www.palmex.fr\/wp-content\/uploads\/2024\/07\/IMG_0027.webp\" media=\"(max-width: 421px)\"><source srcset=\"https:\/\/www.palmex.fr\/wp-content\/uploads\/2024\/07\/IMG_0027.webp\" media=\"(max-width: 1025px)\"><source srcset=\"https:\/\/www.palmex.fr\/wp-content\/uploads\/2024\/07\/IMG_0027.webp\" media=\"(max-width: 1537px)\"><source srcset=\"https:\/\/www.palmex.fr\/wp-content\/uploads\/2024\/07\/IMG_0027.webp\" media=\"(max-width: 1921px)\"><img decoding=\"async\" width=\"420\" height=\"210\" src=\"https:\/\/www.palmex.fr\/wp-content\/uploads\/2024\/07\/IMG_0027-210x210.webp\" alt=\"Palmex \" loading=\"lazy\" title=\"\"><\/picture><\/figure><figure class=\"fc-galerie__item\" ><picture><source srcset=\"https:\/\/www.palmex.fr\/wp-content\/uploads\/2024\/07\/IMG_0079-210x210.webp\" media=\"(max-width: 210px)\"><source srcset=\"https:\/\/www.palmex.fr\/wp-content\/uploads\/2024\/07\/IMG_0079-315x420.webp\" media=\"(max-width: 421px)\"><source srcset=\"https:\/\/www.palmex.fr\/wp-content\/uploads\/2024\/07\/IMG_0079-768x1024.webp\" media=\"(max-width: 1025px)\"><source srcset=\"https:\/\/www.palmex.fr\/wp-content\/uploads\/2024\/07\/IMG_0079-768x1024.webp\" media=\"(max-width: 1537px)\"><source srcset=\"https:\/\/www.palmex.fr\/wp-content\/uploads\/2024\/07\/IMG_0079.webp\" media=\"(max-width: 1921px)\"><img decoding=\"async\" width=\"420\" height=\"210\" src=\"https:\/\/www.palmex.fr\/wp-content\/uploads\/2024\/07\/IMG_0079-210x210.webp\" alt=\"Palmex \" loading=\"lazy\" title=\"\"><\/picture><\/figure><figure class=\"fc-galerie__item\" ><picture><source srcset=\"https:\/\/www.palmex.fr\/wp-content\/uploads\/2024\/07\/IMG_0122-210x210.webp\" media=\"(max-width: 210px)\"><source srcset=\"https:\/\/www.palmex.fr\/wp-content\/uploads\/2024\/07\/IMG_0122-420x315.webp\" media=\"(max-width: 421px)\"><source srcset=\"https:\/\/www.palmex.fr\/wp-content\/uploads\/2024\/07\/IMG_0122-768x576.webp\" media=\"(max-width: 1025px)\"><source srcset=\"https:\/\/www.palmex.fr\/wp-content\/uploads\/2024\/07\/IMG_0122-1024x768.webp\" media=\"(max-width: 1537px)\"><source srcset=\"https:\/\/www.palmex.fr\/wp-content\/uploads\/2024\/07\/IMG_0122.webp\" media=\"(max-width: 1921px)\"><img decoding=\"async\" width=\"420\" height=\"210\" src=\"https:\/\/www.palmex.fr\/wp-content\/uploads\/2024\/07\/IMG_0122-210x210.webp\" alt=\"Palmex \" loading=\"lazy\" title=\"\"><\/picture><\/figure><figure class=\"fc-galerie__item\" ><picture><source srcset=\"https:\/\/www.palmex.fr\/wp-content\/uploads\/2024\/07\/IMG_03611-210x210.webp\" media=\"(max-width: 210px)\"><source srcset=\"https:\/\/www.palmex.fr\/wp-content\/uploads\/2024\/07\/IMG_03611-420x420.webp\" media=\"(max-width: 421px)\"><source srcset=\"https:\/\/www.palmex.fr\/wp-content\/uploads\/2024\/07\/IMG_03611-768x767.webp\" media=\"(max-width: 1025px)\"><source srcset=\"https:\/\/www.palmex.fr\/wp-content\/uploads\/2024\/07\/IMG_03611.webp\" media=\"(max-width: 1537px)\"><source srcset=\"https:\/\/www.palmex.fr\/wp-content\/uploads\/2024\/07\/IMG_03611.webp\" media=\"(max-width: 1921px)\"><img decoding=\"async\" width=\"420\" height=\"210\" src=\"https:\/\/www.palmex.fr\/wp-content\/uploads\/2024\/07\/IMG_03611-210x210.webp\" alt=\"Palmex \" loading=\"lazy\" title=\"\"><\/picture><\/figure><figure class=\"fc-galerie__item\" ><picture><source srcset=\"https:\/\/www.palmex.fr\/wp-content\/uploads\/2024\/07\/IMG_4625-210x210.webp\" media=\"(max-width: 210px)\"><source srcset=\"https:\/\/www.palmex.fr\/wp-content\/uploads\/2024\/07\/IMG_4625-315x420.webp\" media=\"(max-width: 421px)\"><source srcset=\"https:\/\/www.palmex.fr\/wp-content\/uploads\/2024\/07\/IMG_4625-768x1024.webp\" media=\"(max-width: 1025px)\"><source srcset=\"https:\/\/www.palmex.fr\/wp-content\/uploads\/2024\/07\/IMG_4625-768x1024.webp\" media=\"(max-width: 1537px)\"><source srcset=\"https:\/\/www.palmex.fr\/wp-content\/uploads\/2024\/07\/IMG_4625.webp\" media=\"(max-width: 1921px)\"><img decoding=\"async\" width=\"420\" height=\"210\" src=\"https:\/\/www.palmex.fr\/wp-content\/uploads\/2024\/07\/IMG_4625-210x210.webp\" alt=\"Palmex \" loading=\"lazy\" title=\"\"><\/picture><\/figure><\/div><\/div><\/div><\/div>\n\n<div class=\"fc-cover sec-00 is-fixed align-full\" style=\"\" data-bgimage=\"https:\/\/www.palmex.fr\/wp-content\/uploads\/2024\/07\/IMG_0015-1024x683.webp\" data-bgimagexs=\"https:\/\/www.palmex.fr\/wp-content\/uploads\/2024\/07\/IMG_0015-768x512.webp\"><span style=\"filter: opacity(50%);background-color:var(--vert-fonce);\"><\/span><div class=\"fc-cover__inner\" style=\"\"><p class=\"h2\" style=\"text-align: center;\"  >Candidata-te \u00e0s folhas Rioha:<\/p><div class=\"fc-boutons display-flex \" style=\"justify-content:center;\"><span class=\"fc-boutons__btn btn-contact is-style-1\">Contacta-nos<\/span><\/div><\/div><\/div>","protected":false},"excerpt":{"rendered":"<p>Folhas Rioha (tabaco) Coco (branco) ou Verde (verde) Embalagem de 72 folhas cobrindo 9 m\u00b2 com calha: As chapas ex\u00f3ticas artificiais Rioha (Rio + calha) foram concebidas para serem fixadas diretamente \u00e0s traves espa\u00e7adas a um m\u00e1ximo de 40 cm, atrav\u00e9s de um sistema patenteado. Estas chapas oferecem duas vantagens t\u00e9cnicas: uma cobertura exterior eficaz [&hellip;]<\/p>\n","protected":false},"author":2,"featured_media":0,"parent":1056,"menu_order":0,"comment_status":"closed","ping_status":"closed","template":"","meta":{"_acf_changed":false,"footnotes":""},"acf":[],"_links":{"self":[{"href":"https:\/\/www.palmex.fr\/pt-pt\/wp-json\/wp\/v2\/pages\/1481"}],"collection":[{"href":"https:\/\/www.palmex.fr\/pt-pt\/wp-json\/wp\/v2\/pages"}],"about":[{"href":"https:\/\/www.palmex.fr\/pt-pt\/wp-json\/wp\/v2\/types\/page"}],"author":[{"embeddable":true,"href":"https:\/\/www.palmex.fr\/pt-pt\/wp-json\/wp\/v2\/users\/2"}],"replies":[{"embeddable":true,"href":"https:\/\/www.palmex.fr\/pt-pt\/wp-json\/wp\/v2\/comments?post=1481"}],"version-history":[{"count":4,"href":"https:\/\/www.palmex.fr\/pt-pt\/wp-json\/wp\/v2\/pages\/1481\/revisions"}],"predecessor-version":[{"id":1513,"href":"https:\/\/www.palmex.fr\/pt-pt\/wp-json\/wp\/v2\/pages\/1481\/revisions\/1513"}],"up":[{"embeddable":true,"href":"https:\/\/www.palmex.fr\/pt-pt\/wp-json\/wp\/v2\/pages\/1056"}],"wp:attachment":[{"href":"https:\/\/www.palmex.fr\/pt-pt\/wp-json\/wp\/v2\/media?parent=1481"}],"curies":[{"name":"wp","href":"https:\/\/api.w.org\/{rel}","templated":true}]}}