{"id":1681,"date":"2025-01-29T12:14:26","date_gmt":"2025-01-29T11:14:26","guid":{"rendered":"https:\/\/www.palmex.fr\/telhados-exoticos\/asian-reed\/"},"modified":"2025-01-29T13:51:03","modified_gmt":"2025-01-29T12:51:03","slug":"asian-reed","status":"publish","type":"page","link":"https:\/\/www.palmex.fr\/pt-pt\/telhados-exoticos\/asian-reed\/","title":{"rendered":"Asian Reed"},"content":{"rendered":"<div class=\"fc-cover sec-00 is-fixed align-full\" style=\"\" data-bgimage=\"https:\/\/www.palmex.fr\/wp-content\/uploads\/2025\/01\/asian_reed_01.jpg\" data-bgimagexs=\"https:\/\/www.palmex.fr\/wp-content\/uploads\/2025\/01\/asian_reed_01.jpg\"><span style=\"filter: opacity(50%);background-color:var(--vert-fonce);\"><\/span><div class=\"fc-cover__inner\" style=\"\"><p class=\"h1\" style=\"text-align: center;\"  >Asian Reed<\/p><\/div><\/div><div class=\"colonnes\"><div class=\"colonnes__item\" style=\"align-self:center;\"><h1 class=\"h2\">Asian Reed<\/h1><h2 class=\"h3\">Descri\u00e7\u00e3o do produto :<\/h2><p  style=\"\"  >Concebida para reproduzir o aspeto e a sensa\u00e7\u00e3o da cana asi\u00e1tica tradicional, a tela Asian Reed pode ser instalada diretamente sobre coberturas existentes, tais como pain\u00e9is de madeira, telhas de asfalto, chapa met\u00e1lica ou qualquer outro painel.<\/p><\/div><div class=\"colonnes__item zoom-out\"><figure class=\"\"><picture><source srcset=\"https:\/\/www.palmex.fr\/wp-content\/uploads\/2025\/01\/asian_reed_02-210x210.jpg\" media=\"(max-width: 210px)\"><source srcset=\"https:\/\/www.palmex.fr\/wp-content\/uploads\/2025\/01\/asian_reed_02-420x277.jpg\" media=\"(max-width: 421px)\"><source srcset=\"https:\/\/www.palmex.fr\/wp-content\/uploads\/2025\/01\/asian_reed_02.jpg\" media=\"(max-width: 1025px)\"><source srcset=\"https:\/\/www.palmex.fr\/wp-content\/uploads\/2025\/01\/asian_reed_02.jpg\" media=\"(max-width: 1537px)\"><source srcset=\"https:\/\/www.palmex.fr\/wp-content\/uploads\/2025\/01\/asian_reed_02.jpg\" media=\"(max-width: 1921px)\"><img decoding=\"async\" width=\"420\" height=\"210\" src=\"https:\/\/www.palmex.fr\/wp-content\/uploads\/2025\/01\/asian_reed_02-210x210.jpg\" alt=\"Palmex \" loading=\"lazy\" title=\"\"><\/picture><\/figure><\/div><\/div><h2 class=\"h3\" style=\"text-align: center;\">Detalhes do produto :<\/h2><div class=\"colonnes\"><div class=\"colonnes__item\"><h3>Materiais<\/h3><ul    >\n<li>Fabricado em PVC (cloreto de polivinilo)<\/li>\n\n<li>Retardador de fogo (FR) equivalente \u00e0 classe (A)<\/li>\n\n<li>Prote\u00e7\u00e3o UV<\/li>\n\n<li>100% recicl\u00e1vel<\/li>\n<\/ul><\/div><div class=\"colonnes__item\"><h3>Carater\u00edsticas<\/h3><ul    >\n<li>Dimens\u00f5es: +\/- 31cm x 45cm<\/li>\n\n<li>Peso: 245g\/folha<\/li>\n\n<li>Resist\u00eancia ao vento: 160 km\/h<\/li>\n<\/ul><h3>C\u00f3digo aduaneiro<\/h3><ul    >\n<li>39.25.90<\/li>\n<\/ul><\/div><\/div><div class=\"fc-cover sec-00 is-fixed align-full\" style=\"\" data-bgimage=\"https:\/\/www.palmex.fr\/wp-content\/uploads\/2024\/07\/IMG_0015-1024x683.webp\" data-bgimagexs=\"https:\/\/www.palmex.fr\/wp-content\/uploads\/2024\/07\/IMG_0015-768x512.webp\"><span style=\"filter: opacity(50%);background-color:var(--vert-fonce);\"><\/span><div class=\"fc-cover__inner\" style=\"\"><p class=\"h2\" style=\"text-align: center;\"  >Obter o Asian Reed:<\/p><div class=\"fc-boutons display-flex \" style=\"justify-content:center;\"><span class=\"fc-boutons__btn btn-contact is-style-1\">Contacta-nos<\/span><\/div><\/div><\/div>","protected":false},"excerpt":{"rendered":"<p>Asian Reed Descri\u00e7\u00e3o do produto : Concebida para reproduzir o aspeto e a sensa\u00e7\u00e3o da cana asi\u00e1tica tradicional, a tela Asian Reed pode ser instalada diretamente sobre coberturas existentes, tais como pain\u00e9is de madeira, telhas de asfalto, chapa met\u00e1lica ou qualquer outro painel. Detalhes do produto : Materiais Carater\u00edsticas C\u00f3digo aduaneiro<\/p>\n","protected":false},"author":1,"featured_media":0,"parent":1056,"menu_order":0,"comment_status":"closed","ping_status":"closed","template":"","meta":{"_acf_changed":false,"footnotes":""},"acf":[],"_links":{"self":[{"href":"https:\/\/www.palmex.fr\/pt-pt\/wp-json\/wp\/v2\/pages\/1681"}],"collection":[{"href":"https:\/\/www.palmex.fr\/pt-pt\/wp-json\/wp\/v2\/pages"}],"about":[{"href":"https:\/\/www.palmex.fr\/pt-pt\/wp-json\/wp\/v2\/types\/page"}],"author":[{"embeddable":true,"href":"https:\/\/www.palmex.fr\/pt-pt\/wp-json\/wp\/v2\/users\/1"}],"replies":[{"embeddable":true,"href":"https:\/\/www.palmex.fr\/pt-pt\/wp-json\/wp\/v2\/comments?post=1681"}],"version-history":[{"count":3,"href":"https:\/\/www.palmex.fr\/pt-pt\/wp-json\/wp\/v2\/pages\/1681\/revisions"}],"predecessor-version":[{"id":1692,"href":"https:\/\/www.palmex.fr\/pt-pt\/wp-json\/wp\/v2\/pages\/1681\/revisions\/1692"}],"up":[{"embeddable":true,"href":"https:\/\/www.palmex.fr\/pt-pt\/wp-json\/wp\/v2\/pages\/1056"}],"wp:attachment":[{"href":"https:\/\/www.palmex.fr\/pt-pt\/wp-json\/wp\/v2\/media?parent=1681"}],"curies":[{"name":"wp","href":"https:\/\/api.w.org\/{rel}","templated":true}]}}